{"id":18564,"date":"2026-03-18T22:39:18","date_gmt":"2026-03-18T21:39:18","guid":{"rendered":"https:\/\/gltestm.webology.pl\/produkt\/elektrischer-wasserkocher-wk-1801-2\/"},"modified":"2026-03-18T22:39:18","modified_gmt":"2026-03-18T21:39:18","slug":"elektrischer-wasserkocher-wk-1801-2","status":"publish","type":"product","link":"https:\/\/gltestm.webology.pl\/de\/produkt\/elektrischer-wasserkocher-wk-1801-2\/","title":{"rendered":"Elektrischer Wasserkocher WK-1801"},"content":{"rendered":"<h2>Elektrischer Wasserkocher Lucznik WK 1801 &#8211; ein schlichter Edelstahl-Wasserkocher<strong><br \/><\/strong><\/h2>\n<p>Der Wasserkocher<strong>WK 18<\/strong> 01 hat ein Metallgeh\u00e4use aus<strong> rostfreiem Inox-Stahl<\/strong>, das ihm ein traditionelles und zugleich \u00e4u\u00dferst stilvolles Aussehen verleiht. Er f\u00fcgt sich perfekt in die Einrichtung von modern gehaltenen K\u00fcchen ein.<\/p>\n<p>Das maximale Fassungsverm\u00f6gen des Wasserkochers <strong>WK 1801<\/strong> betr\u00e4gt <strong>1,8 Liter<\/strong>, was auch die gr\u00f6\u00dften Liebhaber von Hei\u00dfgetr\u00e4nken zufrieden stellen d\u00fcrfte. <\/p>\n<p>Er verf\u00fcgt \u00fcber einen <strong>drehbaren Sockel<\/strong>, so dass Sie ihn unabh\u00e4ngig von der Einstellung bequem erreichen k\u00f6nnen. <\/p>\n<p>Der Deckel des <strong>WK<\/strong> <strong>1801-Wasserkochers<\/strong> wird bequem <strong>mit einer Taste ge\u00f6ffnet<\/strong>. Mit der Taste schalten wir auch das Erhitzen des Wassers ein. Eine Kontrollleuchte zeigt uns an, dass der Wasserkocher eingeschaltet ist und gerade arbeitet.<\/p>\n<p>Das Ger\u00e4t ist au\u00dferdem mit <strong>einer im Boden versteckten Heizung<\/strong> ausgestattet, die die Ablagerung von Kalk verlangsamt und die Reinigung erleichtert.<\/p>\n<p>Der WasserkocherWK<strong>1801 <\/strong>ist ein sehr einfacher Metallkessel, der sich ideal f\u00fcr eine einfache K\u00fcche oder ein kleines Heimb\u00fcro eignet.<\/p>\n","protected":false},"excerpt":{"rendered":"<p>Elektrischer Metall-Wasserkocher aus rostfreiem Inox-Stahl mit einem Fassungsverm\u00f6gen von 1,8 l.<\/p>\n","protected":false},"featured_media":14670,"comment_status":"open","ping_status":"closed","template":"","meta":[],"product_brand":[],"product_cat":[570],"product_tag":[],"class_list":{"0":"post-18564","1":"product","2":"type-product","3":"status-publish","4":"has-post-thumbnail","6":"product_cat-czajniki","8":"first","9":"instock","10":"taxable","11":"shipping-taxable","12":"purchasable","13":"product-type-variable"},"_links":{"self":[{"href":"https:\/\/gltestm.webology.pl\/de\/wp-json\/wp\/v2\/product\/18564","targetHints":{"allow":["GET"]}}],"collection":[{"href":"https:\/\/gltestm.webology.pl\/de\/wp-json\/wp\/v2\/product"}],"about":[{"href":"https:\/\/gltestm.webology.pl\/de\/wp-json\/wp\/v2\/types\/product"}],"replies":[{"embeddable":true,"href":"https:\/\/gltestm.webology.pl\/de\/wp-json\/wp\/v2\/comments?post=18564"}],"version-history":[{"count":0,"href":"https:\/\/gltestm.webology.pl\/de\/wp-json\/wp\/v2\/product\/18564\/revisions"}],"wp:featuredmedia":[{"embeddable":true,"href":"https:\/\/gltestm.webology.pl\/de\/wp-json\/wp\/v2\/media\/14670"}],"wp:attachment":[{"href":"https:\/\/gltestm.webology.pl\/de\/wp-json\/wp\/v2\/media?parent=18564"}],"wp:term":[{"taxonomy":"product_brand","embeddable":true,"href":"https:\/\/gltestm.webology.pl\/de\/wp-json\/wp\/v2\/product_brand?post=18564"},{"taxonomy":"product_cat","embeddable":true,"href":"https:\/\/gltestm.webology.pl\/de\/wp-json\/wp\/v2\/product_cat?post=18564"},{"taxonomy":"product_tag","embeddable":true,"href":"https:\/\/gltestm.webology.pl\/de\/wp-json\/wp\/v2\/product_tag?post=18564"}],"curies":[{"name":"wp","href":"https:\/\/api.w.org\/{rel}","templated":true}]}}