{"id":18548,"date":"2026-03-18T22:39:16","date_gmt":"2026-03-18T21:39:16","guid":{"rendered":"https:\/\/gltestm.webology.pl\/produkt\/salz-pfeffer-und-gewuerzmuehle-pm-101-weiss-2\/"},"modified":"2026-03-22T22:00:22","modified_gmt":"2026-03-22T21:00:22","slug":"salz-pfeffer-und-gewuerzmuehle-pm-101-weiss-2","status":"publish","type":"product","link":"https:\/\/gltestm.webology.pl\/de\/produkt\/salz-pfeffer-und-gewuerzmuehle-pm-101-weiss-2\/","title":{"rendered":"Salz-, Pfeffer- und Gew\u00fcrzm\u00fchle PM-101 wei\u00df"},"content":{"rendered":"<h2><strong>Salz-, Pfeffer- und Gew\u00fcrzm\u00fchle PM101 <\/strong>&#8211; Details<strong><br \/><\/strong><\/h2>\n<p><strong>Elektrische Salz-, Pfeffer- und Gew\u00fcrzm\u00fchle PM101, wei\u00df<\/strong>, mit <strong>keramischem <\/strong><strong> Mahlwerk <\/strong> und<strong> einstellbarer Mahlst\u00e4rke <\/strong> der Gew\u00fcrze<strong>. <\/strong><\/p>\n<p><strong>Die M\u00fchle<\/strong> ist ideal zum Mahlen von Salz, Pfeffer, Koriander und anderen Gew\u00fcrzen. Sie ist<strong> in verschiedenen Farben erh\u00e4ltlich: <\/strong>orange, gelb, gr\u00fcn, rosa, blau, rot, schwarz, Vanille, Schokolade und lila. Das elegante und stilvolle Design f\u00fcgt sich perfekt in den Hintergrund unserer K\u00fcche ein.<\/p>\n<p>DiePM101<strong>Salz-, Pfeffer- und Gew\u00fcrzm\u00fchle<\/strong> wird mit einer <strong>24-monatigen Garantie<\/strong> und einer <strong>Anleitung in polnischer Sprache<\/strong> geliefert, die vor der Verwendung des Ger\u00e4ts gelesen werden sollte.  <\/p>\n","protected":false},"excerpt":{"rendered":"<p>Die Salz-, Pfeffer- und Gew\u00fcrzm\u00fchle PM101 ist perfekt zum Mahlen von Salz, Pfeffer, Koriander und anderen Gew\u00fcrzen. Die M\u00fchle ist in verschiedenen Farben erh\u00e4ltlich und hat ein Keramikwerk mit einstellbarer Mahlst\u00e4rke<\/p>\n","protected":false},"featured_media":14248,"comment_status":"open","ping_status":"closed","template":"","meta":[],"product_brand":[],"product_cat":[590],"product_tag":[],"class_list":{"0":"post-18548","1":"product","2":"type-product","3":"status-publish","4":"has-post-thumbnail","6":"product_cat-mlynki","8":"first","9":"instock","10":"taxable","11":"shipping-taxable","12":"purchasable","13":"product-type-variable"},"_links":{"self":[{"href":"https:\/\/gltestm.webology.pl\/de\/wp-json\/wp\/v2\/product\/18548","targetHints":{"allow":["GET"]}}],"collection":[{"href":"https:\/\/gltestm.webology.pl\/de\/wp-json\/wp\/v2\/product"}],"about":[{"href":"https:\/\/gltestm.webology.pl\/de\/wp-json\/wp\/v2\/types\/product"}],"replies":[{"embeddable":true,"href":"https:\/\/gltestm.webology.pl\/de\/wp-json\/wp\/v2\/comments?post=18548"}],"version-history":[{"count":0,"href":"https:\/\/gltestm.webology.pl\/de\/wp-json\/wp\/v2\/product\/18548\/revisions"}],"wp:featuredmedia":[{"embeddable":true,"href":"https:\/\/gltestm.webology.pl\/de\/wp-json\/wp\/v2\/media\/14248"}],"wp:attachment":[{"href":"https:\/\/gltestm.webology.pl\/de\/wp-json\/wp\/v2\/media?parent=18548"}],"wp:term":[{"taxonomy":"product_brand","embeddable":true,"href":"https:\/\/gltestm.webology.pl\/de\/wp-json\/wp\/v2\/product_brand?post=18548"},{"taxonomy":"product_cat","embeddable":true,"href":"https:\/\/gltestm.webology.pl\/de\/wp-json\/wp\/v2\/product_cat?post=18548"},{"taxonomy":"product_tag","embeddable":true,"href":"https:\/\/gltestm.webology.pl\/de\/wp-json\/wp\/v2\/product_tag?post=18548"}],"curies":[{"name":"wp","href":"https:\/\/api.w.org\/{rel}","templated":true}]}}