{"id":18544,"date":"2026-03-18T22:39:16","date_gmt":"2026-03-18T21:39:16","guid":{"rendered":"https:\/\/gltestm.webology.pl\/produkt\/elektrischer-wasserkocher-wk-2502-compact-glas-12-l\/"},"modified":"2026-03-22T22:00:19","modified_gmt":"2026-03-22T21:00:19","slug":"elektrischer-wasserkocher-wk-2502-compact-glas-12-l","status":"publish","type":"product","link":"https:\/\/gltestm.webology.pl\/de\/produkt\/elektrischer-wasserkocher-wk-2502-compact-glas-12-l\/","title":{"rendered":"Elektrischer Wasserkocher WK-2502 Compact Glas 1,2 l"},"content":{"rendered":"<p>Sind Sie auf der Suche nach einem Wasserkocher, der nicht nur gut aussieht, sondern auch seine Funktionen perfekt erf\u00fcllt? Der Wasserkocher <strong>\u0141ucznik WK-2502 Compact Glass<\/strong> ist nicht nur eine Kombination aus <strong>Eleganz<\/strong> und <strong>Funktionalit\u00e4t<\/strong>, sondern auch Ausdruck einer au\u00dfergew\u00f6hnlichen Sorgfalt f\u00fcr Ihren <strong>Komfort<\/strong> und Ihre <strong>Sicherheit<\/strong> bei der t\u00e4glichen Zubereitung von Tee oder Kaffee. Sein <strong>elegantes Design<\/strong> verleiht Ihrer K\u00fcche nicht nur Charme, sondern macht auch die Zubereitung Ihrer Lieblingsgetr\u00e4nke zu einem wahren Vergn\u00fcgen.<\/p>\n<h2>Die wichtigsten Eigenschaften des WK-2502 Compact Glas-Wasserkochers<\/h2>\n<ul>\n<li>Farbe: <strong>Wei\u00df<\/strong><\/li>\n<li>Leistung: <strong>1630 W<\/strong><\/li>\n<li>Fassungsverm\u00f6gen: <strong>1,2 Liter<\/strong><\/li>\n<li>L\u00e4nge des Kabels: <strong>70 cm<\/strong><\/li>\n<li>Aufbewahrung des Kabels<\/li>\n<li><strong>Hitzebest\u00e4ndiger Glask\u00f6rper<\/strong> &#8211; <strong>Boro-Silikatglas<\/strong>. Langlebig und schmutzabweisend<\/li>\n<li><strong>Verdecktes<\/strong>, <strong>flaches<\/strong> Heizelement <strong>aus rostfreiem Stahl<\/strong><\/li>\n<li><strong>Wasserstandsanzeige<\/strong><\/li>\n<li><strong>Herausnehmbarer<\/strong> Anti-Kalk-Filter<\/li>\n<li><strong>Doppeltes Sicherheitssystem<\/strong><\/li>\n<li><strong>Automatische Abschaltung nach dem Aufkochen<\/strong><\/li>\n<li><strong>Trockenkochschutz<\/strong> <\/li>\n<li>Automatisches \u00d6ffnen des Deckels<\/li>\n<li>360\u00b0 drehbarer Sockel<\/li>\n<li><strong>Blaue LED-Hintergrundbeleuchtung<\/strong><\/li>\n<\/ul>\n<h2>Eleganz trifft Funktionalit\u00e4t<\/h2>\n<p>Stellen Sie sich einen eleganten <strong>elektrischen Wasserkocher<\/strong> vor, der sich nahtlos in <strong>jeden K\u00fcchenstil<\/strong> einf\u00fcgt und ihm Charme und Klasse verleiht. Unser WK-2502 Compact Glass Wasserkocher ist nicht nur ein Ger\u00e4t f\u00fcr die Zubereitung Ihrer Lieblingsgetr\u00e4nke, sondern auch ein einzigartiges Dekorationselement f\u00fcr Ihre K\u00fcche.<\/p>\n<h2>Langlebige Robustheit<\/h2>\n<p>Mit seinem <strong>hitzebest\u00e4ndigen Glask\u00f6rper<\/strong> sieht unser Wasserkocher nicht nur au\u00dfergew\u00f6hnlich aus, sondern ist auch extrem <strong>langlebig<\/strong> und <strong>widerstandsf\u00e4hig gegen Flecken<\/strong>. Entdecken Sie einen Wasserkocher, der nicht nur jahrelang h\u00e4lt, sondern auch unabh\u00e4ngig von den Nutzungsbedingungen sein elegantes Aussehen bewahrt.<\/p>\n<h2>Sicherheit geht vor<\/h2>\n<p>Dank des <strong>doppelten Sicherheitssystems<\/strong> ist die Verwendung unseres WK-2502 Compact Glass Wasserkochers sicher und komfortabel. Dank der <strong>automatischen Abschaltung, wenn das Wasser kocht<\/strong>, und des <strong>Trockenkochschutzes<\/strong> k\u00f6nnen Sie Ihr Lieblingsgetr\u00e4nk genie\u00dfen, ohne sich um die Sicherheit Ihres Haushalts oder Ihrer Person sorgen zu m\u00fcssen.<\/p>\n<h2>1,2 Liter Fassungsverm\u00f6gen<\/h2>\n<p>Mit einem Fassungsverm\u00f6gen von <strong>1,2 Litern<\/strong> ist unser Wasserkocher der perfekte Begleiter f\u00fcr die t\u00e4gliche Zubereitung von Tee oder Kaffee. Mit diesem Fassungsverm\u00f6gen k\u00f6nnen Sie ein aromatisches Gebr\u00e4u <strong>f\u00fcr die ganze Familie<\/strong> zubereiten oder <strong>Freunde auf einen Kaffee<\/strong> einladen, denn Sie k\u00f6nnen sicher sein, dass der Wasserkocher ihren Durst stillen wird.<\/p>\n<p>Zur Veranschaulichung: <strong>1,2 Liter Wasser reichen f\u00fcr etwa 4-5 Tassen Tee<\/strong> oder <strong>Kaffee<\/strong>, oder sogar noch mehr, wenn Sie einen milderen Geschmack m\u00f6gen und Ihr Getr\u00e4nk mit Wasser verd\u00fcnnen. Auf diese Weise wird Ihnen nie das hei\u00dfe Getr\u00e4nk ausgehen, wenn Sie sich und Ihre Lieben verw\u00f6hnen wollen.<\/p>\n<h2>Klares und sauberes Wasser<\/h2>\n<p>Der<strong>herausnehmbare<\/strong> <strong>Anti-Kalk-Filter<\/strong> sorgt f\u00fcr <strong>sauberes<\/strong> und <strong>klares<\/strong> Wasser. Dank der einfachen Reinigung bleibt Ihr <strong>Lucznik-Wasserkocher<\/strong> schnell und einfach in tadellosem Zustand.<\/p>\n<h2>Elegante blaue LED-Beleuchtung<\/h2>\n<p><strong>Die blaue LED-Hintergrundbeleuchtung<\/strong> verleiht dem Wasserkocher <strong>Eleganz<\/strong> und macht seine Benutzung noch angenehmer.<\/p>\n<h2>Verdecktes flaches Heizelement<\/h2>\n<p>Dank des <strong>verdeckten<\/strong> <strong>flachen<\/strong> Heizelements <strong>aus Edelstahl<\/strong> ist der Wasserkocher leicht zu <strong>reinigen<\/strong> und <strong>zu pflegen<\/strong>.<\/p>\n<h2>Bequemer 360\u00b0-Schwenkfu\u00df<\/h2>\n<p>Der um 360\u00b0 drehbare Sockel macht die <strong>Handhabung<\/strong> des Wasserkochers besonders <strong>einfach<\/strong> und <strong>bequem<\/strong>.<\/p>\n<h2>Praktische Kabelhalterung<\/h2>\n<p>Die Kabelaufbewahrung sorgt f\u00fcr Ordnung auf Ihrer K\u00fcchenarbeitsplatte und macht die Aufbewahrung des Wasserkochers bequem und \u00e4sthetisch ansprechend.<\/p>\n<h2>Nat\u00fcrliche Entkalkung f\u00fcr eine l\u00e4ngere Lebensdauer<\/h2>\n<p>Reinigen Sie das Sieb einfach regelm\u00e4\u00dfig mit nat\u00fcrlichen Produkten wie <strong>Essig<\/strong> oder <strong>Zitrone<\/strong>, um Kalkablagerungen zu entfernen und Ihren Wasserkocher \u00fcber Jahre hinweg in einwandfreiem Zustand zu halten. Auf diese Weise ist Ihr Wasserkocher immer bereit, Ihr Lieblingsgetr\u00e4nk zuzubereiten. Er beh\u00e4lt seine <strong>Effizienz<\/strong> und <strong>Eleganz<\/strong> und sorgt daf\u00fcr, dass Sie jeden Morgen mit einem aromatischen Tee oder Kaffee beginnen k\u00f6nnen, ohne dass es zu Problemen kommt.<\/p>\n<p>Bestellen Sie jetzt unseren \u0141ucznik WK-2502 Compact Glas-Wasserkocher und genie\u00dfen Sie Eleganz und Funktionalit\u00e4t bei Ihren t\u00e4glichen Tee- oder Kaffeezubereitungsritualen!<\/p>\n","protected":false},"excerpt":{"rendered":"<p>Kompakter Wasserkocher mit einer Leistung von 1630 Watt. Fassungsverm\u00f6gen 1,2 Liter. Geh\u00e4use aus Boro-Silikatglas. Herausnehmbarer Kalkfilter. INOX-Flachheizk\u00f6rper. Automatische Abschaltung. Doppeltes Sicherheitssystem.<\/p>\n","protected":false},"featured_media":15025,"comment_status":"open","ping_status":"closed","template":"","meta":[],"product_brand":[],"product_cat":[570],"product_tag":[],"class_list":{"0":"post-18544","1":"product","2":"type-product","3":"status-publish","4":"has-post-thumbnail","6":"product_cat-czajniki","8":"first","9":"instock","10":"taxable","11":"shipping-taxable","12":"purchasable","13":"product-type-variable"},"_links":{"self":[{"href":"https:\/\/gltestm.webology.pl\/de\/wp-json\/wp\/v2\/product\/18544","targetHints":{"allow":["GET"]}}],"collection":[{"href":"https:\/\/gltestm.webology.pl\/de\/wp-json\/wp\/v2\/product"}],"about":[{"href":"https:\/\/gltestm.webology.pl\/de\/wp-json\/wp\/v2\/types\/product"}],"replies":[{"embeddable":true,"href":"https:\/\/gltestm.webology.pl\/de\/wp-json\/wp\/v2\/comments?post=18544"}],"version-history":[{"count":0,"href":"https:\/\/gltestm.webology.pl\/de\/wp-json\/wp\/v2\/product\/18544\/revisions"}],"wp:featuredmedia":[{"embeddable":true,"href":"https:\/\/gltestm.webology.pl\/de\/wp-json\/wp\/v2\/media\/15025"}],"wp:attachment":[{"href":"https:\/\/gltestm.webology.pl\/de\/wp-json\/wp\/v2\/media?parent=18544"}],"wp:term":[{"taxonomy":"product_brand","embeddable":true,"href":"https:\/\/gltestm.webology.pl\/de\/wp-json\/wp\/v2\/product_brand?post=18544"},{"taxonomy":"product_cat","embeddable":true,"href":"https:\/\/gltestm.webology.pl\/de\/wp-json\/wp\/v2\/product_cat?post=18544"},{"taxonomy":"product_tag","embeddable":true,"href":"https:\/\/gltestm.webology.pl\/de\/wp-json\/wp\/v2\/product_tag?post=18544"}],"curies":[{"name":"wp","href":"https:\/\/api.w.org\/{rel}","templated":true}]}}