{"id":18540,"date":"2026-03-18T22:39:15","date_gmt":"2026-03-18T21:39:15","guid":{"rendered":"https:\/\/gltestm.webology.pl\/produkt\/elektrischer-wasserkocher-wk-2501-standard-schwarz-17-l\/"},"modified":"2026-03-18T22:39:15","modified_gmt":"2026-03-18T21:39:15","slug":"elektrischer-wasserkocher-wk-2501-standard-schwarz-17-l","status":"publish","type":"product","link":"https:\/\/gltestm.webology.pl\/de\/produkt\/elektrischer-wasserkocher-wk-2501-standard-schwarz-17-l\/","title":{"rendered":"Elektrischer Wasserkocher WK-2501 Standard Schwarz 1,7 l"},"content":{"rendered":"<h2>Einzigartiges Design f\u00fcr Ihre K\u00fcche<\/h2>\n<p>Sind Sie auf der Suche nach etwas, das Ihnen nicht nur die t\u00e4gliche Zubereitung von Hei\u00dfgetr\u00e4nken erleichtert, sondern auch Ihrer <strong>K\u00fcche Charme verleiht<\/strong>? Der Wasserkocher <strong>\u0141ucznik WK 2501 STANDARD<\/strong> ist eine Kombination aus <strong>Eleganz<\/strong> und <strong>Funktionalit\u00e4t<\/strong>. Seine Farbe macht ihn nicht nur zu einem K\u00fcchenger\u00e4t, sondern auch zu einer Inneneinrichtung.<\/p>\n<h2>Hauptmerkmale des Wasserkochers WK 2501 Standard<\/h2>\n<ul>\n<li>Farbe: Schwarz<\/li>\n<li>Leistung: <strong>1800 W<\/strong><\/li>\n<li>Fassungsverm\u00f6gen: <strong>1,7 l<\/strong><\/li>\n<li>L\u00e4nge des Kabels:<strong> 70 cm<\/strong><\/li>\n<li><strong><strong>Aufbewahrung<\/strong> des Kabels<\/strong><\/li>\n<li><strong>Cool touch<\/strong>&#8220; Sicherheitsgeh\u00e4use<\/li>\n<li><strong>Doppelte<\/strong> W\u00e4nde<\/li>\n<li>Innenw\u00e4nde<strong> aus Stahl Typ 304<\/strong><\/li>\n<li><strong>Herausnehmbarer<\/strong> <strong>Anti-Kalk-Filter<\/strong><\/li>\n<li><strong>Wasserstandsanzeige<\/strong> <\/li>\n<li><strong>Doppeltes<\/strong> <strong>Sicherheitssystem<\/strong><\/li>\n<li><strong>Automatische<\/strong> Abschaltung <strong>nach dem Siedevorgang<\/strong><\/li>\n<li><strong>Trockenkochschutz<\/strong> <\/li>\n<li><strong>Automatisches \u00d6ffnen<\/strong> des Deckels<\/li>\n<li>360\u00b0<strong>drehbarer<\/strong> Sockel<\/li>\n<li><strong>Beleuchteter<\/strong> Schalter <\/li>\n<li><strong>Zus\u00e4tzlicher<\/strong> herausnehmbarer feinmaschiger <strong>Anti-Kalk-Filter<\/strong> im Lieferumfang enthalten. <\/li>\n<\/ul>\n<h2>1800 W Leistung: schnelles und effizientes Kochen<\/h2>\n<p>Der Wasserkocher \u0141ucznik WK 2501 STANDARD zeichnet sich durch eine <strong>Leistung von 1800 W<\/strong> aus, die ein <strong>schnelles<\/strong> und <strong>effizientes<\/strong> Aufkochen des Wassers garantiert. Dank dieser hohen Leistung k\u00f6nnen Sie Ihre Lieblingsgetr\u00e4nke in <strong>wenigen Augenblicken<\/strong> genie\u00dfen, ohne lange warten zu m\u00fcssen.<\/p>\n<p>Ganz gleich, ob Sie vor der Arbeit noch schnell eine Tasse Kaffee nachf\u00fcllen oder einen hei\u00dfen Tee f\u00fcr G\u00e4ste zubereiten m\u00f6chten, die <strong>1800 W Leistung des Wasserkochers \u0141UCZNIK WK 2501<\/strong> macht das Kochen schnell, einfach und bequem.<\/p>\n<h2>Optimales Fassungsverm\u00f6gen: 1,7 Liter<\/h2>\n<p>Mit einem Fassungsverm\u00f6gen <strong>von 1,7 Lit<\/strong>ern ist der WK-2501-Wasserkocher nicht nur ideal f\u00fcr <strong>Partys <\/strong>oder <strong>Familienfeiern<\/strong>, sondern auch f\u00fcr den <strong>t\u00e4glichen Gebrauch<\/strong>.<\/p>\n<p>Das Fassungsverm\u00f6gen von<strong>1,7 Litern<\/strong> entspricht etwa <strong>6 Standardtassen<\/strong> oder <strong>-gl\u00e4sern<\/strong>. So k\u00f6nnen Sie problemlos <strong>mehrere G\u00e4ste<\/strong> bewirten oder den Durst der ganzen Familie stillen, ohne h\u00e4ufig nachf\u00fcllen zu m\u00fcssen.<\/p>\n<h2>Zuverl\u00e4ssig und sicher<\/h2>\n<p>Der Wasserkocher \u0141ucznik WK-2501 STANDARD ist ein Garant f\u00fcr <strong>hohe Qualit\u00e4t<\/strong> und <strong>Sicherheit<\/strong>. Dank des <strong>doppelten Sicherheitssystems<\/strong>, der <strong>automatischen<\/strong> Deckel\u00f6ffnung und der <strong>Wasserstandsanzeige<\/strong> k\u00f6nnen Sie dieses Ger\u00e4t beruhigt benutzen. Sicher, praktisch und stilvoll &#8211; alles, was Sie brauchen, in einem Produkt.<\/p>\n<h2>&#8222;Cool Touch&#8220;-Geh\u00e4use<\/h2>\n<p>Dank des <strong>innovativen Cool-Touch&#8220;-Geh\u00e4uses<\/strong> mit seinen doppelten W\u00e4nden garantiert der WK-2501-Wasserkocher nicht nur Sicherheit, sondern auch au\u00dfergew\u00f6hnlichen Benutzerkomfort.<\/p>\n<p>Die Innenw\u00e4nde des Wasserkochers bestehen aus hochwertigem Stahl des Typs 304 f\u00fcr Langlebigkeit und Korrosionsbest\u00e4ndigkeit, die Au\u00dfenw\u00e4nde aus hochwertigem Kunststoff f\u00fcr W\u00e4rmeisolierung und Verbrennungsschutz.<\/p>\n<p>Das &#8222;Cool-Touch&#8220;-Geh\u00e4use hilft, die <strong>Temperatur des Wassers zu halten<\/strong>. Die Zubereitung von Hei\u00dfgetr\u00e4nken ist jetzt nicht nur einfach, sondern auch sicher und angenehm.<\/p>\n<h2>Herausnehmbarer Kalkfilter<\/h2>\n<p>Der WK-2501 Standard-Wasserkocher ist mit <strong>einem herausnehmbaren Anti-Kalk-Filter<\/strong> ausgestattet, der eine wichtige Rolle f\u00fcr <strong>klares Wasser<\/strong> und eine einfache Wartung spielt. Dank des <strong>herausnehmbaren<\/strong> Filters k\u00f6nnen Sie ihn <strong>schnell<\/strong> und <strong>einfach<\/strong> von <strong>Kalkablagerungen<\/strong> und anderen Verunreinigungen befreien. <strong>Sp\u00fclen Sie den Filter<\/strong> einfach <strong>unter flie\u00dfendem<\/strong> Wasser ab oder tauchen Sie ihn in eine <strong>Essig-<\/strong> oder <strong>Zitronensaftl\u00f6sung<\/strong> und <strong>sp\u00fclen Sie ihn<\/strong> dann gr\u00fcndlich aus.<\/p>\n<h2>Verdecktes Edelstahl-Flachheizelement<\/h2>\n<p>Der Wasserkocher ist mit einem <strong>verdeckten Heizelement aus rostfreiem Stahl<\/strong> ausgestattet. Diese L\u00f6sung gew\u00e4hrleistet nicht nur <strong>Langlebigkeit<\/strong> und <strong>Leistung<\/strong>, sondern <strong>erleichtert<\/strong> auch die <strong>Reinigung des Ger\u00e4ts<\/strong>.<\/p>\n<p>Die flache Oberfl\u00e4che des Heizelements <strong>verringert das Risiko von Kalkablagerungen<\/strong>, was zu einer <strong>einfacheren<\/strong> und <strong>effektiveren<\/strong> Reinigung f\u00fchrt. Au\u00dferdem <strong>sorgt das verdeckte Design daf\u00fcr, dass der Wasserkocher \u00e4sthetisch<\/strong> ansprechend aussieht und das Innere leichter sauber zu halten ist.<\/p>\n<h2>Umweltschonende Reinigung von Wasserkocher und Filter<\/h2>\n<p>Wenn Sie die Umwelt schonen wollen, sollten Sie sich f\u00fcr umweltfreundliche <strong>Methoden zur Reinigung<\/strong> Ihres Wasserkochers und <strong>Filters<\/strong> entscheiden. Eine der wirksamsten Methoden ist die Verwendung <strong>einer L\u00f6sung aus Essig<\/strong> oder <strong>Zitronensaft<\/strong>, die <strong>nat\u00fcrliche Entkalkungsmittel<\/strong> sind.<\/p>\n<p>F\u00fcllen Sie Ihren Wasserkocher einfach <strong>mit einer Mischung aus Wasser<\/strong> und <strong>Essig<\/strong> oder <strong>Zitronensaft<\/strong>, <strong>bringen Sie ihn zum Kochen<\/strong> und lassen Sie <strong>ihn<\/strong> <strong>einige Stunden<\/strong> oder <strong>\u00fcber Nacht<\/strong> <strong>kochen<\/strong>. Vergessen Sie nicht, den Wasserkocher und den <strong>Filter<\/strong> gr\u00fcndlich <strong>auszusp\u00fclen<\/strong>. Wenn Sie Ihr <strong>Ger\u00e4t<\/strong> <strong>regelm\u00e4\u00dfig<\/strong>, d. h. alle paar Monate, auf diese Weise reinigen, bleibt es <strong>sauber<\/strong> und <strong>effizient<\/strong>, und Sie schonen die Umwelt.<\/p>\n<h2>360\u00b0 schwenkbarer Sockel: Komfort und Benutzerfreundlichkeit<\/h2>\n<p>Der \u0141ucznik WK-2501 Standard-Wasserkocher ist mit einem <strong>um 360\u00b0 drehbaren<\/strong> Sockel ausgestattet, der die Bedienung des Ger\u00e4ts \u00e4u\u00dferst <strong>bequem<\/strong> und <strong>intuitiv<\/strong> macht. So k\u00f6nnen Sie den Wasserkocher in <strong>jeder beliebigen Ausrichtung<\/strong> auf den Sockel stellen, ihn einfach an das Stromnetz anschlie\u00dfen und <strong>bequem Wasser ein<\/strong> f\u00fcllen, ohne das gesamte Ger\u00e4t drehen zu m\u00fcssen.<\/p>\n<p>Eine \u00e4u\u00dferst <strong>praktische L\u00f6sung<\/strong>, die die Benutzung des Wasserkochers noch komfortabler und angenehmer macht und es Ihnen erm\u00f6glicht, sich auf das Wesentliche zu konzentrieren &#8211; den Genuss Ihres Lieblingsgetr\u00e4nks.<\/p>\n<h2>Kabelaufbewahrung: aufger\u00e4umt und \u00e4sthetisch ansprechend<\/h2>\n<p>Im Sockel des Wasserkochers befindet sich ein <strong>funktionelles Kabelaufbewahrungsfach mit einer L\u00e4nge von 70 cm<\/strong>, das nicht nur f\u00fcr <strong>Ordnung<\/strong> in Ihrer K\u00fcche sorgt, sondern auch <strong>f\u00fcr ein \u00e4sthetisches Erscheinungsbild des Ger\u00e4ts<\/strong>. Mit dieser L\u00f6sung k\u00f6nnen Sie <strong>Ihr \u00fcberfl\u00fcssiges Netzkabel problemlos aufbewahren<\/strong> und vermeiden so unn\u00f6tiges <strong>Durcheinander auf<\/strong> Ihrer K\u00fcchenarbeitsfl\u00e4che.<\/p>\n<p>Au\u00dferdem sieht der <strong>Wasserkocher<\/strong> durch die Aufbewahrung des Kabels <strong>ordentlich<\/strong> und <strong>elegant<\/strong> aus, was sich perfekt in <strong>jeden K\u00fcchenstil<\/strong> einf\u00fcgt. Eine <strong>praktische<\/strong> und \u00e4sthetisch ansprechende <strong>L\u00f6sung<\/strong>, die die Benutzung des Wasserkochers noch angenehmer macht.<\/p>\n<p>M\u00f6chten Sie mehr als nur einen gew\u00f6hnlichen Wasserkocher? Entscheiden Sie sich f\u00fcr \u0141UCZNIK WK-2501 STANDARD in Schwarz und bringen Sie noch heute Sauberkeit und Stil in Ihre K\u00fcche!<\/p>\n","protected":false},"excerpt":{"rendered":"<p>Eleganter Wasserkocher mit einer Leistung von 1800 Watt. 1,7 Liter Fassungsverm\u00f6gen. Cool-Touch-Sicherheitsgeh\u00e4use. Doppelwandig. Herausnehmbarer Anti-Kalk-Filter (zweiter im Lieferumfang enthalten). INOX-Flachheizk\u00f6rper. Automatische Abschaltung. Doppelt<\/p>\n","protected":false},"featured_media":12928,"comment_status":"open","ping_status":"closed","template":"","meta":[],"product_brand":[],"product_cat":[570],"product_tag":[],"class_list":{"0":"post-18540","1":"product","2":"type-product","3":"status-publish","4":"has-post-thumbnail","6":"product_cat-czajniki","8":"first","9":"instock","10":"taxable","11":"shipping-taxable","12":"purchasable","13":"product-type-variable"},"_links":{"self":[{"href":"https:\/\/gltestm.webology.pl\/de\/wp-json\/wp\/v2\/product\/18540","targetHints":{"allow":["GET"]}}],"collection":[{"href":"https:\/\/gltestm.webology.pl\/de\/wp-json\/wp\/v2\/product"}],"about":[{"href":"https:\/\/gltestm.webology.pl\/de\/wp-json\/wp\/v2\/types\/product"}],"replies":[{"embeddable":true,"href":"https:\/\/gltestm.webology.pl\/de\/wp-json\/wp\/v2\/comments?post=18540"}],"version-history":[{"count":0,"href":"https:\/\/gltestm.webology.pl\/de\/wp-json\/wp\/v2\/product\/18540\/revisions"}],"wp:featuredmedia":[{"embeddable":true,"href":"https:\/\/gltestm.webology.pl\/de\/wp-json\/wp\/v2\/media\/12928"}],"wp:attachment":[{"href":"https:\/\/gltestm.webology.pl\/de\/wp-json\/wp\/v2\/media?parent=18540"}],"wp:term":[{"taxonomy":"product_brand","embeddable":true,"href":"https:\/\/gltestm.webology.pl\/de\/wp-json\/wp\/v2\/product_brand?post=18540"},{"taxonomy":"product_cat","embeddable":true,"href":"https:\/\/gltestm.webology.pl\/de\/wp-json\/wp\/v2\/product_cat?post=18540"},{"taxonomy":"product_tag","embeddable":true,"href":"https:\/\/gltestm.webology.pl\/de\/wp-json\/wp\/v2\/product_tag?post=18540"}],"curies":[{"name":"wp","href":"https:\/\/api.w.org\/{rel}","templated":true}]}}