{"id":18532,"date":"2026-03-18T22:39:14","date_gmt":"2026-03-18T21:39:14","guid":{"rendered":"https:\/\/gltestm.webology.pl\/produkt\/zestaw-nici-do-maszyny-do-szycia-lucznik-mini-malwina-black\/"},"modified":"2026-03-22T22:00:10","modified_gmt":"2026-03-22T21:00:10","slug":"zestaw-nici-do-maszyny-do-szycia-lucznik-mini-malwina-black","status":"publish","type":"product","link":"https:\/\/gltestm.webology.pl\/de\/produkt\/zestaw-nici-do-maszyny-do-szycia-lucznik-mini-malwina-black\/","title":{"rendered":"Zestaw nici do maszyny do szycia \u0141ucznik Mini MALWINA BLACK"},"content":{"rendered":"<p><!-- ####### HEY, I AM THE SOURCE EDITOR! #########--><\/p>\n<p>Die<strong>Lucznik Minif\u00e4den<\/strong> sind ein praktisches Set von hochwertigen F\u00e4den, die in jeder N\u00e4hwerkstatt zu Hause n\u00fctzlich sind. Diese F\u00e4den wurden speziell f\u00fcr das N\u00e4hen mit der N\u00e4hmaschine entwickelt. So werden sie ideal f\u00fcr<strong> \u00c4nderungen<\/strong>, Reparaturen und<strong> N\u00e4hen von<\/strong> <strong>Kleidung<\/strong>. Das Set enth\u00e4lt <strong>6 Garnspulen<\/strong> in wundersch\u00f6nen Farben.<\/p>\n<h2>Mini Rose Garn Farbpalette<\/h2>\n<ul>\n<li>Wei\u00df: 001<\/li>\n<li>Rosa: 0113, 0311, 0614, 1301<\/li>\n<li>Lila: 0138<\/li>\n<\/ul>\n<h2>Kreativit\u00e4t ohne Grenzen<\/h2>\n<p>Auch die Lucznik-Minif\u00e4den bieten unbegrenzte kreative N\u00e4hm\u00f6glichkeiten. Dank ihrer sch\u00f6nen Farben und der optimalen Fadendrehung k\u00f6nnen Sie n\u00e4hen, ohne sich Gedanken \u00fcber Fadenbr\u00fcche machen zu m\u00fcssen. Unsere F\u00e4den fransen nicht aus und fusseln nicht. <strong>Die glatte Bindung<\/strong> erm\u00f6glicht ein freies Einf\u00e4deln durch alle F\u00fchrungen, was die Arbeit extrem geschmeidig macht.<\/p>\n<p>Jede Spule ist auf eine d\u00fcnne Kunststoffrolle gewickelt, die auf beiden Seiten mit <strong>praktischen Unterlagen <\/strong>versehen ist, um die Spule auch bei den kompliziertesten Stichen auf den Spindeln der Maschine zu stabilisieren. Mit diesen F\u00e4den k\u00f6nnen Sie Ihrer Kreativit\u00e4t freien Lauf lassen und etwas Einzigartiges schaffen!<\/p>\n<h2><strong>Zuverl\u00e4ssigkeit f\u00fcr eine lange Zeit<\/strong><\/h2>\n<p>Die F\u00e4den der Mini-Serie haben bis zu 100 Meter Wicklung auf jeder Spule, was Ihnen ein langes und zuverl\u00e4ssiges N\u00e4hen garantiert. Ganz gleich, wie lang Ihre Projekte sind, diese F\u00e4den reichen f\u00fcr stundenlange Pr\u00e4zisionsarbeit. Jetzt k\u00f6nnen Sie sich auf die Verwirklichung Ihrer Visionen konzentrieren, ohne die Arbeit mittendrin zu unterbrechen.<\/p>\n<h2><strong>Sicheres N\u00e4hen f\u00fcr Ihre Familie<\/strong><\/h2>\n<p>Sicherheit hat Priorit\u00e4t, besonders wenn es um unsere Familie geht. Deshalb sind unsere F\u00e4den ideal zum N\u00e4hen von sicheren Outfits f\u00fcr Ihre Kleinen. Sie wurden mit Blick auf Gesundheit und Komfort hergestellt und enthalten keine giftigen oder reizenden Chemikalien. Sie sind auch perfekt f\u00fcr Allergiker und Menschen mit Stoffempfindlichkeiten geeignet. Jetzt k\u00f6nnen Sie sicher sein, dass die Kleidung, die Sie n\u00e4hen, sicher ist und sich angenehm anf\u00fchlt.<\/p>\n<h2><strong>Einzigartige Farbpalette<\/strong><\/h2>\n<p>Unsere Mini-Kollektion bietet eine breite Palette von Farben, die sicher Ihre Erwartungen erf\u00fcllen werden. Wichtig ist, dass alle diese Farben bei Sonneneinstrahlung, W\u00e4sche und einigen chemischen Mitteln nicht ausbleichen. So k\u00f6nnen Sie sicher sein, dass Ihre Motive lange Zeit ihr sch\u00f6nes Aussehen behalten. Schauen Sie sich auch unsere anderen Sets an. Jetzt k\u00f6nnen Sie das N\u00e4hen noch aufregender und befriedigender gestalten!<\/p>\n","protected":false},"excerpt":{"rendered":"<p>Set mit bunten F\u00e4den f\u00fcr N\u00e4hmaschinen. Bequeme, stabile Spulen mit einer L\u00e4nge von 100 m. Material der Herstellung: 100% Polyester. Typ 120.<\/p>\n","protected":false},"featured_media":15897,"comment_status":"open","ping_status":"closed","template":"","meta":[],"product_brand":[],"product_cat":[710],"product_tag":[],"class_list":{"0":"post-18532","1":"product","2":"type-product","3":"status-publish","4":"has-post-thumbnail","6":"product_cat-nici-do-maszyn","8":"first","9":"instock","10":"taxable","11":"shipping-taxable","12":"purchasable","13":"product-type-variable"},"_links":{"self":[{"href":"https:\/\/gltestm.webology.pl\/de\/wp-json\/wp\/v2\/product\/18532","targetHints":{"allow":["GET"]}}],"collection":[{"href":"https:\/\/gltestm.webology.pl\/de\/wp-json\/wp\/v2\/product"}],"about":[{"href":"https:\/\/gltestm.webology.pl\/de\/wp-json\/wp\/v2\/types\/product"}],"replies":[{"embeddable":true,"href":"https:\/\/gltestm.webology.pl\/de\/wp-json\/wp\/v2\/comments?post=18532"}],"version-history":[{"count":0,"href":"https:\/\/gltestm.webology.pl\/de\/wp-json\/wp\/v2\/product\/18532\/revisions"}],"wp:featuredmedia":[{"embeddable":true,"href":"https:\/\/gltestm.webology.pl\/de\/wp-json\/wp\/v2\/media\/15897"}],"wp:attachment":[{"href":"https:\/\/gltestm.webology.pl\/de\/wp-json\/wp\/v2\/media?parent=18532"}],"wp:term":[{"taxonomy":"product_brand","embeddable":true,"href":"https:\/\/gltestm.webology.pl\/de\/wp-json\/wp\/v2\/product_brand?post=18532"},{"taxonomy":"product_cat","embeddable":true,"href":"https:\/\/gltestm.webology.pl\/de\/wp-json\/wp\/v2\/product_cat?post=18532"},{"taxonomy":"product_tag","embeddable":true,"href":"https:\/\/gltestm.webology.pl\/de\/wp-json\/wp\/v2\/product_tag?post=18532"}],"curies":[{"name":"wp","href":"https:\/\/api.w.org\/{rel}","templated":true}]}}