{"id":18528,"date":"2026-03-18T22:39:14","date_gmt":"2026-03-18T21:39:14","guid":{"rendered":"https:\/\/gltestm.webology.pl\/produkt\/elektrischer-wasserkocher-mit-temperaturregelung-wk-2020-weiss-2\/"},"modified":"2026-03-22T22:00:06","modified_gmt":"2026-03-22T21:00:06","slug":"elektrischer-wasserkocher-mit-temperaturregelung-wk-2020-weiss-2","status":"publish","type":"product","link":"https:\/\/gltestm.webology.pl\/de\/produkt\/elektrischer-wasserkocher-mit-temperaturregelung-wk-2020-weiss-2\/","title":{"rendered":"Elektrischer Wasserkocher mit Temperaturregelung WK-2020 wei\u00df"},"content":{"rendered":"<h2><strong>Der perfekte Geschmack Ihres Getr\u00e4nks<\/strong><\/h2>\n<p>Jeder <strong>Tee-<\/strong> oder <strong>Kaffeeliebhaber<\/strong> wei\u00df, dass die <strong>Temperatur<\/strong> f\u00fcr den <strong>Geschmack des Getr\u00e4n<\/strong>ks von gro\u00dfer Bedeutung ist. Der Wasserkocher Lucznik WK-2020 mit <strong>Temperaturregelung<\/strong> ist der Schl\u00fcssel f\u00fcr den perfekten Geschmack Ihres Lieblingsgetr\u00e4nks. Dank ihm k\u00f6nnen Sie <strong>Tee<\/strong>, <strong>Kaffee<\/strong> oder sogar <strong>Kr\u00e4uter<\/strong> mit einer perfekt<strong> eingestellten Temperatur<\/strong> aufbr\u00fchen, was ein unvergessliches Geschmackserlebnis garantiert. Jetzt wird Ihr Getr\u00e4nk noch besser schmecken als zuvor!<\/p>\n<p><img fetchpriority=\"high\" decoding=\"async\" src=\"\/data\/include\/cms\/.product\/1\/8\/1781\/1.jpg\" width=\"768\" height=\"480\" \/><\/p>\n<h2><strong>Wesentliche Merkmale<\/strong><\/h2>\n<ul>\n<li><strong>Glasart<\/strong>: <strong>Borosilikatglas<\/strong>, das Haltbarkeit und Reinheit garantiert<\/li>\n<li><strong>Heizelement<\/strong>: <strong>versteckt<\/strong>, f\u00fcr Sicherheit und \u00c4sthetik<\/li>\n<li><strong>Wasserfilter<\/strong>: <strong>ja<\/strong>, f\u00fcr eine hervorragende Getr\u00e4nkequalit\u00e4t<\/li>\n<li>\u00d6ffnen<strong>des<\/strong> Deckels: <strong>Knopf<\/strong>, schneller und bequemer Zugang<\/li>\n<li><strong>Wasserstandsanzeige<\/strong>: ja, Kontrolle der Wassermenge ohne \u00d6ffnen des Deckels<\/li>\n<li><strong>Tonsignal<\/strong>: <strong>ja<\/strong>, Benachrichtigung, dass das Getr\u00e4nk fertig ist<\/li>\n<li><strong>Drehbarer Sockel<\/strong>: <strong>ja<\/strong>, f\u00fcr einfachen Zugriff von beiden Seiten<\/li>\n<li><strong>LED-Hintergrundbeleuchtung<\/strong>: <strong>ja<\/strong>, elegant und n\u00fctzlich<\/li>\n<li><strong>Temperaturregelung<\/strong>: <strong>ja<\/strong>, Bereich von 60\u00b0C bis 100\u00b0C, f\u00fcr verschiedene Getr\u00e4nke<\/li>\n<li><strong>Leistung<\/strong>: <strong>1800-2200 W<\/strong>, schnelles Aufkochen von Wasser<\/li>\n<li><strong>Fassungsverm\u00f6gen des Tanks<\/strong>: <strong>1,8 l<\/strong>, f\u00fcr mehrere Tassen eines perfekten Getr\u00e4nks<\/li>\n<\/ul>\n<p> <img decoding=\"async\" src=\"\/data\/include\/cms\/.product\/1\/8\/1781\/6.jpg\" alt=\"czajnik elektryczny wk-2020\" width=\"768\" height=\"480\" \/><\/p>\n<h2><strong>Pr\u00e4zise Temperaturregelung<\/strong><\/h2>\n<p>Finden Sie Ihren perfekten Geschmackspunkt mit der<strong> Temperaturregelung<\/strong> des WK-2020 Wasserkochers. Jetzt k\u00f6nnen Sie Tee, Yerba Mate, gr\u00fcnen Tee oder aromatische Kr\u00e4uter in ihrer vollen Brillanz genie\u00dfen. Er ist nicht nur ein Wasserkocher, sondern Ihr pers\u00f6nlicher Barista, der sich ganz auf Ihre Vorlieben einstellt.<\/p>\n<p>Das<strong>Temperaturwahlfeld<\/strong> macht den Vorgang denkbar einfach. Ber\u00fchren Sie die <strong>Ein\/Aus-Taste<\/strong> und halten Sie sie<strong> 3 Sekunden<\/strong> lang gedr\u00fcckt, um die <strong>Temperaturhaltefunktion<\/strong> zu aktivieren. So bleibt Ihr Wasser perfekt warm, bis Sie Ihr Lieblingsgetr\u00e4nk zubereiten m\u00f6chten. Jede <strong>Temperatur<\/strong> hat ihren eigenen, einzigartigen<strong> Farbton.<\/strong><\/p>\n<p><strong><img decoding=\"async\" src=\"\/data\/include\/cms\/.product\/5\/5\/1155\/5.jpg\" alt=\"regulacja temperatury\" width=\"768\" height=\"480\" \/><br \/><\/strong><\/p>\n<h2><strong>Bequemes und funktionelles Design<\/strong><\/h2>\n<p>Das <strong>elegante Design<\/strong> ist nicht nur ein echter Hingucker, sondern erf\u00fcllt auch alle Ihre Bed\u00fcrfnisse. <\/p>\n<p><strong>Der eingebaute<\/strong> <strong>Wasserfilter<\/strong> verbessert die <strong>Qualit\u00e4t<\/strong> Ihres Getr\u00e4nks, indem er unerw\u00fcnschte <strong>Verunreinigungen<\/strong> eliminiert. Dank des gro\u00dfen Fassungsverm\u00f6gens des Tanks<strong>(1,8 l<\/strong>) k\u00f6nnen Sie bis zu <strong>6-7 Tassen<\/strong> zubereiten, was ideal f\u00fcr Treffen mit Freunden oder der Familie ist.<\/p>\n<p>Das Ganze steht auf einem <strong>360-Grad-Drehfu\u00df<\/strong>, so dass Sie ihn bequem von beiden Seiten benutzen k\u00f6nnen. Und die <strong>einfache Reinigung macht<\/strong> den Wasserkocher noch benutzerfreundlicher. <\/p>\n<p> <img loading=\"lazy\" decoding=\"async\" src=\"\/data\/include\/cms\/.product\/1\/8\/1781\/14.jpg\" alt=\"czajnik elektryczny wk-2020\" width=\"768\" height=\"480\" \/><\/p>\n<h2><strong>Ihr wichtigstes Werkzeug f\u00fcr perfekte Getr\u00e4nke<\/strong><\/h2>\n<p>Der Wasserkocher WK-2020 ist ein <strong>unverzichtbarer Begleiter<\/strong> f\u00fcr entspannte Momente und gesellige Stunden mit Ihren Lieben. Seine Funktionen erm\u00f6glichen es Ihnen, den <strong>perfekten Geschmack von<\/strong> Getr\u00e4nken zu genie\u00dfen, ganz nach Ihrem Geschmack.<\/p>\n<p><strong>Pr\u00e4zise<\/strong> Temperaturregelung, <strong>funktionelles<\/strong> Design, <strong>hohe Qualit\u00e4t<\/strong> und 24 Monate Garantie sind nur einige der Vorteile dieses Ger\u00e4ts. Jetzt k\u00f6nnen Sie mit Stolz Tee, Kaffee und andere Getr\u00e4nke servieren, die Ihre G\u00e4ste begeistern werden.<\/p>\n<p>Wasserkocher WK-2020 &#8211; ist mehr als ein Ger\u00e4t. Er ist Ihr Werkzeug, um unvergessliche Geschmackserlebnisse zu schaffen.<\/p>\n<p><img loading=\"lazy\" decoding=\"async\" src=\"\/data\/include\/cms\/.product\/1\/8\/1781\/19.jpg\" alt=\"czajnik elektryczny wk-2020\" width=\"768\" height=\"480\" \/><\/p>\n","protected":false},"excerpt":{"rendered":"<p>Der temperaturgeregelte Wasserkocher WK-2020 verf\u00fcgt \u00fcber eine n\u00fctzliche Warmhaltefunktion sowie ein Bedienfeld zur Auswahl der optimalen Temperatur f\u00fcr Ihr Getr\u00e4nk (bunte LED-Hintergrundbeleuchtung). So wird Ihr Lieblingsgetr\u00e4nk perfekt schmecken!<\/p>\n","protected":false},"featured_media":15762,"comment_status":"open","ping_status":"closed","template":"","meta":[],"product_brand":[],"product_cat":[570],"product_tag":[],"class_list":{"0":"post-18528","1":"product","2":"type-product","3":"status-publish","4":"has-post-thumbnail","6":"product_cat-czajniki","8":"first","9":"outofstock","10":"taxable","11":"shipping-taxable","12":"purchasable","13":"product-type-variable"},"_links":{"self":[{"href":"https:\/\/gltestm.webology.pl\/de\/wp-json\/wp\/v2\/product\/18528","targetHints":{"allow":["GET"]}}],"collection":[{"href":"https:\/\/gltestm.webology.pl\/de\/wp-json\/wp\/v2\/product"}],"about":[{"href":"https:\/\/gltestm.webology.pl\/de\/wp-json\/wp\/v2\/types\/product"}],"replies":[{"embeddable":true,"href":"https:\/\/gltestm.webology.pl\/de\/wp-json\/wp\/v2\/comments?post=18528"}],"version-history":[{"count":0,"href":"https:\/\/gltestm.webology.pl\/de\/wp-json\/wp\/v2\/product\/18528\/revisions"}],"wp:featuredmedia":[{"embeddable":true,"href":"https:\/\/gltestm.webology.pl\/de\/wp-json\/wp\/v2\/media\/15762"}],"wp:attachment":[{"href":"https:\/\/gltestm.webology.pl\/de\/wp-json\/wp\/v2\/media?parent=18528"}],"wp:term":[{"taxonomy":"product_brand","embeddable":true,"href":"https:\/\/gltestm.webology.pl\/de\/wp-json\/wp\/v2\/product_brand?post=18528"},{"taxonomy":"product_cat","embeddable":true,"href":"https:\/\/gltestm.webology.pl\/de\/wp-json\/wp\/v2\/product_cat?post=18528"},{"taxonomy":"product_tag","embeddable":true,"href":"https:\/\/gltestm.webology.pl\/de\/wp-json\/wp\/v2\/product_tag?post=18528"}],"curies":[{"name":"wp","href":"https:\/\/api.w.org\/{rel}","templated":true}]}}