{"id":18524,"date":"2026-03-18T22:39:13","date_gmt":"2026-03-18T21:39:13","guid":{"rendered":"https:\/\/gltestm.webology.pl\/produkt\/schwarze-aufsaetze-sg-011-fuer-schallzahnbuerste-sg-516-und-sg-515\/"},"modified":"2026-03-22T21:57:08","modified_gmt":"2026-03-22T20:57:08","slug":"schwarze-aufsaetze-sg-011-fuer-schallzahnbuerste-sg-516-und-sg-515","status":"publish","type":"product","link":"https:\/\/gltestm.webology.pl\/de\/produkt\/schwarze-aufsaetze-sg-011-fuer-schallzahnbuerste-sg-516-und-sg-515\/","title":{"rendered":"Schwarze Aufs\u00e4tze SG-011 f\u00fcr Schallzahnb\u00fcrste SG-516 und SG-515"},"content":{"rendered":"<h2><strong>Schwarze Aufs\u00e4tze <span>SG-011 <\/span>f\u00fcr Schallzahnb\u00fcrste SG- 516.<\/strong><\/h2>\n<p>Set mit zwei Spitzen <span>SG-011 <\/span>f\u00fcr Lucznik <strong>SG-516<\/strong> Reise-Schallzahnb\u00fcrste in schwarz. Sie passen auch Lucznik <strong>SG-515<\/strong> und <strong>SG-508<\/strong> Zahnb\u00fcrsten.<\/p>\n<p>Die Spitze zeichnet sich durch weiche Borsten, speziell f\u00fcr eine Schallzahnb\u00fcrste geformt, so dass Sie Ihre Z\u00e4hne und Zahnfleisch gr\u00fcndlich zu reinigen. F\u00fcr die Borsten der Zahnb\u00fcrstenaufs\u00e4tze wurden<strong> aufhellende Fasern von DUPONT<\/strong> verwendet, um ein noch wei\u00dferes und ges\u00fcnderes L\u00e4cheln zu erm\u00f6glichen.<\/p>\n<p>Die Schallzahnb\u00fcrstenaufs\u00e4tze sollten regelm\u00e4\u00dfig ausgetauscht werden, etwa <strong>alle 3 Monate<\/strong>.<\/p>\n<p>Das Set enth\u00e4lt <strong>2 St\u00fcck SG-011 Auf<\/strong>s\u00e4tze.<\/p>\n<h2><strong>Warum ist eine Schallzahnb\u00fcrste das beste Ger\u00e4t f\u00fcr die t\u00e4gliche Zahnpflege?<\/strong><\/h2>\n<p>Wenige Dinge im Erscheinungsbild eines Menschen fallen mehr ins Auge als ein breites und schneewei\u00dfes L\u00e4cheln. Doch ein sch\u00f6nes L\u00e4cheln ist in erster Linie ein gesundes L\u00e4cheln. Die Zahngesundheit wiederum erfordert viel Aufmerksamkeit und Pflege. <\/p>\n<p>Um beim Zahnarzt keine unangenehmen Worte wie &#8222;Parodontitis&#8220;, &#8222;Bohren&#8220; oder &#8222;Karies&#8220; zu h\u00f6ren, ist (neben den regelm\u00e4\u00dfigen Kontrolluntersuchungen) eine richtige und t\u00e4gliche Mundhygiene erforderlich &#8211; die Z\u00e4hne sollten gr\u00fcndlich geputzt und mit Zahnseide gereinigt werden. Auch das Reinigen der Zunge und das Sp\u00fclen des Mundes wird empfohlen. Jeder von uns scheint dies zu wissen, und dennoch treten heute bei 9 von 10 Polen Kariesprobleme auf. Das wiederum bedeutet, dass wir etwas falsch machen. <\/p>\n<p>Eine <strong>elektrische<\/strong> Zahnb\u00fcrste oder eine <strong>Schallzahnb\u00fcrste<\/strong> kann bei diesem Problem Abhilfe schaffen. <strong>Elektrische Zahnb\u00fcrsten<\/strong> sind schon seit langem auf dem Markt und daher weithin bekannt, aber <strong>die Schallzahnb\u00fcrste<\/strong> ist so etwas wie eine Neuheit, mit der wir nicht so recht etwas anzufangen wissen. Wie funktioniert also eine<strong> Schallzahnb\u00fcrste<\/strong>? Die Funktionsweise beruht auf einer Kombination von zwei Elementen: der Ausf\u00fchrung von Streichbewegungen und der Aussendung von Hochfrequenz-Schallwellen.<\/p>\n<p>Die Borsten des Ger\u00e4ts bewegen sich mit einer Geschwindigkeit von mehr als 38.000 Bewegungen pro Minute. Das ist wirklich viel &#8211; bei bekannteren elektrischen Zahnb\u00fcrsten sind es normalerweise etwa 8.000 Bewegungen pro Minute. In Verbindung mit den ausgesendeten Schallwellen entsteht so eine so genannte Aktivwolke, die man sich als eine Art &#8222;reinigendes Kraftfeld&#8220; vorstellen kann Dabei handelt es sich um einen Bereich, der sich 3-5 mm von der Spitze der Fasern aus erstreckt und eine einfache und effiziente Reinigung schwer zug\u00e4nglicher Stellen im Mund erm\u00f6glicht. <\/p>\n<p>Was ist daran so toll? Nun, <strong>eine Schallzahnb\u00fcrste<\/strong> reinigt nicht nur schwer zug\u00e4ngliche Stellen im Mund, wie die Zahnzwischenr\u00e4ume, sondern auch den Bereich um Zahnspangen herum. Sie reinigt die Z\u00e4hne sowohl von Speiseresten als auch (bei regelm\u00e4\u00dfiger Anwendung) von festen Verunreinigungen wie Zahnstein, Plaque oder Ablagerungen aus Kaffee und Tee. <\/p>\n<p>Und was ebenso wichtig ist: Dank der sanften Borsten und der schwungvollen Bewegungen f\u00fchrt das Z\u00e4hneputzen <strong>mit einem Schallger\u00e4t<\/strong> nicht zu Zahnfleischr\u00fcckgang, was besonders wichtig ist, wenn Sie \u00fcber viele Jahre ein sch\u00f6nes und nat\u00fcrliches L\u00e4cheln bewahren wollen, und au\u00dferdem k\u00f6nnen <strong>Schallzahnb\u00fcrsten<\/strong> erfolgreich von Menschen verwendet werden, die an Parodontitis leiden.<strong><br \/><\/strong><\/p>\n","protected":false},"excerpt":{"rendered":"<p>Ersatzaufs\u00e4tze f\u00fcr eine Schallzahnb\u00fcrste. Die Spitzen k\u00f6nnen in SG-516, SG-515 und SG-508 Zahnb\u00fcrsten verwendet werden<\/p>\n","protected":false},"featured_media":14104,"comment_status":"open","ping_status":"closed","template":"","meta":[],"product_brand":[],"product_cat":[675],"product_tag":[],"class_list":{"0":"post-18524","1":"product","2":"type-product","3":"status-publish","4":"has-post-thumbnail","6":"product_cat-soniczne-szczoteczki-do-zebow","8":"first","9":"instock","10":"taxable","11":"shipping-taxable","12":"purchasable","13":"product-type-variable"},"_links":{"self":[{"href":"https:\/\/gltestm.webology.pl\/de\/wp-json\/wp\/v2\/product\/18524","targetHints":{"allow":["GET"]}}],"collection":[{"href":"https:\/\/gltestm.webology.pl\/de\/wp-json\/wp\/v2\/product"}],"about":[{"href":"https:\/\/gltestm.webology.pl\/de\/wp-json\/wp\/v2\/types\/product"}],"replies":[{"embeddable":true,"href":"https:\/\/gltestm.webology.pl\/de\/wp-json\/wp\/v2\/comments?post=18524"}],"version-history":[{"count":0,"href":"https:\/\/gltestm.webology.pl\/de\/wp-json\/wp\/v2\/product\/18524\/revisions"}],"wp:featuredmedia":[{"embeddable":true,"href":"https:\/\/gltestm.webology.pl\/de\/wp-json\/wp\/v2\/media\/14104"}],"wp:attachment":[{"href":"https:\/\/gltestm.webology.pl\/de\/wp-json\/wp\/v2\/media?parent=18524"}],"wp:term":[{"taxonomy":"product_brand","embeddable":true,"href":"https:\/\/gltestm.webology.pl\/de\/wp-json\/wp\/v2\/product_brand?post=18524"},{"taxonomy":"product_cat","embeddable":true,"href":"https:\/\/gltestm.webology.pl\/de\/wp-json\/wp\/v2\/product_cat?post=18524"},{"taxonomy":"product_tag","embeddable":true,"href":"https:\/\/gltestm.webology.pl\/de\/wp-json\/wp\/v2\/product_tag?post=18524"}],"curies":[{"name":"wp","href":"https:\/\/api.w.org\/{rel}","templated":true}]}}