{"id":18520,"date":"2026-03-18T22:39:13","date_gmt":"2026-03-18T21:39:13","guid":{"rendered":"https:\/\/gltestm.webology.pl\/produkt\/spule-von-faden-farbe-blau-500-m\/"},"modified":"2026-03-22T21:54:42","modified_gmt":"2026-03-22T20:54:42","slug":"spule-von-faden-farbe-blau-500-m","status":"publish","type":"product","link":"https:\/\/gltestm.webology.pl\/de\/produkt\/spule-von-faden-farbe-blau-500-m\/","title":{"rendered":"Spule von Faden Farbe &#8211; Blau 500 m"},"content":{"rendered":"<p><strong>Polyester-N\u00e4hgarne<\/strong> geh\u00f6ren zur Grundausstattung jeder N\u00e4hwerkstatt und jedes Werkzeugkastens zu Hause. Sie sind am vielseitigsten einsetzbar, da sie <strong>eine geringe Schrumpfung<\/strong> und eine ausgezeichnete <strong>Hitzebest\u00e4ndigkeit<\/strong> aufweisen, die zum Beispiel beim B\u00fcgeln entsteht. <strong>Die Farbe des Lucznik-Fadens ist resistent gegen<\/strong> <strong>Fleckenbildung<\/strong> unter dem Einfluss von Sonnenlicht und einigen chemischen Mitteln, denen Textilien ausgesetzt sein k\u00f6nnen &#8211; zum Beispiel beim Waschen.<\/p>\n<p><strong>Archer-F\u00e4den wurden speziell f\u00fcr das N\u00e4hen auf der Maschine<\/strong> und die Belastungen, die beim Durchlaufen der verschiedenen Greifer und bei der Herstellung von Stichen entstehen, <strong>entwickelt<\/strong>. Sie haben <strong>eine optimale Drehung<\/strong>, so dass sie bei der hektischen Arbeit an jedem Material, das Ihnen in die H\u00e4nde f\u00e4llt, nicht rei\u00dfen k\u00f6nnen. <\/p>\n<p>Da sie sicher<strong>hergestellt werden<\/strong> und keine giftigen oder reizenden Chemikalien enthalten, k\u00f6nnen sie bei der Herstellung von Produkten f\u00fcr Kinder, wie Kleidung, Spielzeug, Wickelt\u00fcchern oder Decken, verwendet werden. Sie sind auch sehr n\u00fctzlich, wenn Sie ein Prinzessinnen- oder Superheldenkost\u00fcm f\u00fcr einen Faschingsball im Kindergarten n\u00e4hen wollen.<\/p>\n<p>Nat\u00fcrlich k\u00f6nnen sie auch zum Ausbessern oder Korrigieren von M\u00e4ngeln verwendet werden, die von Bekleidungsfirmen pr\u00e4sentiert werden. Aber warum sollte man sich mit solch banalen Arbeiten begn\u00fcgen? \ud83d\ude09<\/p>\n<p>Archer-Garne sind auch <strong>f\u00fcr Allergiker<\/strong> und Menschen mit Irritationen auf Graukugelstoffe <strong>geeignet<\/strong>.<\/p>\n","protected":false},"excerpt":{"rendered":"<p>Lucznik-Universalgarn, entwickelt f\u00fcr die N\u00e4hmaschine. Polyester, optimale Drehung, f\u00fcr Allergiker geeignet. Typ 120, Spulenl\u00e4nge 500 m<\/p>\n","protected":false},"featured_media":13505,"comment_status":"open","ping_status":"closed","template":"","meta":[],"product_brand":[],"product_cat":[710],"product_tag":[],"class_list":{"0":"post-18520","1":"product","2":"type-product","3":"status-publish","4":"has-post-thumbnail","6":"product_cat-nici-do-maszyn","8":"first","9":"instock","10":"taxable","11":"shipping-taxable","12":"purchasable","13":"product-type-variable"},"_links":{"self":[{"href":"https:\/\/gltestm.webology.pl\/de\/wp-json\/wp\/v2\/product\/18520","targetHints":{"allow":["GET"]}}],"collection":[{"href":"https:\/\/gltestm.webology.pl\/de\/wp-json\/wp\/v2\/product"}],"about":[{"href":"https:\/\/gltestm.webology.pl\/de\/wp-json\/wp\/v2\/types\/product"}],"replies":[{"embeddable":true,"href":"https:\/\/gltestm.webology.pl\/de\/wp-json\/wp\/v2\/comments?post=18520"}],"version-history":[{"count":0,"href":"https:\/\/gltestm.webology.pl\/de\/wp-json\/wp\/v2\/product\/18520\/revisions"}],"wp:featuredmedia":[{"embeddable":true,"href":"https:\/\/gltestm.webology.pl\/de\/wp-json\/wp\/v2\/media\/13505"}],"wp:attachment":[{"href":"https:\/\/gltestm.webology.pl\/de\/wp-json\/wp\/v2\/media?parent=18520"}],"wp:term":[{"taxonomy":"product_brand","embeddable":true,"href":"https:\/\/gltestm.webology.pl\/de\/wp-json\/wp\/v2\/product_brand?post=18520"},{"taxonomy":"product_cat","embeddable":true,"href":"https:\/\/gltestm.webology.pl\/de\/wp-json\/wp\/v2\/product_cat?post=18520"},{"taxonomy":"product_tag","embeddable":true,"href":"https:\/\/gltestm.webology.pl\/de\/wp-json\/wp\/v2\/product_tag?post=18520"}],"curies":[{"name":"wp","href":"https:\/\/api.w.org\/{rel}","templated":true}]}}