{"id":18516,"date":"2026-03-18T22:39:12","date_gmt":"2026-03-18T21:39:12","guid":{"rendered":"https:\/\/gltestm.webology.pl\/produkt\/lucznik-op-2019-2-in-1-stielstaubsauger\/"},"modified":"2026-03-22T21:58:07","modified_gmt":"2026-03-22T20:58:07","slug":"lucznik-op-2019-2-in-1-stielstaubsauger","status":"publish","type":"product","link":"https:\/\/gltestm.webology.pl\/de\/produkt\/lucznik-op-2019-2-in-1-stielstaubsauger\/","title":{"rendered":"Lucznik OP-2019 2-in-1-Stielstaubsauger"},"content":{"rendered":"<h2>OP-2019 2-in-1-Stielstaubsauger &#8211; zuverl\u00e4ssig und praktisch <\/h2>\n<p><strong>Der Lucznik OP-2019 2-in-1<\/strong> Staubsauger hat eine <strong>Leistung von 115 Watt. <\/strong>Der Fu\u00df des Lucznik OP-2019 Staubsaugers ist mit einem 135- und 180-Grad-Schwenkdesign ausgestattet, das Ihnen die M\u00f6glichkeit gibt, in verschiedenen Winkeln zu saugen und das Saugen unter M\u00f6beln und in Ecken zu erleichtern. Die LED-Beleuchtung an der B\u00fcrste leuchtet die zu reinigende Fl\u00e4che aus und erleichtert so das Saugen unter Betten oder B\u00fccherregalen. Docking-Station, in die der Staubsauger zur Aufbewahrung und zum Aufladen gestellt werden kann.<\/p>\n<h2>Die wichtigsten Merkmale des Staubsaugers OP-2019<\/h2>\n<ul>\n<li>Leistung des <strong>Staubsaugers<\/strong> &#8211; <strong>115 W<\/strong> <\/li>\n<li>Bis zu 60<strong> Minuten Dauerbetrieb<\/strong> <\/li>\n<li><strong>2 Leistungsstufen <\/strong><\/li>\n<li><strong>EPA-Filter<\/strong><\/li>\n<li>Komfortabler <strong>Klappgriff<\/strong><\/li>\n<li>Arbeitswinkel: <strong>90<\/strong> Grad, <strong>135<\/strong> Grad <strong>180<\/strong> Grad<\/li>\n<li>0.<strong>5 l Fassungsverm\u00f6gen<\/strong> <strong>Staubtank<\/strong> <strong>Staubtank<\/strong> <\/li>\n<li><strong>Beleuchtung<\/strong> Arbeitsbereich <strong>LED<\/strong><\/li>\n<li>Maximaler Ger\u00e4uschpegel <strong>80 dB<\/strong><\/li>\n<li>Stromversorgung Lithium-Ionen-Akku <strong>2000 mAh<\/strong> Kapazit\u00e4t<\/li>\n<li>Aufladezeit 4-6 Stunden<\/li>\n<li><strong>24-monatige<\/strong> Garantie<\/li>\n<\/ul>\n<h2>Standard-Ausstattung<\/h2>\n<ul>\n<li>abnehmbarer <strong>Handstaubsauger<\/strong><\/li>\n<li><strong>polsterd\u00fcse<\/strong> <\/li>\n<li><strong>fugend\u00fcse<\/strong> <\/li>\n<li><strong>netzger\u00e4t<\/strong><\/li>\n<li><strong>gebrauchsanweisung<\/strong> auf Polnisch<\/li>\n<\/ul>\n<h2>Staubsauger 2in1<\/h2>\n<p>\u0141ucznik OP-2019 2-in-1 Staubsauger hat 2 Arbeitsgeschwindigkeiten, so dass es m\u00f6glich ist, den Betrieb des Ger\u00e4tes an die aktuellen Bed\u00fcrfnisse anzupassen und auch die Arbeitszeit zu verl\u00e4ngern. Mit einer einzigen Ladung kann der Lucznik OP-2019 Staubsauger bis zu einer Stunde lang ununterbrochen arbeiten. Die Ladezeit betr\u00e4gt 4-6 Stunden.<\/p>\n<p>Der Lucznik OP-2019 2-in-1 Staubsauger ist einfach zu bedienen, sehr leicht und kompakt. Dank des praktischen Klappgriffs und der kompakten Gr\u00f6\u00dfe l\u00e4sst er sich nach dem Gebrauch einfach in einem Schrank oder einer Schublade verstauen.<\/p>\n<h2>EPA-Filter und Turbob\u00fcrste<\/h2>\n<p>Der EPA-Filter ist auswechselbar, reinigbar und wiederverwendbar. Die Turbob\u00fcrste mit spiralf\u00f6rmigen Borsten erm\u00f6glicht eine gr\u00fcndlichere und effizientere Reinigung.<\/p>\n<h2>24-monatige Garantie<\/h2>\n<p>Der Lucznik OP-2019 2-in-1-Staubsauger wird mit einer 24-monatigen Garantie geliefert. Die in der Verpackung enthaltene, zug\u00e4ngliche Bedienungsanleitung ist in Polnisch und Englisch verfasst. Die Anleitung sollte vor der ersten Benutzung des Ger\u00e4ts gelesen werden.<\/p>\n","protected":false},"excerpt":{"rendered":"<p>Der klappbare kabellose Staubsauger OP-2019 2-in-1. Der Nachfolger des bekannten und beliebten Modells OP-2018 ist mit einem st\u00e4rkeren Motor und einem gr\u00f6\u00dferen Akku ausgestattet.<\/p>\n","protected":false},"featured_media":13188,"comment_status":"open","ping_status":"closed","template":"","meta":[],"product_brand":[],"product_cat":[630],"product_tag":[],"class_list":{"0":"post-18516","1":"product","2":"type-product","3":"status-publish","4":"has-post-thumbnail","6":"product_cat-odkurzacze","8":"first","9":"instock","10":"taxable","11":"shipping-taxable","12":"purchasable","13":"product-type-variable"},"_links":{"self":[{"href":"https:\/\/gltestm.webology.pl\/de\/wp-json\/wp\/v2\/product\/18516","targetHints":{"allow":["GET"]}}],"collection":[{"href":"https:\/\/gltestm.webology.pl\/de\/wp-json\/wp\/v2\/product"}],"about":[{"href":"https:\/\/gltestm.webology.pl\/de\/wp-json\/wp\/v2\/types\/product"}],"replies":[{"embeddable":true,"href":"https:\/\/gltestm.webology.pl\/de\/wp-json\/wp\/v2\/comments?post=18516"}],"version-history":[{"count":0,"href":"https:\/\/gltestm.webology.pl\/de\/wp-json\/wp\/v2\/product\/18516\/revisions"}],"wp:featuredmedia":[{"embeddable":true,"href":"https:\/\/gltestm.webology.pl\/de\/wp-json\/wp\/v2\/media\/13188"}],"wp:attachment":[{"href":"https:\/\/gltestm.webology.pl\/de\/wp-json\/wp\/v2\/media?parent=18516"}],"wp:term":[{"taxonomy":"product_brand","embeddable":true,"href":"https:\/\/gltestm.webology.pl\/de\/wp-json\/wp\/v2\/product_brand?post=18516"},{"taxonomy":"product_cat","embeddable":true,"href":"https:\/\/gltestm.webology.pl\/de\/wp-json\/wp\/v2\/product_cat?post=18516"},{"taxonomy":"product_tag","embeddable":true,"href":"https:\/\/gltestm.webology.pl\/de\/wp-json\/wp\/v2\/product_tag?post=18516"}],"curies":[{"name":"wp","href":"https:\/\/api.w.org\/{rel}","templated":true}]}}