{"id":18512,"date":"2026-03-18T22:39:12","date_gmt":"2026-03-18T21:39:12","guid":{"rendered":"https:\/\/gltestm.webology.pl\/produkt\/luftreiniger-ap-2019-b\/"},"modified":"2026-03-22T21:58:06","modified_gmt":"2026-03-22T20:58:06","slug":"luftreiniger-ap-2019-b","status":"publish","type":"product","link":"https:\/\/gltestm.webology.pl\/de\/produkt\/luftreiniger-ap-2019-b\/","title":{"rendered":"Luftreiniger AP-2019 B"},"content":{"rendered":"<h2><strong>Luftreiniger Lucznik AP-2019<\/strong> B &#8211; atmen Sie saubere Luft!<strong><br \/><\/strong><\/h2>\n<p>Im Winter werden in einigen Orten Polens die Smognormen manchmal um mehrere hundert bis sogar mehrere tausend Prozent \u00fcberschritten. Er enth\u00e4lt viele sch\u00e4dliche Chemikalien wie Schwefeloxide, Stickstoffdioxid, Staub und krebserregende PAK, die allesamt schwere Gesundheitssch\u00e4den verursachen k\u00f6nnen. <br \/>Angesichts der Auswirkungen, die verschmutzte Luft auf unseren K\u00f6rper hat, ist es gut, daf\u00fcr zu sorgen, dass zumindest in unseren Wohnungen die Luft f\u00fcr die Gesundheit der Haushaltsmitglieder f\u00f6rderlich ist.<\/p>\n<p><strong>Der Luftreiniger AP-2019 B von Lucznik<\/strong> filtert bis zu 99,97 % der Schadstoffe aus der Luft in der Wohnung. Er hat eine <strong>CADR-Kapazit\u00e4t von 185 <\/strong><span><strong>m\u00b3\/h<\/strong>. Was bedeutet das? Das CADR-System ist ein internationaler Standard zur Messung der Effizienz von Luftreinigern. Dieser Wert gibt das tats\u00e4chliche Volumen der gefilterten Luft pro Stunde an. Ein Luftreiniger mit einer CADR von 185 <span>m\u00b3\/h kann einen Raum von <strong>etwa<\/strong><strong>46<\/strong> <strong>m2<\/strong><\/span> in einer Stunde <span>optimal filtern<\/span> <span>.<\/span><\/span><\/p>\n<p><strong>Der Luftreiniger Lucznik AP-2019 B <\/strong>ist mit einem <strong>3-stufigen Filtersystem<\/strong> ausgestattet. Die Luft, die durch den Luftreiniger str\u00f6mt, wird gefiltert durch:<\/p>\n<ul>\n<li><strong>Vorfilter<\/strong> &#8211; der die gr\u00f6\u00dften Schadstoffe wie Pollen, Staub oder Tierhaare entfernt<\/li>\n<li><strong>Aktivkohlefilter<\/strong> &#8211; er bindet fl\u00fcchtige Verbindungen wie verschiedene Ger\u00fcche, Tabakrauch oder K\u00fcchend\u00fcnste<\/li>\n<li><strong>HEPA-13-Filter<\/strong> &#8211; er ist der feinste und entfernt die kleinsten Schadstoffpartikel aus der Luft, einschlie\u00dflich Smog<\/li>\n<\/ul>\n<p>Dar\u00fcber hinaus verf\u00fcgt <strong>der Luftreiniger Lucznik AP-2019 B<\/strong> \u00fcber <strong>eine UV-C-Lampe<\/strong>, die <strong>durch die Abgabe einer<\/strong> speziellen Strahlung <strong>Bakterien, Viren und Pilze<\/strong> in der gefilterten Luft abt\u00f6tet.<\/p>\n<p>Der Vorteil des Luftreinigers Lucznik <strong>AP-2019 B <\/strong>ist auch die Ionisierung &#8211; dank der Emission von negativen Ionen wird die Wirksamkeit der Filtration erh\u00f6ht.<\/p>\n<p>Der <strong>Luftreiniger <\/strong>Lucznik AP-2019 B ist eine hervorragende L\u00f6sung f\u00fcr Allergiker. Er erm\u00f6glicht es Ihnen, Allergene wie Pollen, Staub, Milben und Hautschuppen aus der Luft zu filtern, damit Sie endlich wieder durchatmen k\u00f6nnen.<\/p>\n<p><strong>Der Luftreiniger Lucznik AP-2019 B <\/strong>ist nur f\u00fcr den Gebrauch in Innenr\u00e4umen geeignet. Er wird mit einer 24-monatigen Garantie und einer Anleitung in Polnisch und Englisch geliefert. Lesen Sie unbedingt die Anleitung, bevor Sie das Ger\u00e4t zum ersten Mal in Betrieb nehmen.<\/p>\n","protected":false},"excerpt":{"rendered":"<p>AP-2019 B Luftreiniger f\u00fcr zu Hause in schwarzer Farbe. Arbeitsbereich: 46 m2. Kapazit\u00e4t: 185 m\u00b3\/h. 3-stufiges Filtersystem. HEPA-Filter 13. UV-Lampe &#8211; C.<\/p>\n","protected":false},"featured_media":15283,"comment_status":"open","ping_status":"closed","template":"","meta":[],"product_brand":[],"product_cat":[635],"product_tag":[],"class_list":{"0":"post-18512","1":"product","2":"type-product","3":"status-publish","4":"has-post-thumbnail","6":"product_cat-oczyszczacze-powietrza","8":"first","9":"outofstock","10":"taxable","11":"shipping-taxable","12":"purchasable","13":"product-type-variable"},"_links":{"self":[{"href":"https:\/\/gltestm.webology.pl\/de\/wp-json\/wp\/v2\/product\/18512","targetHints":{"allow":["GET"]}}],"collection":[{"href":"https:\/\/gltestm.webology.pl\/de\/wp-json\/wp\/v2\/product"}],"about":[{"href":"https:\/\/gltestm.webology.pl\/de\/wp-json\/wp\/v2\/types\/product"}],"replies":[{"embeddable":true,"href":"https:\/\/gltestm.webology.pl\/de\/wp-json\/wp\/v2\/comments?post=18512"}],"version-history":[{"count":0,"href":"https:\/\/gltestm.webology.pl\/de\/wp-json\/wp\/v2\/product\/18512\/revisions"}],"wp:featuredmedia":[{"embeddable":true,"href":"https:\/\/gltestm.webology.pl\/de\/wp-json\/wp\/v2\/media\/15283"}],"wp:attachment":[{"href":"https:\/\/gltestm.webology.pl\/de\/wp-json\/wp\/v2\/media?parent=18512"}],"wp:term":[{"taxonomy":"product_brand","embeddable":true,"href":"https:\/\/gltestm.webology.pl\/de\/wp-json\/wp\/v2\/product_brand?post=18512"},{"taxonomy":"product_cat","embeddable":true,"href":"https:\/\/gltestm.webology.pl\/de\/wp-json\/wp\/v2\/product_cat?post=18512"},{"taxonomy":"product_tag","embeddable":true,"href":"https:\/\/gltestm.webology.pl\/de\/wp-json\/wp\/v2\/product_tag?post=18512"}],"curies":[{"name":"wp","href":"https:\/\/api.w.org\/{rel}","templated":true}]}}