{"id":18508,"date":"2026-03-18T22:39:11","date_gmt":"2026-03-18T21:39:11","guid":{"rendered":"https:\/\/gltestm.webology.pl\/produkt\/bs-2018-amethyst-badewaage\/"},"modified":"2026-03-22T21:55:51","modified_gmt":"2026-03-22T20:55:51","slug":"bs-2018-amethyst-badewaage","status":"publish","type":"product","link":"https:\/\/gltestm.webology.pl\/de\/produkt\/bs-2018-amethyst-badewaage\/","title":{"rendered":"BS-2018 Amethyst-Badewaage"},"content":{"rendered":"<h2><strong>Amethyst-Badewaage BS-2018<\/strong><\/h2>\n<p>Der Amethyst ist ein Kristall von au\u00dfergew\u00f6hnlicher Sch\u00f6nheit und wird als Stein der Harmonie und Entspannung bezeichnet. Diese <strong>Lucznik BS-2018<\/strong> Badezimmerwaage ist eine Amethyst-Variante der Waagenserie &#8222;crystal&#8220; &#8211; sie bringt diese entspannende Atmosph\u00e4re ganz einfach in Ihr Zuhause.<\/p>\n<p><strong>Die Lucznik BS-2018<\/strong> Personenwaage hat eine robuste Glasplattform, in die schimmernde Kristalle eingelassen sind, die ihr einen einzigartigen Charakter verleihen und ihre zarte Farbe hervorheben. Die Ecken der Plattform sind abgerundet, was die Benutzung sicherer macht.<\/p>\n<p><strong>Pr\u00e4zise Sensoren<\/strong>, mit denen die <strong>Amethystwaage Lucznik BS-2018<\/strong> ausgestattet ist, messen das Gewicht mit <strong>einer Genauigkeit von 0,1 kg<\/strong>. Nach dem Aufstellen der Waage auf einer stabilen und harten Oberfl\u00e4che (z. B. Badezimmerfliesen) wird die Messung sofort nach dem Aufstehen auf der Plattform durchgef\u00fchrt. Da die Waage \u00fcber einen <strong>automatischen Ein- und Ausschalter<\/strong> verf\u00fcgt, ist sie nicht nur sparsam im Energieverbrauch, sondern auch bequem und intuitiv zu bedienen. <\/p>\n<p>Wir k\u00f6nnen die Messung unseres K\u00f6rpergewichts (hoffentlich zufriedenstellend!) auf dem klaren, hintergrundbeleuchteten <strong>LCD-Display<\/strong> und in der Einheit unserer Wahl &#8211; <strong>Kilogramm oder Pfund<\/strong>&#8211; ablesen.<\/p>\n<p>Die<strong>Lucznik BS-2018 Badezimmerwaage <\/strong>wird mit zwei AAA-Batterien geliefert, die im Lieferumfang enthalten sind, so dass sie fast sofort nach dem Auspacken einsatzbereit ist.<\/p>\n<p>Die Lucznik<strong>BS-2018 <\/strong> Badezimmerwaage wird mit einer zweij\u00e4hrigen Garantie und einer zweisprachigen Bedienungsanleitung &#8211; Polnisch und Englisch &#8211; geliefert. Wir empfehlen, die Anleitung vor der Verwendung des Produkts zu lesen.<\/p>\n","protected":false},"excerpt":{"rendered":"<p>Badezimmerwaage mit sch\u00f6nem Kristall- und Glitterglanz in einzigartiger Amethystfarbe<\/p>\n","protected":false},"featured_media":14111,"comment_status":"open","ping_status":"closed","template":"","meta":[],"product_brand":[],"product_cat":[665],"product_tag":[],"class_list":{"0":"post-18508","1":"product","2":"type-product","3":"status-publish","4":"has-post-thumbnail","6":"product_cat-wagi-lazienkowe","8":"first","9":"instock","10":"taxable","11":"shipping-taxable","12":"purchasable","13":"product-type-variable"},"_links":{"self":[{"href":"https:\/\/gltestm.webology.pl\/de\/wp-json\/wp\/v2\/product\/18508","targetHints":{"allow":["GET"]}}],"collection":[{"href":"https:\/\/gltestm.webology.pl\/de\/wp-json\/wp\/v2\/product"}],"about":[{"href":"https:\/\/gltestm.webology.pl\/de\/wp-json\/wp\/v2\/types\/product"}],"replies":[{"embeddable":true,"href":"https:\/\/gltestm.webology.pl\/de\/wp-json\/wp\/v2\/comments?post=18508"}],"version-history":[{"count":0,"href":"https:\/\/gltestm.webology.pl\/de\/wp-json\/wp\/v2\/product\/18508\/revisions"}],"wp:featuredmedia":[{"embeddable":true,"href":"https:\/\/gltestm.webology.pl\/de\/wp-json\/wp\/v2\/media\/14111"}],"wp:attachment":[{"href":"https:\/\/gltestm.webology.pl\/de\/wp-json\/wp\/v2\/media?parent=18508"}],"wp:term":[{"taxonomy":"product_brand","embeddable":true,"href":"https:\/\/gltestm.webology.pl\/de\/wp-json\/wp\/v2\/product_brand?post=18508"},{"taxonomy":"product_cat","embeddable":true,"href":"https:\/\/gltestm.webology.pl\/de\/wp-json\/wp\/v2\/product_cat?post=18508"},{"taxonomy":"product_tag","embeddable":true,"href":"https:\/\/gltestm.webology.pl\/de\/wp-json\/wp\/v2\/product_tag?post=18508"}],"curies":[{"name":"wp","href":"https:\/\/api.w.org\/{rel}","templated":true}]}}