{"id":18504,"date":"2026-03-18T22:39:11","date_gmt":"2026-03-18T21:39:11","guid":{"rendered":"https:\/\/gltestm.webology.pl\/produkt\/pk-2018-elektrischer-wasserkocher-aus-glas-schwarz-2\/"},"modified":"2026-03-22T21:55:24","modified_gmt":"2026-03-22T20:55:24","slug":"pk-2018-elektrischer-wasserkocher-aus-glas-schwarz-2","status":"publish","type":"product","link":"https:\/\/gltestm.webology.pl\/de\/produkt\/pk-2018-elektrischer-wasserkocher-aus-glas-schwarz-2\/","title":{"rendered":"PK-2018 Elektrischer Wasserkocher aus Glas &#8211; schwarz"},"content":{"rendered":"<h2><strong>Premium-Wasserkocher PK-2018<\/strong><\/h2>\n<p>Es ist gut, sch\u00f6ne Dinge um uns herum zu haben &#8211; sie lassen uns besser und gl\u00fccklicher f\u00fchlen. Wenn dann noch ihre Sch\u00f6nheit mit Qualit\u00e4t kombiniert wird, erhalten Sie eine Kombination, die Ihnen h\u00f6chsten Komfort garantiert. Das ist der <strong>Wasserkocher \u0141ucznik Premium PK-2018<\/strong>.<\/p>\n<p>Schon der erste Blick auf den \u0141ucznik Premium <strong>PK-2018<\/strong> Wasserkocher gen\u00fcgt, um zu erkennen, dass wir es mit einem au\u00dfergew\u00f6hnlichen Ger\u00e4t zu tun haben. Die Fotos werden dem <strong>glamour\u00f6sen<\/strong> Eindruck, den er macht, nicht gerecht. Zun\u00e4chst einmal weckt er Assoziationen an die ber\u00fchmte schwarze Kettenhandtasche, die von Coco Chanel popul\u00e4r gemacht wurde &#8211; diesen Eindruck vermitteln die <strong>schicken, dekorativen Rillen des Geh\u00e4uses,<\/strong> die der Form seiner gesteppten St\u00e4bchen t\u00e4uschend \u00e4hnlich sind. Sie wurden im Sockel und am Deckel platziert und runden die Gesamtkomposition sch\u00f6n ab. Dies ist kein gew\u00f6hnlicher Teekessel &#8211; dies ist ein Teekessel mit Klasse! Stellen Sie ihn an einen auff\u00e4lligen Platz in Ihrer K\u00fcche, und er wird zu ihrem Schick beitragen wie Stecknadeln zu einem &#8222;kleinen Schwarzen&#8220;.<\/p>\n<p>Die Sch\u00f6nheit ist jedoch nur ein zus\u00e4tzlicher Wert des <strong>Lucznik Premium PK-2018 <\/strong>Wasserkochers <strong>. <\/strong>Die Qualit\u00e4t eines Elektroger\u00e4ts wird in erster Linie durch die Qualit\u00e4t seiner Komponenten bestimmt. Deshalb haben wir beschlossen, ihn mit dem <strong>Strix-System<\/strong> auszustatten, einem hochwertigen Markensteuerger\u00e4t, das f\u00fcr die Energie\u00fcbertragung zwischen dem Ger\u00e4t und seiner Basis zust\u00e4ndig ist. Dank dieser L\u00f6sung ist die Lebensdauer des Ger\u00e4ts l\u00e4nger, was f\u00fcr Sie nicht nur mehr Zufriedenheit, sondern auch Einsparungen bedeutet! <\/p>\n<p><strong>Die Heizung des<\/strong> <strong>Lucznik Premium PK-2018<\/strong> Wasserkochers ist geschickt <strong>im Edelstahlsockel versteckt<\/strong>, so dass Sie den Inhalt des Glasbeh\u00e4lters voll im Blick haben. Sobald Sie die Heizung einschalten, leuchtet sofort eine sanfte Beleuchtung von unten auf, die anzeigt, dass das Ger\u00e4t in Betrieb ist und den bemerkenswerten Anblick hervorhebt, den Sie gleich sehen werden. Wenn die Zeit vergeht und das Wasser zum Kochen kommt, wird sich vor Ihren Augen ein wahres Schauspiel aus Licht und Wasser abspielen.<\/p>\n<p><strong>Der runde, drehbare Sockel des<\/strong> <strong>Lucznik Premium PK-2018-Wasserkochers <\/strong>erm\u00f6glicht es Ihnen, ihn \u00fcberall in Ihrer K\u00fcche oder Ihrem Arbeitszimmer aufzustellen und den Griff bequem von beiden Seiten zu erreichen &#8211; eine linksh\u00e4nderfreundliche L\u00f6sung! Der Griff selbst ist so konzipiert, dass er Ihre Sicherheit maximiert. Er heizt sich nicht auf, liegt dank seiner Form gut in der Hand und minimiert das Risiko von Dampfverbrennungen. <\/p>\n<p>Die Sicherheit bei der Verwendung des <strong>Lucznik Premium PK-2018 <\/strong>Wasserkochers wird auch durch die <strong>\u00dcberhitzungsschutzfunktion<\/strong> erh\u00f6ht, die verhindert, dass der Mechanismus durchbrennt.<\/p>\n<p>Der Wassertank des Lucznik Premium <strong>PK-2018 <\/strong>Wasserkochers besteht <strong>aus Boro-Silizium-Glas <\/strong>, das sich durch eine hohe Toleranz gegen\u00fcber Temperaturschwankungen und Sto\u00dffestigkeit auszeichnet, so dass Sie sich keine Sorgen um seine Besch\u00e4digung w\u00e4hrend des normalen Gebrauchs machen m\u00fcssen. Dar\u00fcber hinaus ist es unm\u00f6glich, diesem Material eine au\u00dfergew\u00f6hnliche \u00c4sthetik, tadellose Transparenz und Gl\u00e4tte abzusprechen, was nicht nur das Aussehen verbessert, sondern auch die Reinigung<strong>des Wasserkochers schnell und v\u00f6llig problemlos<\/strong> macht. Die maximale Wassermenge, die der Tank des Wasserkochers zum Kochen bringt, betr\u00e4gt <strong>1,7 Liter<\/strong>, was ausreicht, um f\u00fcnf mittelgro\u00dfe Tassen Kaffee oder Tee auf einmal zuzubereiten.<\/p>\n<p>Der <strong>Lucznik Premium-Wasserkocher<\/strong> <strong>PK-2018<\/strong> wird mit einer 24-monatigen Garantie und einer Bedienungsanleitung in polnischer und englischer Sprache geliefert, die Sie vor dem Gebrauch lesen sollten.<\/p>\n","protected":false},"excerpt":{"rendered":"<p>\u00c4u\u00dferst stilvoller und dekorativer schwarzer Wasserkocher aus Glas und mit einem versteckten Heizelement ausgestattet &#8211; schick und elegant in jeder K\u00fcche!<\/p>\n","protected":false},"featured_media":14615,"comment_status":"open","ping_status":"closed","template":"","meta":[],"product_brand":[],"product_cat":[570],"product_tag":[],"class_list":{"0":"post-18504","1":"product","2":"type-product","3":"status-publish","4":"has-post-thumbnail","6":"product_cat-czajniki","8":"first","9":"instock","10":"taxable","11":"shipping-taxable","12":"purchasable","13":"product-type-variable"},"_links":{"self":[{"href":"https:\/\/gltestm.webology.pl\/de\/wp-json\/wp\/v2\/product\/18504","targetHints":{"allow":["GET"]}}],"collection":[{"href":"https:\/\/gltestm.webology.pl\/de\/wp-json\/wp\/v2\/product"}],"about":[{"href":"https:\/\/gltestm.webology.pl\/de\/wp-json\/wp\/v2\/types\/product"}],"replies":[{"embeddable":true,"href":"https:\/\/gltestm.webology.pl\/de\/wp-json\/wp\/v2\/comments?post=18504"}],"version-history":[{"count":0,"href":"https:\/\/gltestm.webology.pl\/de\/wp-json\/wp\/v2\/product\/18504\/revisions"}],"wp:featuredmedia":[{"embeddable":true,"href":"https:\/\/gltestm.webology.pl\/de\/wp-json\/wp\/v2\/media\/14615"}],"wp:attachment":[{"href":"https:\/\/gltestm.webology.pl\/de\/wp-json\/wp\/v2\/media?parent=18504"}],"wp:term":[{"taxonomy":"product_brand","embeddable":true,"href":"https:\/\/gltestm.webology.pl\/de\/wp-json\/wp\/v2\/product_brand?post=18504"},{"taxonomy":"product_cat","embeddable":true,"href":"https:\/\/gltestm.webology.pl\/de\/wp-json\/wp\/v2\/product_cat?post=18504"},{"taxonomy":"product_tag","embeddable":true,"href":"https:\/\/gltestm.webology.pl\/de\/wp-json\/wp\/v2\/product_tag?post=18504"}],"curies":[{"name":"wp","href":"https:\/\/api.w.org\/{rel}","templated":true}]}}