{"id":18500,"date":"2026-03-18T22:39:10","date_gmt":"2026-03-18T21:39:10","guid":{"rendered":"https:\/\/gltestm.webology.pl\/produkt\/lucznik-stickgarn-set-heavy-metal\/"},"modified":"2026-03-22T21:53:45","modified_gmt":"2026-03-22T20:53:45","slug":"lucznik-stickgarn-set-heavy-metal","status":"publish","type":"product","link":"https:\/\/gltestm.webology.pl\/de\/produkt\/lucznik-stickgarn-set-heavy-metal\/","title":{"rendered":"Lucznik-Stickgarn-Set &#8211; Heavy Metal"},"content":{"rendered":"<p>Ein Satz hochwertiger<span> metallisierter <\/span><strong>Stickgarne Lucznik Heavy Metal<\/strong> , ideal f\u00fcr Maschinenstickerei, Monogramme und dekorative Stiche. Sie eignen sich auch f\u00fcr Handstickerei, Computerstickerei und andere handwerkliche Arbeiten.<\/p>\n<p>Dank des Metallisierungsprozesses haben diese F\u00e4den einen<strong>hohen Glanz<\/strong>   und verleihen jeder Stickerei einen sch\u00f6nen Glanz und eine originelle Farbe. Durch die Beschichtung des Rundfadens mit einer Metallisierungsschicht gl\u00e4nzen und schimmern sie wahrhaftig mit ihrer ganzen Kraft. Keine Stickerei und kein Muster, das mit ihrer Hilfe hergestellt wurde, kann \u00fcbersehen werden! <\/p>\n<p>Die Farbpalette des &#8222;Heavy Metal&#8220;-Sets erlaubt es Ihnen, sich mit ungew\u00f6hnlichen, hypnotisierenden Metallic-Stickereien auszutoben. Der wundervoll schimmernde Glanz erm\u00f6glicht es Ihnen, schimmernde Muster von Sternen, Monden, Sonnen, aber auch eine k\u00f6nigliche Krone oder ein Ritterschwert zu sticken&#8230;. F\u00fcr die Veredelung von Kleidungsst\u00fccken und Gegenst\u00e4nden mit Zierstichen oder Monogrammen wird ein hypnotisierender Effekt von \u00e4u\u00dferst dekorativem Charakter erzielt. <\/p>\n<p><span>Wichtig ist, dass die F\u00e4den <\/span><strong>hypoallergen<\/strong><span>sind <\/span> &#8211;<span>also v\u00f6llig sicher f\u00fcr Allergiker und Kinder. <\/span><\/p>\n<p><span>Metallisierte F\u00e4den m\u00f6gen keinen Abrieb, keine Dehnung und keine engen N\u00e4hte. Stellen Sie beim N\u00e4hen mit der Maschine die Spannung des Oberfadens niedriger als gew\u00f6hnlich ein und vermeiden Sie auch steife und dicke Unterlegf\u00e4den. <\/span><\/p>\n<p><span>Wir empfehlen die Verwendung eines <a href=\"https:\/\/galerialucznik.pl\/product-pol-83-Stopka-do-aplikacji-wyszywania-rozetek.html\" target=\"_blank\" rel=\"noopener\">Rosettenstickfu\u00dfes<\/a> in Verbindung mit dieser Art von Garn &#8211; es wird den Effekt von magischen und hypnotisierenden Sternen, Sonnen und Schneeflocken erzeugen. <br \/><\/span><\/p>\n<p><span>Um Stickereien mit metallisierten Garnen richtig zu pflegen, sollten Sie sie mit kaltem Wasser reinigen oder trocknen. Auch das B\u00fcgeln und Trocknen sollte bei m\u00f6glichst niedriger Temperatur erfolgen.<\/span><\/p>\n","protected":false},"excerpt":{"rendered":"<p>Metallisierte F\u00e4den von h\u00f6chster Qualit\u00e4t, die speziell f\u00fcr kreative N\u00e4harbeiten entwickelt wurden. 10 Spulen in einer geschmackvollen Verpackung, in wundersch\u00f6n schimmernden Metallfarben. L\u00e4nge: 100 Meter<\/p>\n","protected":false},"featured_media":14592,"comment_status":"open","ping_status":"closed","template":"","meta":[],"product_brand":[],"product_cat":[720],"product_tag":[],"class_list":{"0":"post-18500","1":"product","2":"type-product","3":"status-publish","4":"has-post-thumbnail","6":"product_cat-nici-do-haftu-w-zestawach","8":"first","9":"instock","10":"taxable","11":"shipping-taxable","12":"purchasable","13":"product-type-variable"},"_links":{"self":[{"href":"https:\/\/gltestm.webology.pl\/de\/wp-json\/wp\/v2\/product\/18500","targetHints":{"allow":["GET"]}}],"collection":[{"href":"https:\/\/gltestm.webology.pl\/de\/wp-json\/wp\/v2\/product"}],"about":[{"href":"https:\/\/gltestm.webology.pl\/de\/wp-json\/wp\/v2\/types\/product"}],"replies":[{"embeddable":true,"href":"https:\/\/gltestm.webology.pl\/de\/wp-json\/wp\/v2\/comments?post=18500"}],"version-history":[{"count":0,"href":"https:\/\/gltestm.webology.pl\/de\/wp-json\/wp\/v2\/product\/18500\/revisions"}],"wp:featuredmedia":[{"embeddable":true,"href":"https:\/\/gltestm.webology.pl\/de\/wp-json\/wp\/v2\/media\/14592"}],"wp:attachment":[{"href":"https:\/\/gltestm.webology.pl\/de\/wp-json\/wp\/v2\/media?parent=18500"}],"wp:term":[{"taxonomy":"product_brand","embeddable":true,"href":"https:\/\/gltestm.webology.pl\/de\/wp-json\/wp\/v2\/product_brand?post=18500"},{"taxonomy":"product_cat","embeddable":true,"href":"https:\/\/gltestm.webology.pl\/de\/wp-json\/wp\/v2\/product_cat?post=18500"},{"taxonomy":"product_tag","embeddable":true,"href":"https:\/\/gltestm.webology.pl\/de\/wp-json\/wp\/v2\/product_tag?post=18500"}],"curies":[{"name":"wp","href":"https:\/\/api.w.org\/{rel}","templated":true}]}}