{"id":18488,"date":"2026-03-18T22:39:09","date_gmt":"2026-03-18T21:39:09","guid":{"rendered":"https:\/\/gltestm.webology.pl\/produkt\/lucznik-ts-50-b-doppelschlitztoaster\/"},"modified":"2026-03-22T21:54:04","modified_gmt":"2026-03-22T20:54:04","slug":"lucznik-ts-50-b-doppelschlitztoaster","status":"publish","type":"product","link":"https:\/\/gltestm.webology.pl\/de\/produkt\/lucznik-ts-50-b-doppelschlitztoaster\/","title":{"rendered":"Lucznik TS-50 B Doppelschlitztoaster"},"content":{"rendered":"<h2><strong>Lucznik TS-50 B Zwei-Scheiben-Toaster<\/strong><\/h2>\n<p>Der<strong>ToasterTS-50 B<\/strong> ist ein Ger\u00e4t mit zwei Toastscheiben  mit einstellbarer<strong>Toasttemperatur<\/strong> Brot, mit dem Sie jeden Morgen Ihren Lieblingstoast perfekt zubereiten k\u00f6nnen, genau so, wie Sie ihn m\u00f6gen!<\/p>\n<p>Au\u00dferdem verf\u00fcgt er \u00fcber eine <strong>Stoppfunktion<\/strong>, mit der Sie die Toastzeit einstellen k\u00f6nnen, so dass Sie die M\u00f6glichkeit haben, die Art von Toast zu machen, die Sie m\u00f6gen. Von nun an k\u00f6nnen Sie knusprigen und geschmackvollen Toast f\u00fcr sich selbst und Ihre Lieben genau so zubereiten, wie Sie ihn m\u00f6gen. Dank der Temperaturregelung werden sie perfekt &#8222;auf den Punkt&#8220; gegart! Ein Fest f\u00fcr den Gaumen ist garantiert.<\/p>\n<h2>Wichtigste Merkmale<\/h2>\n<ul>\n<li>Leistung <strong>700 W<\/strong><\/li>\n<li><strong>2 Toasts<\/strong><\/li>\n<li>19-mm-L\u00f6cher f\u00fcr Brot<\/li>\n<li><strong>7-stufige<\/strong> Einstellung der Toastzeit<\/li>\n<li><strong>Automatischer Auswurf des<\/strong> Brotes nach Beendigung des Toastvorgangs<\/li>\n<li><strong>STOP&#8220;-Funktion<\/strong> &#8211; schnelle Unterbrechung des Toastvorgangs<\/li>\n<li>Thermoisoliertes Kunststoffgeh\u00e4use<\/li>\n<li>Herausnehmbare <strong>Kr\u00fcmelschublade<\/strong><\/li>\n<li>Gebrauchsanweisung in Polnisch<\/li>\n<\/ul>\n<h2>24-monatige Garantie<\/h2>\n<p>Der<strong>ToasterTS-50 B<\/strong> hat <strong>24 Monate Garantie<\/strong> und <strong>Bedienungsanleitung in polnischer Sprache<\/strong>, die vor der ersten Benutzung des Ger\u00e4tes gelesen werden sollte.<\/p>\n","protected":false},"excerpt":{"rendered":"<p>Zwei-Scheiben-Toaster. Er verf\u00fcgt \u00fcber eine einstellbare Toasttemperatur und eine Stoppfunktion, die die Toastzeit reguliert.<\/p>\n","protected":false},"featured_media":14672,"comment_status":"open","ping_status":"closed","template":"","meta":[],"product_brand":[],"product_cat":[585],"product_tag":[],"class_list":{"0":"post-18488","1":"product","2":"type-product","3":"status-publish","4":"has-post-thumbnail","6":"product_cat-tostery-i-opiekacze","8":"first","9":"instock","10":"taxable","11":"shipping-taxable","12":"purchasable","13":"product-type-variable"},"_links":{"self":[{"href":"https:\/\/gltestm.webology.pl\/de\/wp-json\/wp\/v2\/product\/18488","targetHints":{"allow":["GET"]}}],"collection":[{"href":"https:\/\/gltestm.webology.pl\/de\/wp-json\/wp\/v2\/product"}],"about":[{"href":"https:\/\/gltestm.webology.pl\/de\/wp-json\/wp\/v2\/types\/product"}],"replies":[{"embeddable":true,"href":"https:\/\/gltestm.webology.pl\/de\/wp-json\/wp\/v2\/comments?post=18488"}],"version-history":[{"count":0,"href":"https:\/\/gltestm.webology.pl\/de\/wp-json\/wp\/v2\/product\/18488\/revisions"}],"wp:featuredmedia":[{"embeddable":true,"href":"https:\/\/gltestm.webology.pl\/de\/wp-json\/wp\/v2\/media\/14672"}],"wp:attachment":[{"href":"https:\/\/gltestm.webology.pl\/de\/wp-json\/wp\/v2\/media?parent=18488"}],"wp:term":[{"taxonomy":"product_brand","embeddable":true,"href":"https:\/\/gltestm.webology.pl\/de\/wp-json\/wp\/v2\/product_brand?post=18488"},{"taxonomy":"product_cat","embeddable":true,"href":"https:\/\/gltestm.webology.pl\/de\/wp-json\/wp\/v2\/product_cat?post=18488"},{"taxonomy":"product_tag","embeddable":true,"href":"https:\/\/gltestm.webology.pl\/de\/wp-json\/wp\/v2\/product_tag?post=18488"}],"curies":[{"name":"wp","href":"https:\/\/api.w.org\/{rel}","templated":true}]}}