{"id":18484,"date":"2026-03-18T22:39:09","date_gmt":"2026-03-18T21:39:09","guid":{"rendered":"https:\/\/gltestm.webology.pl\/produkt\/elektronische-kuechenwaage-ks-509-b\/"},"modified":"2026-03-22T21:53:50","modified_gmt":"2026-03-22T20:53:50","slug":"elektronische-kuechenwaage-ks-509-b","status":"publish","type":"product","link":"https:\/\/gltestm.webology.pl\/de\/produkt\/elektronische-kuechenwaage-ks-509-b\/","title":{"rendered":"Elektronische K\u00fcchenwaage KS-509 B"},"content":{"rendered":"<h2><strong>Elektronische K\u00fcchenwaage KS-509 B<\/strong><\/h2>\n<p><strong>Kompakte<\/strong> K\u00fcchenwaage aus <strong>rostfreiem Stahl. <\/strong>Sie ist mit einem Pr\u00e4zisions-Dehnungsmessstreifen mit einem Messbereich von <strong>2 &#8211; 5000 g<\/strong> und einem leistungsstarken Prozessor ausgestattet, der eine Messgenauigkeit von 1 g in den Einheiten<strong> kg, g, oz, lb<\/strong> gew\u00e4hrleistet.<\/p>\n<h2><strong>Funktionell und leicht zu reinigen<\/strong><\/h2>\n<p>Sie verf\u00fcgt \u00fcber <strong> Tara-Funktion <\/strong><strong>, Batterie-Leerstandsanzeige, automatische Abschaltung <\/strong>und <strong> LCD-Display<\/strong> mit blauer Hintergrundbeleuchtung. Die Waage ist leicht zu reinigen, dank der  INOX-Wiegefl\u00e4che<strong>aus Edelstahl <\/strong>.<\/p>\n<h2>Wesentliche Merkmale<\/h2>\n<ul>\n<li>w\u00e4gefl\u00e4che aus <strong>rostfreiem INOX-Stahl<\/strong><\/li>\n<li><strong>leicht<\/strong> zu reinigen<\/li>\n<li>maximale Last: <strong>5 kg<\/strong><\/li>\n<li>messbereich: <strong>2-5000 g<\/strong><\/li>\n<li><strong>messgenauigkeit: 1 g<\/strong><\/li>\n<li>ma\u00dfeinheiten: kg, g, oz, lb<\/li>\n<li><strong>lED-Hintergrundbeleuchtung<\/strong> <\/li>\n<li>stromversorgung: 2 Stk. CR2032-Batterien (im Lieferumfang enthalten)<\/li>\n<\/ul>\n<h2>24-monatige Garantie<\/h2>\n<p>Die K\u00fcchenwaage KS-509 B wird mit einer<strong>24-monatigen Garantie<\/strong>   und einer Anleitung in polnischer Sprache geliefert, die vor der Benutzung des Ger\u00e4ts gelesen werden sollte.<\/p>\n<p><a href=\"https:\/\/galerialucznik.pl\/pl\/info\/regulamin-akcji-promocyjnej-waga-plus-mlynki-w-galerii-lucznik-93.html\" target=\"_blank\" rel=\"noopener\"><img fetchpriority=\"high\" decoding=\"async\" src=\"\/data\/include\/cms\/bannery\/KS-509-plus-mlynki\/Slider_ucznik_1920x500.jpg\" alt=\"Waga kuchenna KS-509 plus dwa m\u0142ynki PM-201 C za 75 z\u0142\" width=\"1920\" height=\"500\" \/><\/a><\/p>\n","protected":false},"excerpt":{"rendered":"<p>Kompakte K\u00fcchenwaage aus rostfreiem Stahl in einer sch\u00f6nen Kupferfarbe. Erm\u00f6glicht pr\u00e4zises Wiegen von 2-5000 g mit einer Genauigkeit von 1 g.<\/p>\n","protected":false},"featured_media":13275,"comment_status":"open","ping_status":"closed","template":"","meta":[],"product_brand":[],"product_cat":[565],"product_tag":[],"class_list":{"0":"post-18484","1":"product","2":"type-product","3":"status-publish","4":"has-post-thumbnail","6":"product_cat-wagi-kuchenne","8":"first","9":"instock","10":"taxable","11":"shipping-taxable","12":"purchasable","13":"product-type-variable"},"_links":{"self":[{"href":"https:\/\/gltestm.webology.pl\/de\/wp-json\/wp\/v2\/product\/18484","targetHints":{"allow":["GET"]}}],"collection":[{"href":"https:\/\/gltestm.webology.pl\/de\/wp-json\/wp\/v2\/product"}],"about":[{"href":"https:\/\/gltestm.webology.pl\/de\/wp-json\/wp\/v2\/types\/product"}],"replies":[{"embeddable":true,"href":"https:\/\/gltestm.webology.pl\/de\/wp-json\/wp\/v2\/comments?post=18484"}],"version-history":[{"count":0,"href":"https:\/\/gltestm.webology.pl\/de\/wp-json\/wp\/v2\/product\/18484\/revisions"}],"wp:featuredmedia":[{"embeddable":true,"href":"https:\/\/gltestm.webology.pl\/de\/wp-json\/wp\/v2\/media\/13275"}],"wp:attachment":[{"href":"https:\/\/gltestm.webology.pl\/de\/wp-json\/wp\/v2\/media?parent=18484"}],"wp:term":[{"taxonomy":"product_brand","embeddable":true,"href":"https:\/\/gltestm.webology.pl\/de\/wp-json\/wp\/v2\/product_brand?post=18484"},{"taxonomy":"product_cat","embeddable":true,"href":"https:\/\/gltestm.webology.pl\/de\/wp-json\/wp\/v2\/product_cat?post=18484"},{"taxonomy":"product_tag","embeddable":true,"href":"https:\/\/gltestm.webology.pl\/de\/wp-json\/wp\/v2\/product_tag?post=18484"}],"curies":[{"name":"wp","href":"https:\/\/api.w.org\/{rel}","templated":true}]}}