{"id":18480,"date":"2026-03-18T22:39:08","date_gmt":"2026-03-18T21:39:08","guid":{"rendered":"https:\/\/gltestm.webology.pl\/produkt\/lucznik-elastisches-overlockgarn-set-braun\/"},"modified":"2026-03-22T21:53:33","modified_gmt":"2026-03-22T20:53:33","slug":"lucznik-elastisches-overlockgarn-set-braun","status":"publish","type":"product","link":"https:\/\/gltestm.webology.pl\/de\/produkt\/lucznik-elastisches-overlockgarn-set-braun\/","title":{"rendered":"Lucznik Elastisches Overlockgarn-Set &#8211; Braun"},"content":{"rendered":"<p><strong>Satz mit 4 Spulen elastischer Overlockf\u00e4den<\/strong> <span>zum N\u00e4hen mit der <\/span><strong>Overlock <\/strong><span>und<\/span><strong> coverlock (Putz)<\/strong>. Unentbehrlich zum N\u00e4hen und Veredeln von Maschenwaren mit Overlockstich.<\/p>\n<p>Die F\u00e4den eignen sich zum N\u00e4hen mit der Overlock mit allen elastischen Stichen von Overlocks und Coverlocks (Render). Sie erm\u00f6glichen es Ihnen, die Dehnbarkeit des Saums zu maximieren, so dass der Tragekomfort der gen\u00e4hten Produkte maximiert wird.<\/p>\n<p>Die<strong>elastischen Overlockf\u00e4den von Lucznik <\/strong>sind ideal zum N\u00e4hen mit allen Arten von Maschenwaren, einschlie\u00dflich Sweatshirts, Jersey oder Minky. Sie k\u00f6nnen auch beim N\u00e4hen von Badeanz\u00fcgen und Sportbekleidung erfolgreich eingesetzt werden.<\/p>\n<p>Die gro\u00dfe<strong>Spule<\/strong> ist an die Besonderheiten des N\u00e4hens auf einer Heim-Overlockmaschine angepasst, und die L\u00e4nge der Wicklung droht nicht, die Arbeit im unpassendsten Moment zu unterbrechen. Auf finden Sie eine<strong> L\u00e4nge von 4000 m<\/strong> oder sogar 4 km Faden, mit dem Sie<strong> bequem<\/strong> starke und flexible Overlockstiche erstellen k\u00f6nnen.<\/p>\n<p> Die<strong> <strong>elastischen Overlockf\u00e4den von Lucznik <\/strong><\/strong>bestehen<strong> aus 100 % speziell texturiertem Endlospolyester <\/strong>mit optimaler Drehung<strong>, <\/strong>wodurch sie sich bis zu 25 % ihrer L\u00e4nge dehnen und strecken k\u00f6nnen. Sie zeichnen sich durch <strong>au\u00dfergew\u00f6hnliche Strapazierf\u00e4higkeit und Reibungsfestigkeit <\/strong>aus, wenn sie durch die F\u00fchrungen der Maschine laufen. Die Technologie ihrer Herstellung wurde entwickelt, um alle Anforderungen zu erf\u00fcllen, die mit den Besonderheiten des N\u00e4hens auf einer Overlock-Maschine verbunden sind. <\/p>\n<p>Ihre <strong>Vielseitigkeit<\/strong> wird auch durch die ausgezeichnete Hitzebest\u00e4ndigkeit beeinflusst. Die Farbe des Fadens ist <strong>best\u00e4ndig gegen Abf\u00e4rben<\/strong> unter dem Einfluss von Licht, Waschen und einigen chemischen Mitteln, denen Textilien ausgesetzt sein k\u00f6nnen. <\/p>\n<p>Die<strong>elastischen Lucznik-Overlockf\u00e4den <\/strong>erf\u00fcllen die Anforderungen der geltenden Norm f\u00fcr Kinderprodukte und sind daher ideal f\u00fcr die Herstellung von Kleidung, Accessoires, Maskottchen oder Wickeln f\u00fcr Kinder, Babys und ihre M\u00fctter.   <\/p>\n","protected":false},"excerpt":{"rendered":"<p>Satz mit 4 Polyester-Overlockf\u00e4den.<\/p>\n","protected":false},"featured_media":15015,"comment_status":"open","ping_status":"closed","template":"","meta":[],"product_brand":[],"product_cat":[730],"product_tag":[],"class_list":{"0":"post-18480","1":"product","2":"type-product","3":"status-publish","4":"has-post-thumbnail","6":"product_cat-nici-do-overlockow-w-zestawach","8":"first","9":"instock","10":"taxable","11":"shipping-taxable","12":"purchasable","13":"product-type-variable"},"_links":{"self":[{"href":"https:\/\/gltestm.webology.pl\/de\/wp-json\/wp\/v2\/product\/18480","targetHints":{"allow":["GET"]}}],"collection":[{"href":"https:\/\/gltestm.webology.pl\/de\/wp-json\/wp\/v2\/product"}],"about":[{"href":"https:\/\/gltestm.webology.pl\/de\/wp-json\/wp\/v2\/types\/product"}],"replies":[{"embeddable":true,"href":"https:\/\/gltestm.webology.pl\/de\/wp-json\/wp\/v2\/comments?post=18480"}],"version-history":[{"count":0,"href":"https:\/\/gltestm.webology.pl\/de\/wp-json\/wp\/v2\/product\/18480\/revisions"}],"wp:featuredmedia":[{"embeddable":true,"href":"https:\/\/gltestm.webology.pl\/de\/wp-json\/wp\/v2\/media\/15015"}],"wp:attachment":[{"href":"https:\/\/gltestm.webology.pl\/de\/wp-json\/wp\/v2\/media?parent=18480"}],"wp:term":[{"taxonomy":"product_brand","embeddable":true,"href":"https:\/\/gltestm.webology.pl\/de\/wp-json\/wp\/v2\/product_brand?post=18480"},{"taxonomy":"product_cat","embeddable":true,"href":"https:\/\/gltestm.webology.pl\/de\/wp-json\/wp\/v2\/product_cat?post=18480"},{"taxonomy":"product_tag","embeddable":true,"href":"https:\/\/gltestm.webology.pl\/de\/wp-json\/wp\/v2\/product_tag?post=18480"}],"curies":[{"name":"wp","href":"https:\/\/api.w.org\/{rel}","templated":true}]}}