{"id":18476,"date":"2026-03-18T22:39:08","date_gmt":"2026-03-18T21:39:08","guid":{"rendered":"https:\/\/gltestm.webology.pl\/produkt\/lucznik-regular-overlockgarn-set-weiss\/"},"modified":"2026-03-22T21:53:27","modified_gmt":"2026-03-22T20:53:27","slug":"lucznik-regular-overlockgarn-set-weiss","status":"publish","type":"product","link":"https:\/\/gltestm.webology.pl\/de\/produkt\/lucznik-regular-overlockgarn-set-weiss\/","title":{"rendered":"Lucznik Regular Overlockgarn-Set &#8211; Wei\u00df"},"content":{"rendered":"<p><strong>Spezialset mit 4<\/strong> <strong>Overlockf\u00e4den<\/strong> <span>zum N\u00e4hen mit <\/span><strong>Overlock <\/strong><span>und<\/span><strong> Coverlock (Putz)<\/strong>. Unentbehrlich zum N\u00e4hen von Maschenwaren und zur Veredelung von Stoffprodukten mit dem Overlockstich.<\/p>\n<p>Die F\u00e4den eignen sich f\u00fcr das N\u00e4hen mit der Overlock mit allen Stichen, die mit Overlocks, Coverlocks und klassischen Haushaltsn\u00e4hmaschinen mit einem Fadenhalter hergestellt werden. <\/p>\n<p>Die <strong>gro\u00dfe Spule<\/strong> ist an die Besonderheiten des N\u00e4hens auf einer Heim-Overlock-Maschine angepasst, und die L\u00e4nge der Spule droht nicht, die Arbeit im ung\u00fcnstigsten Moment zu unterbrechen. Sie haben sie<strong> eine<\/strong><strong>L\u00e4nge von 4000 m<\/strong>, oder so viel wie 4 Kilometer Faden, die<strong> komfortable<\/strong> Erstellung von starken Overlockstichen erm\u00f6glichen.<br \/><strong><br \/>Lucznik Regular Overlock F\u00e4den<\/strong> sind<strong> 100% aus Polyester <\/strong>mit einer optimalen Drehung, die ihnen <strong>au\u00dfergew\u00f6hnliche Haltbarkeit, Widerstand gegen Reibung, Dehnung und Spannung<\/strong> gibt, wenn sie durch die F\u00fchrungen der Maschine laufen. Die Technologie ihrer Herstellung wurde entwickelt, um den Anforderungen der Besonderheiten des Overlock-N\u00e4hens gerecht zu werden. Ihre <strong>Vielseitigkeit<\/strong> wird auch durch die geringe Schrumpfung und die ausgezeichnete Hitzebest\u00e4ndigkeit beeinflusst.<\/p>\n<p><span>Die Farbe des Fadens ist <strong>best\u00e4ndig gegen Fleckenbildung<\/strong> unter dem Einfluss von Licht, Waschen und einigen chemischen Mitteln, denen Textilien ausgesetzt sein k\u00f6nnen. <\/span><\/p>\n<p><strong>Lucznik Regular Overlock F\u00e4den<\/strong> erf\u00fcllen die Anforderungen der aktuellen Norm f\u00fcr Kinderprodukte und sind somit ideal f\u00fcr die Herstellung von Kleidung, Accessoires, Maskottchen oder Wickeln f\u00fcr Kinder, Babys und deren M\u00fctter. <\/p>\n","protected":false},"excerpt":{"rendered":"<p>Satz mit 4 Polyester-Overlockf\u00e4den. L\u00e4nge: 4000m, Typ: 120.<\/p>\n","protected":false},"featured_media":14421,"comment_status":"open","ping_status":"closed","template":"","meta":[],"product_brand":[],"product_cat":[730],"product_tag":[],"class_list":{"0":"post-18476","1":"product","2":"type-product","3":"status-publish","4":"has-post-thumbnail","6":"product_cat-nici-do-overlockow-w-zestawach","8":"first","9":"instock","10":"taxable","11":"shipping-taxable","12":"purchasable","13":"product-type-variable"},"_links":{"self":[{"href":"https:\/\/gltestm.webology.pl\/de\/wp-json\/wp\/v2\/product\/18476","targetHints":{"allow":["GET"]}}],"collection":[{"href":"https:\/\/gltestm.webology.pl\/de\/wp-json\/wp\/v2\/product"}],"about":[{"href":"https:\/\/gltestm.webology.pl\/de\/wp-json\/wp\/v2\/types\/product"}],"replies":[{"embeddable":true,"href":"https:\/\/gltestm.webology.pl\/de\/wp-json\/wp\/v2\/comments?post=18476"}],"version-history":[{"count":0,"href":"https:\/\/gltestm.webology.pl\/de\/wp-json\/wp\/v2\/product\/18476\/revisions"}],"wp:featuredmedia":[{"embeddable":true,"href":"https:\/\/gltestm.webology.pl\/de\/wp-json\/wp\/v2\/media\/14421"}],"wp:attachment":[{"href":"https:\/\/gltestm.webology.pl\/de\/wp-json\/wp\/v2\/media?parent=18476"}],"wp:term":[{"taxonomy":"product_brand","embeddable":true,"href":"https:\/\/gltestm.webology.pl\/de\/wp-json\/wp\/v2\/product_brand?post=18476"},{"taxonomy":"product_cat","embeddable":true,"href":"https:\/\/gltestm.webology.pl\/de\/wp-json\/wp\/v2\/product_cat?post=18476"},{"taxonomy":"product_tag","embeddable":true,"href":"https:\/\/gltestm.webology.pl\/de\/wp-json\/wp\/v2\/product_tag?post=18476"}],"curies":[{"name":"wp","href":"https:\/\/api.w.org\/{rel}","templated":true}]}}