{"id":18472,"date":"2026-03-18T22:39:07","date_gmt":"2026-03-18T21:39:07","guid":{"rendered":"https:\/\/gltestm.webology.pl\/produkt\/lucznik-garnsatz-denim-jeans-oldschool\/"},"modified":"2026-03-22T21:52:56","modified_gmt":"2026-03-22T20:52:56","slug":"lucznik-garnsatz-denim-jeans-oldschool","status":"publish","type":"product","link":"https:\/\/gltestm.webology.pl\/de\/produkt\/lucznik-garnsatz-denim-jeans-oldschool\/","title":{"rendered":"Lucznik Garnsatz: DENIM &amp; JEANS Oldschool"},"content":{"rendered":"<h2><strong>Lucznik Jeansf\u00e4den &#8211; Jeans Oldschool Set<\/strong><\/h2>\n<p>Das Jeans <strong>Oldschool<\/strong> Set ist ein superstarker Polyesterfaden, der speziell f\u00fcr das N\u00e4hen mit der N\u00e4hmaschine entwickelt wurde, auch f\u00fcr das N\u00e4hen von<strong> schwierigen, starken und dicken <\/strong>Materialien, wie Denim, technischen Stoffen, Leder und leder\u00e4hnlichen Kleidungsst\u00fccken und Produkten, Pelzen, Arbeits-, Schutz- und taktischer Kleidung. <strong>Archer DENIM &amp; JEANS<\/strong> F\u00e4den sind extrem <strong>haltbar und rei\u00dffest<\/strong> &#8211; Schluss mit Fadenbruch, Neueinf\u00e4deln und Doppeln\u00e4hen. Dank ihrer geringen Dehnungsrate, ihrer optimalen Drallstabilit\u00e4t und ihrer hervorragenden Reibungsbest\u00e4ndigkeit erf\u00fcllen sie alle Anforderungen an langlebiges N\u00e4hen.<\/p>\n<p>Die in unserem biologisch abbaubaren Paket enthaltene Grundpalette an Farben gibt Ihnen Haltbarkeit, St\u00e4rke und die M\u00f6glichkeit, Ihre kreativen Fl\u00fcgel auszubreiten. Denn <strong>die Dicke und Ausdruckskraft der<\/strong> F\u00e4den erm\u00f6glicht es Ihnen, auch auf &#8222;normalen&#8220; Materialien <strong>dekorative N\u00e4hte<\/strong> zu erstellen. Nat\u00fcrlich k\u00f6nnen Sie die F\u00e4den auch zum <strong>Ausbessern<\/strong> oder <strong>Korrigieren von<\/strong> M\u00e4ngeln verwenden, die Ihnen die Bekleidungshersteller vorgesetzt haben. Warum sollten Sie sich mit allt\u00e4glichen Arbeiten begn\u00fcgen? \ud83d\ude42<\/p>\n<p><span>Sie m\u00fcssen nicht bef\u00fcrchten, dass Ihre Arbeit unerwartet durch das unaufhaltsame Ende des Fadens unterbrochen wird, denn sie haben <strong>140 Meter Spulenl\u00e4nge<\/strong> &#8211; und das auf jeder Spule.<\/span><\/p>\n<p><span>Die sichere<strong>Herstellung<\/strong> und das Fehlen von giftigen oder reizenden Chemikalien erm\u00f6glicht es Ihnen, sichere Kleidung f\u00fcr Ihr Kind zu n\u00e4hen. Sie sind auch <strong>f\u00fcr Allergiker<\/strong> und Menschen mit Reizungen durch graue Stoffe geeignet. <\/p>\n<p><\/span><\/p>\n<p>Die Farbpalette des <span>DENIM &amp; JEANS-Sets<\/span> <span>:<\/span><\/p>\n<ul>\n<li>Wei\u00df<\/li>\n<li>Creme<\/li>\n<li>Braun<\/li>\n<li>Marineblau<\/li>\n<li>Schwarz<\/li>\n<\/ul>\n<p>Alle Farben <strong>sind widerstandsf\u00e4hig gegen Fleckenbildung<\/strong> durch Sonnenlicht, Waschen und einige chemische Stoffe.<\/p>\n","protected":false},"excerpt":{"rendered":"<p>5 Spulen zu je 140 Metern, Typ 30. Superstarker Polyesterfaden von h\u00f6chster Qualit\u00e4t, unverzichtbar f\u00fcr langlebiges N\u00e4hen, in einer geschmackvollen Verpackung und mit universellen Farben!<\/p>\n","protected":false},"featured_media":14634,"comment_status":"open","ping_status":"closed","template":"","meta":[],"product_brand":[],"product_cat":[725],"product_tag":[],"class_list":{"0":"post-18472","1":"product","2":"type-product","3":"status-publish","4":"has-post-thumbnail","6":"product_cat-nici-do-jeansu-w-zestawach","8":"first","9":"instock","10":"taxable","11":"shipping-taxable","12":"purchasable","13":"product-type-variable"},"_links":{"self":[{"href":"https:\/\/gltestm.webology.pl\/de\/wp-json\/wp\/v2\/product\/18472","targetHints":{"allow":["GET"]}}],"collection":[{"href":"https:\/\/gltestm.webology.pl\/de\/wp-json\/wp\/v2\/product"}],"about":[{"href":"https:\/\/gltestm.webology.pl\/de\/wp-json\/wp\/v2\/types\/product"}],"replies":[{"embeddable":true,"href":"https:\/\/gltestm.webology.pl\/de\/wp-json\/wp\/v2\/comments?post=18472"}],"version-history":[{"count":0,"href":"https:\/\/gltestm.webology.pl\/de\/wp-json\/wp\/v2\/product\/18472\/revisions"}],"wp:featuredmedia":[{"embeddable":true,"href":"https:\/\/gltestm.webology.pl\/de\/wp-json\/wp\/v2\/media\/14634"}],"wp:attachment":[{"href":"https:\/\/gltestm.webology.pl\/de\/wp-json\/wp\/v2\/media?parent=18472"}],"wp:term":[{"taxonomy":"product_brand","embeddable":true,"href":"https:\/\/gltestm.webology.pl\/de\/wp-json\/wp\/v2\/product_brand?post=18472"},{"taxonomy":"product_cat","embeddable":true,"href":"https:\/\/gltestm.webology.pl\/de\/wp-json\/wp\/v2\/product_cat?post=18472"},{"taxonomy":"product_tag","embeddable":true,"href":"https:\/\/gltestm.webology.pl\/de\/wp-json\/wp\/v2\/product_tag?post=18472"}],"curies":[{"name":"wp","href":"https:\/\/api.w.org\/{rel}","templated":true}]}}