{"id":18468,"date":"2026-03-18T22:39:06","date_gmt":"2026-03-18T21:39:06","guid":{"rendered":"https:\/\/gltestm.webology.pl\/produkt\/lucznik-faden-set-must-have-maxi\/"},"modified":"2026-03-22T21:51:32","modified_gmt":"2026-03-22T20:51:32","slug":"lucznik-faden-set-must-have-maxi","status":"publish","type":"product","link":"https:\/\/gltestm.webology.pl\/de\/produkt\/lucznik-faden-set-must-have-maxi\/","title":{"rendered":"Lucznik Faden-Set: Must-have Maxi"},"content":{"rendered":"<h2><strong>Lucznik Gewindeset: Must Have<\/strong><\/h2>\n<p>DasMust-Have<strong>10-Farben-Set<\/strong> ist ein<strong>Muss<\/strong> f\u00fcr jede N\u00e4herin, sowohl in der professionellen als auch in der privaten N\u00e4herei. Eine Vielzahl von leuchtenden Farben, kombiniert mit essentiellen Farben wie Schwarz und Wei\u00df, garantieren, dass Sie f\u00fcr jede Aufgabe den richtigen Faden finden werden. Dies ist ein gro\u00dfartiges &#8222;Einsteiger&#8220;-Set, wenn Sie eine neue N\u00e4hmaschine kaufen. Es handelt sich um ein sehr einfaches Garnset, das f\u00fcr ein kleines Heimatelier unverzichtbar sein kann. <\/p>\n<h3>Lucznik-Garne &#8211; speziell f\u00fcr das N\u00e4hen mit der Maschine!<\/h3>\n<p>Die Lucznik-F\u00e4den <strong>wurden speziell f\u00fcr das N\u00e4hen auf der Maschine<\/strong> und f\u00fcr die Belastungen <strong>entwickelt<\/strong>, die beim Durchlaufen der verschiedenen Greifer und beim Herstellen von Stichen entstehen. Dank ihrer Langlebigkeit rei\u00dfen sie auch bei hektischer Arbeit an jedem Material, das Ihnen in die H\u00e4nde f\u00e4llt, nicht. Sie m\u00fcssen auch nicht bef\u00fcrchten, dass Ihre Kreativit\u00e4t durch das unaufhaltsame Ende des Fadens unterbrochen wird, denn sie haben <strong>500 Meter Spule<\/strong> &#8211; auf einer praktischen Spule! Das ist so viel wie ein halber Kilometer in Ihren H\u00e4nden zu verwenden. Die <span>speziell entwickelte, <\/span><strong>optimale Drehung<\/strong><span> der Fasern l\u00e4sst den Faden reibungslos durch alle F\u00fchrungen laufen, und praktische <\/span><strong>St\u00e4nder auf beiden Seiten der Spule<\/strong><span> stabilisieren sie auf der Maschine<\/span>.<\/p>\n<p><span><img decoding=\"async\" src=\"\/data\/include\/cms\/nici\/must_have_otwarte.jpg\" alt=\"nici \u0142ucznik must have\" width=\"600\" \/><\/span><\/p>\n<h3>Ein Muss in jedem Schneideratelier<\/h3>\n<p>Die Farbpalette des <strong>Lucznik Must-Have<\/strong> Fadensets wurde so ausgew\u00e4hlt, dass sie so vielseitig wie m\u00f6glich ist und zu Ihren Produkten in den meisten Grundfarben passt. <strong>Es handelt sich um ein ideales &#8222;Starter&#8220;-Set <\/strong>, das ein Muss f\u00fcr Ihr Zuhause oder Ihr N\u00e4hatelier ist. Alle <strong>Grundfarben des Regenbogens<\/strong> sowie <strong>Schwarz und Wei\u00df<\/strong> sind enthalten. Nichts wird Sie davon abhalten, einzigartige, wunderbare Dinge zu kreieren, um die Sie jeder beneiden wird!<\/p>\n<p>Dank der sicheren<strong>Herstellung<\/strong> und der Abwesenheit von giftigen oder reizenden Chemikalien k\u00f6nnen Sie sicher f\u00fcr die ganze Familie n\u00e4hen.<\/p>\n<p><img decoding=\"async\" src=\"\/data\/include\/cms\/nici\/must_have.jpg\" alt=\"nici must have \u0142ucznik\" width=\"600\" \/><\/p>\n","protected":false},"excerpt":{"rendered":"<p>10 Spulen zu je 500 m, St\u00e4rke 120. Polyesterf\u00e4den von h\u00f6chster Qualit\u00e4t, die speziell f\u00fcr das N\u00e4hen mit der Maschine entwickelt wurden. In einer geschmackvollen Verpackung, in Prim\u00e4rfarben!<\/p>\n","protected":false},"featured_media":14996,"comment_status":"open","ping_status":"closed","template":"","meta":[],"product_brand":[],"product_cat":[710],"product_tag":[],"class_list":{"0":"post-18468","1":"product","2":"type-product","3":"status-publish","4":"has-post-thumbnail","6":"product_cat-nici-do-maszyn","8":"first","9":"instock","10":"taxable","11":"shipping-taxable","12":"purchasable","13":"product-type-variable"},"_links":{"self":[{"href":"https:\/\/gltestm.webology.pl\/de\/wp-json\/wp\/v2\/product\/18468","targetHints":{"allow":["GET"]}}],"collection":[{"href":"https:\/\/gltestm.webology.pl\/de\/wp-json\/wp\/v2\/product"}],"about":[{"href":"https:\/\/gltestm.webology.pl\/de\/wp-json\/wp\/v2\/types\/product"}],"replies":[{"embeddable":true,"href":"https:\/\/gltestm.webology.pl\/de\/wp-json\/wp\/v2\/comments?post=18468"}],"version-history":[{"count":0,"href":"https:\/\/gltestm.webology.pl\/de\/wp-json\/wp\/v2\/product\/18468\/revisions"}],"wp:featuredmedia":[{"embeddable":true,"href":"https:\/\/gltestm.webology.pl\/de\/wp-json\/wp\/v2\/media\/14996"}],"wp:attachment":[{"href":"https:\/\/gltestm.webology.pl\/de\/wp-json\/wp\/v2\/media?parent=18468"}],"wp:term":[{"taxonomy":"product_brand","embeddable":true,"href":"https:\/\/gltestm.webology.pl\/de\/wp-json\/wp\/v2\/product_brand?post=18468"},{"taxonomy":"product_cat","embeddable":true,"href":"https:\/\/gltestm.webology.pl\/de\/wp-json\/wp\/v2\/product_cat?post=18468"},{"taxonomy":"product_tag","embeddable":true,"href":"https:\/\/gltestm.webology.pl\/de\/wp-json\/wp\/v2\/product_tag?post=18468"}],"curies":[{"name":"wp","href":"https:\/\/api.w.org\/{rel}","templated":true}]}}