{"id":18464,"date":"2026-03-18T22:39:06","date_gmt":"2026-03-18T21:39:06","guid":{"rendered":"https:\/\/gltestm.webology.pl\/produkt\/universal-naehmaschinenfuss\/"},"modified":"2026-03-22T21:42:26","modified_gmt":"2026-03-22T20:42:26","slug":"universal-naehmaschinenfuss","status":"publish","type":"product","link":"https:\/\/gltestm.webology.pl\/de\/produkt\/universal-naehmaschinenfuss\/","title":{"rendered":"Universal-N\u00e4hmaschinenfu\u00df"},"content":{"rendered":"<h2>Universal-N\u00e4hmaschinenfu\u00df<\/h2>\n<p>Der Universaln\u00e4hmaschinenfuss ist ein <strong>vielseitiges<\/strong> Werkzeug, das f\u00fcr <strong>viele Arten von Projekten<\/strong> verwendet werden kann.<\/p>\n<h2>Die wichtigsten Merkmale des Universalfu\u00dfes<\/h2>\n<ul>\n<li><strong>Vielseitig einsetzbar<\/strong>: Dieser Fu\u00df ist f\u00fcr den <strong>allgemeinen Gebrauch<\/strong> konzipiert und eignet sich ideal f\u00fcr verschiedene Arten von Stichen, darunter <strong>Nutzstiche<\/strong>, <strong>elastische<\/strong> Stiche sowie Dekor- und <strong>Zierstiche<\/strong>. Mit ihm k\u00f6nnen Sie ganz einfach viele verschiedene N\u00e4hvorg\u00e4nge durchf\u00fchren.<\/li>\n<li>N\u00e4hen mit einer<strong>Doppelnadel<\/strong>: Mit diesem Werkzeug k\u00f6nnen Sie auch <strong>mit einer Doppelnadel<\/strong> n\u00e4hen, was n\u00fctzlich ist, um <strong>markante<\/strong> und <strong>haltbare<\/strong> Stiche zu erstellen. Stellen Sie einfach die entsprechende Stichbreite und -l\u00e4nge ein, um die gew\u00fcnschten Ergebnisse zu erzielen.<\/li>\n<li>Anpassungsf\u00e4higkeit: Der Fu\u00df <strong>l\u00e4sst sich leicht ein-<\/strong> und <strong>ausbauen<\/strong> und ist <strong>mit den meisten Haushaltsn\u00e4hmaschinen kompatibel<\/strong>. Dadurch ist er bequem zu benutzen und leicht zug\u00e4nglich.<\/li>\n<li>Auswahl der Stiche: Sie k\u00f6nnen je nach Projektbedarf <strong>verschiedene Stichtypen<\/strong> ausw\u00e4hlen, und der Universalfu\u00df sorgt f\u00fcr pr\u00e4zise und \u00e4sthetische Ergebnisse.<\/li>\n<\/ul>\n<p>Der Universaln\u00e4hmaschinenfu\u00df ist ein unverzichtbares Werkzeug f\u00fcr alle Schneider oder Hobbyisten, die eine Vielzahl von Stoffprojekten erstellen m\u00f6chten. Seine Vielseitigkeit erlaubt es Ihnen, mit verschiedenen Stichen und N\u00e4htechniken zu experimentieren, was Ihnen eine breite Palette an M\u00f6glichkeiten er\u00f6ffnet, einzigartige und sch\u00f6ne Kleidungsst\u00fccke und Accessoires zu kreieren.<\/p>\n<h2>MATIC-Schnellbefestigungssystem<\/h2>\n<div>Der Fu\u00df passt auf alle Lucznik-Maschinen aus dem aktuellen Verkaufsprogramm. Der Fu\u00df ist f\u00fcr die meisten Haushaltsn\u00e4hmaschinen mit <a href=\"https:\/\/galerialucznik.pl\/search.php?text=matic\" target=\"_blank\" rel=\"noopener\"><strong>MATIC-Schnellbefestigung<\/strong><\/a> ausgelegt. Bei \u00e4lteren Maschinen, die nicht \u00fcber einen <strong><a href=\"https:\/\/galerialucznik.pl\/search.php?text=matic\" target=\"_blank\" rel=\"noopener\">Schnapphalter<\/a> verf\u00fcgen, <\/strong> ist es notwendig, diesen zu installieren.<\/div>\n<h2><strong>Beispiele von<\/strong><strong> Maschinen, zu denen der Fu\u00df passt<\/strong><\/h2>\n<ul>\n<li><strong>Lucznik<\/strong>: alle Maschinen aus dem aktuellen Verkaufsangebot, wie Ewa 2014, Teresa, <a>Polonia 2018<\/a>,<a>  ZofiaII<\/a><a>2015, <\/a><a>Helena 2060, <\/a><a>Marilyn 2018 HD, <\/a>Kornelia 2005 und andere.<\/li>\n<li><strong>Archer<\/strong>: 884, 827, 877, 814, 864, 834, 833, 838 &#8211; <strong><a href=\"https:\/\/galerialucznik.pl\/pl\/products\/czesci-i-akcesoria\/stopki-i-lamowniki\/uchwyty-do-stopek\/uchwyt-matic-typ-niski-576.html\" target=\"_blank\" rel=\"noopener\">nur mit niedrigem Matic-Griff.<\/a><\/strong><\/li>\n<li><strong>Bogensch\u00fctze<\/strong> cl. 400 &#8211; <strong><a href=\"https:\/\/galerialucznik.pl\/pl\/products\/czesci-i-akcesoria\/stopki-i-lamowniki\/uchwyty-do-stopek\/uchwyt-matic-typ-wysoki-577.html\" target=\"_blank\" rel=\"noopener\">nur mit hohem Matic-Griff.<\/a><\/strong><\/li>\n<li><strong>Singer<\/strong>: 4411 HEAVY DUTY, 4423 HEAVY DUTY, 3221, Brilliance 6180, C44 und andere.<\/li>\n<li><strong>Singer<\/strong>: 814, 833, 518, 514 &#8211; <strong><a href=\"https:\/\/galerialucznik.pl\/pl\/products\/czesci-i-akcesoria\/stopki-i-lamowniki\/uchwyty-do-stopek\/uchwyt-matic-typ-niski-576.html\" target=\"_blank\" rel=\"noopener\">nur mit niedrigem Matic-Griff<\/a><\/strong><\/li>\n<li><strong>Janome<\/strong> mit Schwingschaft: 393, 415, 419S, E1015, JUNO J15, SAKURA 95 und andere.<\/li>\n<li><strong>Elna<\/strong> mit Schwingschaft: 160, 220, 3210 Jeans, 560 und andere.<\/li>\n<li><strong>Brother<\/strong>: NV-10, NV-35, NV-1250, 1100, 1800, VQ2, DS-140 u.a<\/li>\n<li><strong>Juki<\/strong>: HZL-27Z, 353, F400, F600 und andere<\/li>\n<li><strong>Minerva<\/strong>: B32, 250C, Decor Professional, Experience 1000 und andere.<\/li>\n<li><strong>Toyota<\/strong> mit Schiffchen und Drehgreifer: 21DES, SPA15R, SUPER JEANS 26, QUILT226, SPA34, JFS18<\/li>\n<\/ul>\n<p>F\u00fchren Sie vor dem eigentlichen N\u00e4hen immer <strong>eine Probenaht<\/strong> durch.<\/p>\n","protected":false},"excerpt":{"rendered":"<p>Universalfu\u00df f\u00fcr den allgemeinen Gebrauch mit einer Vielzahl von Nutz-, Elastik- und Dekorstichen.<\/p>\n","protected":false},"featured_media":12941,"comment_status":"open","ping_status":"closed","template":"","meta":[],"product_brand":[],"product_cat":[450],"product_tag":[],"class_list":{"0":"post-18464","1":"product","2":"type-product","3":"status-publish","4":"has-post-thumbnail","6":"product_cat-stopki-do-maszyn","8":"first","9":"outofstock","10":"taxable","11":"shipping-taxable","12":"purchasable","13":"product-type-variable"},"_links":{"self":[{"href":"https:\/\/gltestm.webology.pl\/de\/wp-json\/wp\/v2\/product\/18464","targetHints":{"allow":["GET"]}}],"collection":[{"href":"https:\/\/gltestm.webology.pl\/de\/wp-json\/wp\/v2\/product"}],"about":[{"href":"https:\/\/gltestm.webology.pl\/de\/wp-json\/wp\/v2\/types\/product"}],"replies":[{"embeddable":true,"href":"https:\/\/gltestm.webology.pl\/de\/wp-json\/wp\/v2\/comments?post=18464"}],"version-history":[{"count":0,"href":"https:\/\/gltestm.webology.pl\/de\/wp-json\/wp\/v2\/product\/18464\/revisions"}],"wp:featuredmedia":[{"embeddable":true,"href":"https:\/\/gltestm.webology.pl\/de\/wp-json\/wp\/v2\/media\/12941"}],"wp:attachment":[{"href":"https:\/\/gltestm.webology.pl\/de\/wp-json\/wp\/v2\/media?parent=18464"}],"wp:term":[{"taxonomy":"product_brand","embeddable":true,"href":"https:\/\/gltestm.webology.pl\/de\/wp-json\/wp\/v2\/product_brand?post=18464"},{"taxonomy":"product_cat","embeddable":true,"href":"https:\/\/gltestm.webology.pl\/de\/wp-json\/wp\/v2\/product_cat?post=18464"},{"taxonomy":"product_tag","embeddable":true,"href":"https:\/\/gltestm.webology.pl\/de\/wp-json\/wp\/v2\/product_tag?post=18464"}],"curies":[{"name":"wp","href":"https:\/\/api.w.org\/{rel}","templated":true}]}}