{"id":18460,"date":"2026-03-18T22:39:06","date_gmt":"2026-03-18T21:39:06","guid":{"rendered":"https:\/\/gltestm.webology.pl\/produkt\/matic-griff-niedriger-typ\/"},"modified":"2026-03-22T21:50:42","modified_gmt":"2026-03-22T20:50:42","slug":"matic-griff-niedriger-typ","status":"publish","type":"product","link":"https:\/\/gltestm.webology.pl\/de\/produkt\/matic-griff-niedriger-typ\/","title":{"rendered":"Matic-Griff &#8211; niedriger Typ"},"content":{"rendered":"<p><strong>Alow matic Halterung<\/strong>, die Sie auf und ersetzen Sie die Snap-on-F\u00fc\u00dfe, die wir in unserem Angebot haben einrasten k\u00f6nnen. <\/p>\n<p><span>Er erm\u00f6glicht es Ihnen, einen Matic-Fu\u00df an einer \u00e4lteren Maschine zu befestigen. <\/span><\/p>\n<p><span>Der<strong>Low-Matic-Halter<\/strong> ist f\u00fcr neuere Lucznik-Maschinen der <strong>800er- und 2000er-Serie<\/strong> sowie f\u00fcr <strong>alle aktuellen Lucznik-Maschinenmodelle<\/strong> geeignet <strong>.<br \/><\/strong><\/span><\/p>\n<div>\n<div>\n<div>\n<p>Der Halter<span>ist einfach zu installieren und passt auf die meisten neueren N\u00e4hmaschinen<\/span><span> (Lucznik Klasse 800, Janome, Brother, Toyota, Huskystar, Redstar, Pfaff, Singer, Bernina Bernette, Jaguar).<\/span><\/p>\n<p>Passt nicht f\u00fcr Lucznik 466 Maschinen<\/p><\/div>\n<\/div>\n<\/div>\n","protected":false},"excerpt":{"rendered":"<p>Schnellbefestigungsb\u00fcgel f\u00fcr N\u00e4hmaschinen. Erm\u00f6glicht das Anbringen eines Schnappfu\u00dfes an einer \u00e4lteren Lucznik-Maschine.<\/p>\n","protected":false},"featured_media":13777,"comment_status":"open","ping_status":"closed","template":"","meta":[],"product_brand":[],"product_cat":[465],"product_tag":[],"class_list":{"0":"post-18460","1":"product","2":"type-product","3":"status-publish","4":"has-post-thumbnail","6":"product_cat-uchwyty-do-stopek","8":"first","9":"outofstock","10":"taxable","11":"shipping-taxable","12":"purchasable","13":"product-type-variable"},"_links":{"self":[{"href":"https:\/\/gltestm.webology.pl\/de\/wp-json\/wp\/v2\/product\/18460","targetHints":{"allow":["GET"]}}],"collection":[{"href":"https:\/\/gltestm.webology.pl\/de\/wp-json\/wp\/v2\/product"}],"about":[{"href":"https:\/\/gltestm.webology.pl\/de\/wp-json\/wp\/v2\/types\/product"}],"replies":[{"embeddable":true,"href":"https:\/\/gltestm.webology.pl\/de\/wp-json\/wp\/v2\/comments?post=18460"}],"version-history":[{"count":0,"href":"https:\/\/gltestm.webology.pl\/de\/wp-json\/wp\/v2\/product\/18460\/revisions"}],"wp:featuredmedia":[{"embeddable":true,"href":"https:\/\/gltestm.webology.pl\/de\/wp-json\/wp\/v2\/media\/13777"}],"wp:attachment":[{"href":"https:\/\/gltestm.webology.pl\/de\/wp-json\/wp\/v2\/media?parent=18460"}],"wp:term":[{"taxonomy":"product_brand","embeddable":true,"href":"https:\/\/gltestm.webology.pl\/de\/wp-json\/wp\/v2\/product_brand?post=18460"},{"taxonomy":"product_cat","embeddable":true,"href":"https:\/\/gltestm.webology.pl\/de\/wp-json\/wp\/v2\/product_cat?post=18460"},{"taxonomy":"product_tag","embeddable":true,"href":"https:\/\/gltestm.webology.pl\/de\/wp-json\/wp\/v2\/product_tag?post=18460"}],"curies":[{"name":"wp","href":"https:\/\/api.w.org\/{rel}","templated":true}]}}