{"id":18448,"date":"2026-03-18T22:39:05","date_gmt":"2026-03-18T21:39:05","guid":{"rendered":"https:\/\/gltestm.webology.pl\/produkt\/lucznik-ha2-classic-stoffnadeln\/"},"modified":"2026-03-22T21:43:19","modified_gmt":"2026-03-22T20:43:19","slug":"lucznik-ha2-classic-stoffnadeln","status":"publish","type":"product","link":"https:\/\/gltestm.webology.pl\/de\/produkt\/lucznik-ha2-classic-stoffnadeln\/","title":{"rendered":"Lucznik HA*2 classic Stoffnadeln"},"content":{"rendered":"<h2><strong>Lucznik HA*2 Nadelset<\/strong><\/h2>\n<p>Das Lucznik HA*2 Nadelset ist f\u00fcr das N\u00e4hen mit Stoffen bestimmt. Wir k\u00f6nnen diese Nadeln sowohl f\u00fcr N\u00e4hmaschinen als auch f\u00fcr Overlocks der Marke Lucznik verwenden.<\/p>\n<p>\u0141ucznik Nadeln mit <strong>SLOW-Kolben<\/strong> passen zu allen N\u00e4hmaschinen und Overlockmaschinen der Marke \u0141ucznik aus dem aktuellen Verkaufsangebot.<\/p>\n<p>Lucznik HA*2 Nadeln sind in <strong>5 St\u00fcck<\/strong> verpackt kommen in<strong> 3 Gr\u00f6\u00dfen<\/strong> (von Dicke 70 bis Dicke 90).<\/p>\n<p><strong>70\/10 &#8211; 1 St\u00fcck.<\/strong><br \/><strong>80\/12 &#8211; 2 Stk.<\/strong><br \/><strong>90\/14 &#8211; 2 St\u00fcck.<\/strong><\/p>\n<p>Bei der Auswahl der Nadelgr\u00f6\u00dfe gilt die einfache Regel, immer die kleinstm\u00f6gliche Gr\u00f6\u00dfe zu w\u00e4hlen, um den gen\u00e4hten Stoff nicht unn\u00f6tig zu perforieren. Es ist jedoch zu bedenken, dass die Gr\u00f6\u00dfe der Nadel die Gr\u00f6\u00dfe der \u00d6se bestimmt, und die \u00d6se muss gro\u00df genug sein, damit sich der Faden frei bewegen kann.<\/p>\n<p><strong>VERGESSEN!<\/strong><br \/>\u00dcberpr\u00fcfen Sie auch regelm\u00e4\u00dfig die Nadelspitze. Wenn Sie Anzeichen von Abnutzung feststellen, sollten Sie die Nadel durch eine neue ersetzen. Der Zustand der Nadel wirkt sich auf die Qualit\u00e4t des Stichs aus, eine besch\u00e4digte Nadelspitze kann den gen\u00e4hten Stoff besch\u00e4digen. Nadeln sollten in ihrer Originalverpackung aufbewahrt werden, um Besch\u00e4digungen zu vermeiden.<\/p>\n","protected":false},"excerpt":{"rendered":"<p>Universal-Stoffnadeln im Set &#8211; 5 St\u00fcck in den Gr\u00f6\u00dfen: 70, 80, 90<\/p>\n","protected":false},"featured_media":14548,"comment_status":"open","ping_status":"closed","template":"","meta":[],"product_brand":[],"product_cat":[520],"product_tag":[],"class_list":{"0":"post-18448","1":"product","2":"type-product","3":"status-publish","4":"has-post-thumbnail","6":"product_cat-igly-do-maszyn","8":"first","9":"instock","10":"taxable","11":"shipping-taxable","12":"purchasable","13":"product-type-variable"},"_links":{"self":[{"href":"https:\/\/gltestm.webology.pl\/de\/wp-json\/wp\/v2\/product\/18448","targetHints":{"allow":["GET"]}}],"collection":[{"href":"https:\/\/gltestm.webology.pl\/de\/wp-json\/wp\/v2\/product"}],"about":[{"href":"https:\/\/gltestm.webology.pl\/de\/wp-json\/wp\/v2\/types\/product"}],"replies":[{"embeddable":true,"href":"https:\/\/gltestm.webology.pl\/de\/wp-json\/wp\/v2\/comments?post=18448"}],"version-history":[{"count":0,"href":"https:\/\/gltestm.webology.pl\/de\/wp-json\/wp\/v2\/product\/18448\/revisions"}],"wp:featuredmedia":[{"embeddable":true,"href":"https:\/\/gltestm.webology.pl\/de\/wp-json\/wp\/v2\/media\/14548"}],"wp:attachment":[{"href":"https:\/\/gltestm.webology.pl\/de\/wp-json\/wp\/v2\/media?parent=18448"}],"wp:term":[{"taxonomy":"product_brand","embeddable":true,"href":"https:\/\/gltestm.webology.pl\/de\/wp-json\/wp\/v2\/product_brand?post=18448"},{"taxonomy":"product_cat","embeddable":true,"href":"https:\/\/gltestm.webology.pl\/de\/wp-json\/wp\/v2\/product_cat?post=18448"},{"taxonomy":"product_tag","embeddable":true,"href":"https:\/\/gltestm.webology.pl\/de\/wp-json\/wp\/v2\/product_tag?post=18448"}],"curies":[{"name":"wp","href":"https:\/\/api.w.org\/{rel}","templated":true}]}}