{"id":18444,"date":"2026-03-18T22:39:04","date_gmt":"2026-03-18T21:39:04","guid":{"rendered":"https:\/\/gltestm.webology.pl\/produkt\/elektronische-analytische-badezimmerwaage-bs-11-b\/"},"modified":"2026-03-22T21:40:18","modified_gmt":"2026-03-22T20:40:18","slug":"elektronische-analytische-badezimmerwaage-bs-11-b","status":"publish","type":"product","link":"https:\/\/gltestm.webology.pl\/de\/produkt\/elektronische-analytische-badezimmerwaage-bs-11-b\/","title":{"rendered":"Elektronische analytische Badezimmerwaage BS-11 B"},"content":{"rendered":"<h2><strong>Elektronische Multifunktions-Badewaage BS-11 B<\/strong><\/h2>\n<p>Die<strong>elektronische Multifunktions-Badewaage<\/strong> BS-11<strong>B<\/strong> mit einer maximalen Gewichtskapazit\u00e4t von 180 kg, LCD-Display, \u00dcberlastungsanzeige und Batterieanzeige kann einen Ehrenplatz in Ihrem Badezimmer einnehmen. Die <strong>Waage ist in der Lage, die Daten von 10 Personen zu speichern<\/strong>. Die Oberfl\u00e4che der Waage ist aus geh\u00e4rtetem Glas gefertigt. Die <strong>Waage<\/strong> verwendet die neueste BIA-Technologie (bioelektrische Impedanzanalyse). Unsere<strong> Multifunktionswaage <\/strong>hat eine Auswahl an Ma\u00dfeinheiten in kg, lb und st.<\/p>\n<h2>Wichtigste Merkmale<\/h2>\n<ul>\n<li>Gro\u00dfe, leicht ablesbare LCD-Anzeige<\/li>\n<li>Gewichtseinheiten: kg, lb, st<\/li>\n<li>Gewichtsmessbereich: 5-180 kg<\/li>\n<li>Messgenauigkeit: 100 g<\/li>\n<li>Zus\u00e4tzliche Messung: Muskelmasse, Knochengewebe, K\u00f6rperfett, K\u00f6rperwassergehalt<\/li>\n<li>Genauigkeit der Messung des Fettgewebes: 0,01%<\/li>\n<li>Speicher f\u00fcr bis zu 10 Benutzer<\/li>\n<li>Automatisches Einschalten &#8211; &#8222;Step-on&#8220;-Funktion<\/li>\n<li>Automatische Abschaltung (verl\u00e4ngert die Batterielebensdauer)<\/li>\n<li>Automatische Kalibrierung<\/li>\n<li>Geh\u00e4rtetes Sicherheitsglas<\/li>\n<li>Batterieladeanzeige<\/li>\n<li>Stromversorgung: 2 AAA-Batterien (im Lieferumfang enthalten)<\/li>\n<li>Abmessungen: 30 \u00d7 30 cm<\/li>\n<\/ul>\n<p>Die <strong>Waage<\/strong> ist mit der <strong>Funktion<\/strong> ausgestattet <strong>, den BMI und die Kalorien zu messen<\/strong> sowie das <strong>K\u00f6rpergewicht und die Muskel-, Knochen-, Fett- und Fl\u00fcssigkeitsmenge mit einer Genauigkeit von 0,1%<\/strong> zu bestimmen. Dies sind \u00e4u\u00dferst n\u00fctzliche Daten, die f\u00fcr jeden n\u00fctzlich sind, insbesondere f\u00fcr Menschen, die Sport treiben und auf ihre Gesundheit achten und die ein bestimmtes Ziel erreichen wollen, sei es, die Muskelmasse zu erh\u00f6hen, den K\u00f6rperfettanteil zu reduzieren oder einfach ein paar Pfunde zu verlieren. Unsere professionelle <strong>elektronische Multifunktions-Badewaage BS-11 B <\/strong>erm\u00f6glicht es Ihnen, das zu tun, was Sie jetzt auf Waagen in Fitnessstudios oder Di\u00e4tb\u00fcros \u00fcberpr\u00fcfen k\u00f6nnen. Hinweis: Der K\u00f6rperfettanteil und der Anteil der K\u00f6rperfl\u00fcssigkeit dienen <strong>nur zu Informationszwecken<\/strong>.<\/p>\n<h2><strong>24-monatige Garantie<\/strong><\/h2>\n<p>Die<strong>elektronische Waage <\/strong>BS-11<strong>B <\/strong>wird mit einer<strong> 24-monatigen Garantie <\/strong>und einer<strong> Anleitung in polnischer Sprache<\/strong> geliefert, die vor der Benutzung des Ger\u00e4ts gelesen werden sollte.            <\/p>\n","protected":false},"excerpt":{"rendered":"<p>Die elektronische Multifunktions-Badewaage BS-11B mit einer maximalen Gewichtskapazit\u00e4t von 180 kg, mit einem LCD-Display, das mit der Funktion der Messung von BMI und Kalorien, sowie die Messung von K\u00f6rpergewicht, Muskeln, Knochen und Fett und Hydratatio<\/p>\n","protected":false},"featured_media":14962,"comment_status":"open","ping_status":"closed","template":"","meta":[],"product_brand":[],"product_cat":[665],"product_tag":[],"class_list":{"0":"post-18444","1":"product","2":"type-product","3":"status-publish","4":"has-post-thumbnail","6":"product_cat-wagi-lazienkowe","8":"first","9":"outofstock","10":"taxable","11":"shipping-taxable","12":"purchasable","13":"product-type-variable"},"_links":{"self":[{"href":"https:\/\/gltestm.webology.pl\/de\/wp-json\/wp\/v2\/product\/18444","targetHints":{"allow":["GET"]}}],"collection":[{"href":"https:\/\/gltestm.webology.pl\/de\/wp-json\/wp\/v2\/product"}],"about":[{"href":"https:\/\/gltestm.webology.pl\/de\/wp-json\/wp\/v2\/types\/product"}],"replies":[{"embeddable":true,"href":"https:\/\/gltestm.webology.pl\/de\/wp-json\/wp\/v2\/comments?post=18444"}],"version-history":[{"count":0,"href":"https:\/\/gltestm.webology.pl\/de\/wp-json\/wp\/v2\/product\/18444\/revisions"}],"wp:featuredmedia":[{"embeddable":true,"href":"https:\/\/gltestm.webology.pl\/de\/wp-json\/wp\/v2\/media\/14962"}],"wp:attachment":[{"href":"https:\/\/gltestm.webology.pl\/de\/wp-json\/wp\/v2\/media?parent=18444"}],"wp:term":[{"taxonomy":"product_brand","embeddable":true,"href":"https:\/\/gltestm.webology.pl\/de\/wp-json\/wp\/v2\/product_brand?post=18444"},{"taxonomy":"product_cat","embeddable":true,"href":"https:\/\/gltestm.webology.pl\/de\/wp-json\/wp\/v2\/product_cat?post=18444"},{"taxonomy":"product_tag","embeddable":true,"href":"https:\/\/gltestm.webology.pl\/de\/wp-json\/wp\/v2\/product_tag?post=18444"}],"curies":[{"name":"wp","href":"https:\/\/api.w.org\/{rel}","templated":true}]}}