{"id":18440,"date":"2026-03-18T22:39:04","date_gmt":"2026-03-18T21:39:04","guid":{"rendered":"https:\/\/gltestm.webology.pl\/produkt\/salz-pfeffer-und-gewuerzmuehle-pm-101-gruen\/"},"modified":"2026-03-22T21:48:35","modified_gmt":"2026-03-22T20:48:35","slug":"salz-pfeffer-und-gewuerzmuehle-pm-101-gruen","status":"publish","type":"product","link":"https:\/\/gltestm.webology.pl\/de\/produkt\/salz-pfeffer-und-gewuerzmuehle-pm-101-gruen\/","title":{"rendered":"Salz-, Pfeffer- und Gew\u00fcrzm\u00fchle PM-101 gr\u00fcn"},"content":{"rendered":"<h2><strong>Salz-, Pfeffer- und Gew\u00fcrzm\u00fchle PM101 <\/strong>&#8211; Details<strong><br \/><\/strong><\/h2>\n<p>Die Salz-,<strong>Pfeffer- und <\/strong>Gew\u00fcrzm\u00fchle PM101 ist mit <strong>Keramikf\u00e4den <\/strong> ausgestattet, deren Arbeit eingestellt werden kann, so dass die St\u00e4rke des Mahlens von Gew\u00fcrzen beliebig reduziert oder erh\u00f6ht werden kann.<\/p>\n<p>Die sattgr\u00fcne Farbe der M\u00fchle <strong>PM101<\/strong> bringt einen frischen, positiven Akzent in den Raum, und ihr mattes, angenehm zu ber\u00fchrendes Geh\u00e4use macht die Benutzung zu einem wahren Vergn\u00fcgen.<\/p>\n<p><strong>Die M\u00fchle<\/strong> ist ideal zum Mahlen von Salz, Pfeffer, Koriander und anderen Gew\u00fcrzen.<strong> Erh\u00e4ltlich in verschiedenen Farben: <\/strong>orange, gelb, rosa, blau, rot, wei\u00df, schwarz, vanille, schokolade und lila. <\/p>\n<p>DiePM101<strong>Salz-, Pfeffer- und Gew\u00fcrzm\u00fchle<\/strong> wird mit einer <strong>24-monatigen Garantie<\/strong> und einer <strong>Anleitung in polnischer Sprache<\/strong> geliefert, die vor der Benutzung des Ger\u00e4ts gelesen werden sollte.  <\/p>\n","protected":false},"excerpt":{"rendered":"<p>Die Salz-, Pfeffer- und Gew\u00fcrzm\u00fchle PM101 ist perfekt zum Mahlen von Salz, Pfeffer, Koriander und anderen Gew\u00fcrzen. Die M\u00fchle ist in verschiedenen Farben erh\u00e4ltlich und hat ein Keramikwerk mit einstellbarer Mahlst\u00e4rke<\/p>\n","protected":false},"featured_media":13267,"comment_status":"open","ping_status":"closed","template":"","meta":[],"product_brand":[],"product_cat":[590],"product_tag":[],"class_list":{"0":"post-18440","1":"product","2":"type-product","3":"status-publish","4":"has-post-thumbnail","6":"product_cat-mlynki","8":"first","9":"instock","10":"taxable","11":"shipping-taxable","12":"product-type-simple"},"_links":{"self":[{"href":"https:\/\/gltestm.webology.pl\/de\/wp-json\/wp\/v2\/product\/18440","targetHints":{"allow":["GET"]}}],"collection":[{"href":"https:\/\/gltestm.webology.pl\/de\/wp-json\/wp\/v2\/product"}],"about":[{"href":"https:\/\/gltestm.webology.pl\/de\/wp-json\/wp\/v2\/types\/product"}],"replies":[{"embeddable":true,"href":"https:\/\/gltestm.webology.pl\/de\/wp-json\/wp\/v2\/comments?post=18440"}],"version-history":[{"count":0,"href":"https:\/\/gltestm.webology.pl\/de\/wp-json\/wp\/v2\/product\/18440\/revisions"}],"wp:featuredmedia":[{"embeddable":true,"href":"https:\/\/gltestm.webology.pl\/de\/wp-json\/wp\/v2\/media\/13267"}],"wp:attachment":[{"href":"https:\/\/gltestm.webology.pl\/de\/wp-json\/wp\/v2\/media?parent=18440"}],"wp:term":[{"taxonomy":"product_brand","embeddable":true,"href":"https:\/\/gltestm.webology.pl\/de\/wp-json\/wp\/v2\/product_brand?post=18440"},{"taxonomy":"product_cat","embeddable":true,"href":"https:\/\/gltestm.webology.pl\/de\/wp-json\/wp\/v2\/product_cat?post=18440"},{"taxonomy":"product_tag","embeddable":true,"href":"https:\/\/gltestm.webology.pl\/de\/wp-json\/wp\/v2\/product_tag?post=18440"}],"curies":[{"name":"wp","href":"https:\/\/api.w.org\/{rel}","templated":true}]}}