{"id":18432,"date":"2026-03-18T22:39:03","date_gmt":"2026-03-18T21:39:03","guid":{"rendered":"https:\/\/gltestm.webology.pl\/produkt\/elektrische-muehle-pm-101-lila\/"},"modified":"2026-03-22T21:48:32","modified_gmt":"2026-03-22T20:48:32","slug":"elektrische-muehle-pm-101-lila","status":"publish","type":"product","link":"https:\/\/gltestm.webology.pl\/de\/produkt\/elektrische-muehle-pm-101-lila\/","title":{"rendered":"Elektrische M\u00fchle PM-101 lila"},"content":{"rendered":"<h2>Salz-, Pfeffer- und Gew\u00fcrzm\u00fchle PM-101<\/h2>\n<p><strong>Salz-, Pfeffer- und Gew\u00fcrzm\u00fchle PM-101 in dunkelvioletter Farbe. <\/strong>Sie wird mit Batterien betrieben und erm\u00f6glicht es Ihnen, auf Knopfdruck zu mahlen, ohne den Mechanismus drehen zu m\u00fcssen. <strong>Die M\u00fchle <\/strong>verf\u00fcgt \u00fcber einen<strong> einstellbaren Mahlgrad <\/strong>, der es Ihnen erm\u00f6glicht, die Beschaffenheit des Gew\u00fcrzes perfekt auf das Gericht abzustimmen, das Sie zubereiten.<\/p>\n<p>Das Mahlwerk Lucznik<strong>PM-101<\/strong> ist ideal zum Mahlen aller k\u00f6rnigen Gew\u00fcrze wie Pfeffer, Salz oder Koriander. Es ist in<strong> verschiedenen Farbvarianten <\/strong>erh\u00e4ltlich<strong>: <\/strong>orange, gelb, gr\u00fcn, rosa, blau, rot, wei\u00df, schwarz, vanille und schokolade. Sein elegantes und stilvolles Design ist eine bemerkenswerte Dekoration f\u00fcr die K\u00fcche.<\/p>\n<h2>24-monatige Garantie<\/h2>\n<p>Die<strong>Salz-, Pfeffer- und Gew\u00fcrzm\u00fchle<\/strong> Lucznik<strong>PM-101<\/strong> wird mit einer <strong>24-monatigen Garantie<\/strong> und einer <strong>Anleitung in polnischer Sprache<\/strong> geliefert, die vor dem Gebrauch des Produkts gelesen werden sollte.  <\/p>\n","protected":false},"excerpt":{"rendered":"<p>Die Salz-, Pfeffer- und Gew\u00fcrzm\u00fchle PM101 ist perfekt zum Mahlen von Salz, Pfeffer, Koriander und anderen Gew\u00fcrzen. Die M\u00fchle ist in verschiedenen Farben erh\u00e4ltlich und hat ein Keramikwerk mit einstellbarer Mahlst\u00e4rke<\/p>\n","protected":false},"featured_media":13866,"comment_status":"open","ping_status":"closed","template":"","meta":[],"product_brand":[],"product_cat":[],"product_tag":[],"class_list":{"0":"post-18432","1":"product","2":"type-product","3":"status-publish","4":"has-post-thumbnail","7":"first","8":"instock","9":"taxable","10":"shipping-taxable","11":"product-type-simple"},"_links":{"self":[{"href":"https:\/\/gltestm.webology.pl\/de\/wp-json\/wp\/v2\/product\/18432","targetHints":{"allow":["GET"]}}],"collection":[{"href":"https:\/\/gltestm.webology.pl\/de\/wp-json\/wp\/v2\/product"}],"about":[{"href":"https:\/\/gltestm.webology.pl\/de\/wp-json\/wp\/v2\/types\/product"}],"replies":[{"embeddable":true,"href":"https:\/\/gltestm.webology.pl\/de\/wp-json\/wp\/v2\/comments?post=18432"}],"version-history":[{"count":0,"href":"https:\/\/gltestm.webology.pl\/de\/wp-json\/wp\/v2\/product\/18432\/revisions"}],"wp:featuredmedia":[{"embeddable":true,"href":"https:\/\/gltestm.webology.pl\/de\/wp-json\/wp\/v2\/media\/13866"}],"wp:attachment":[{"href":"https:\/\/gltestm.webology.pl\/de\/wp-json\/wp\/v2\/media?parent=18432"}],"wp:term":[{"taxonomy":"product_brand","embeddable":true,"href":"https:\/\/gltestm.webology.pl\/de\/wp-json\/wp\/v2\/product_brand?post=18432"},{"taxonomy":"product_cat","embeddable":true,"href":"https:\/\/gltestm.webology.pl\/de\/wp-json\/wp\/v2\/product_cat?post=18432"},{"taxonomy":"product_tag","embeddable":true,"href":"https:\/\/gltestm.webology.pl\/de\/wp-json\/wp\/v2\/product_tag?post=18432"}],"curies":[{"name":"wp","href":"https:\/\/api.w.org\/{rel}","templated":true}]}}