{"id":18428,"date":"2026-03-18T22:39:03","date_gmt":"2026-03-18T21:39:03","guid":{"rendered":"https:\/\/gltestm.webology.pl\/produkt\/salz-pfeffer-und-gewuerzmuehle-pm-101-vanille\/"},"modified":"2026-03-22T21:48:27","modified_gmt":"2026-03-22T20:48:27","slug":"salz-pfeffer-und-gewuerzmuehle-pm-101-vanille","status":"publish","type":"product","link":"https:\/\/gltestm.webology.pl\/de\/produkt\/salz-pfeffer-und-gewuerzmuehle-pm-101-vanille\/","title":{"rendered":"Salz-, Pfeffer- und Gew\u00fcrzm\u00fchle PM-101 Vanille"},"content":{"rendered":"<h2><strong>Salz-, Pfeffer- und Gew\u00fcrzm\u00fchle PM101 <\/strong>&#8211; Details<strong><br \/><\/strong><\/h2>\n<p><strong>Elektrische Salz-, Pfeffer- und Gew\u00fcrzm\u00fchle PM101 <\/strong>in dezenter Vanillefarbe. Sie erm\u00f6glicht ein m\u00fcheloses Mahlen &#8211; ein Druck auf den Knopf gen\u00fcgt, um die F\u00e4den in Rotation zu versetzen. Der Mahlgrad ist einstellbar, um verschiedene Mahlgrade zu erzielen.<\/p>\n<h2>Auslass<\/h2>\n<ul>\n<li>zur\u00fcckgegebenes Produkt (unbenutzt)<\/li>\n<li>verpackung \u00f6ffnen<\/li>\n<\/ul>\n<p><strong>DiePM101 <\/strong>M\u00fchle ist ideal zum Mahlen von Salz und anderen Gew\u00fcrzen. Sie k\u00f6nnen eine zweite M\u00fchle in einer passenden Farbe w\u00e4hlen, um sie von der M\u00fchle f\u00fcr andere Gew\u00fcrze, wie z. B. Pfeffer, zu unterscheiden. Verf\u00fcgbare Varianten: orange, gelb, gr\u00fcn, rosa, blau, rot, wei\u00df, schwarz, schokolade und lila. Die matte, angenehme Oberfl\u00e4che erh\u00f6ht den Benutzerkomfort, und die unauff\u00e4llige, dezente Farbe f\u00fcgt sich in jede K\u00fcche ein.<\/p>\n<p>Die<strong>Salz-, Pfeffer- und Gew\u00fcrzm\u00fchlePM101<\/strong> wird mit einer <strong>24-monatigen Garantie<\/strong> und einer <strong>Anleitung in polnischer Sprache<\/strong> geliefert, die vor dem Gebrauch des Produkts gelesen werden sollte.  <\/p>\n","protected":false},"excerpt":{"rendered":"<p>Die Salz-, Pfeffer- und Gew\u00fcrzm\u00fchle PM101 ist perfekt zum Mahlen von Salz, Pfeffer, Koriander und anderen Gew\u00fcrzen. Die M\u00fchle ist in verschiedenen Farben erh\u00e4ltlich und hat ein Keramikwerk mit einstellbarer Mahlst\u00e4rke<\/p>\n","protected":false},"featured_media":13703,"comment_status":"open","ping_status":"closed","template":"","meta":[],"product_brand":[],"product_cat":[],"product_tag":[],"class_list":{"0":"post-18428","1":"product","2":"type-product","3":"status-publish","4":"has-post-thumbnail","7":"first","8":"instock","9":"taxable","10":"shipping-taxable","11":"product-type-simple"},"_links":{"self":[{"href":"https:\/\/gltestm.webology.pl\/de\/wp-json\/wp\/v2\/product\/18428","targetHints":{"allow":["GET"]}}],"collection":[{"href":"https:\/\/gltestm.webology.pl\/de\/wp-json\/wp\/v2\/product"}],"about":[{"href":"https:\/\/gltestm.webology.pl\/de\/wp-json\/wp\/v2\/types\/product"}],"replies":[{"embeddable":true,"href":"https:\/\/gltestm.webology.pl\/de\/wp-json\/wp\/v2\/comments?post=18428"}],"version-history":[{"count":0,"href":"https:\/\/gltestm.webology.pl\/de\/wp-json\/wp\/v2\/product\/18428\/revisions"}],"wp:featuredmedia":[{"embeddable":true,"href":"https:\/\/gltestm.webology.pl\/de\/wp-json\/wp\/v2\/media\/13703"}],"wp:attachment":[{"href":"https:\/\/gltestm.webology.pl\/de\/wp-json\/wp\/v2\/media?parent=18428"}],"wp:term":[{"taxonomy":"product_brand","embeddable":true,"href":"https:\/\/gltestm.webology.pl\/de\/wp-json\/wp\/v2\/product_brand?post=18428"},{"taxonomy":"product_cat","embeddable":true,"href":"https:\/\/gltestm.webology.pl\/de\/wp-json\/wp\/v2\/product_cat?post=18428"},{"taxonomy":"product_tag","embeddable":true,"href":"https:\/\/gltestm.webology.pl\/de\/wp-json\/wp\/v2\/product_tag?post=18428"}],"curies":[{"name":"wp","href":"https:\/\/api.w.org\/{rel}","templated":true}]}}