{"id":18424,"date":"2026-03-18T22:39:02","date_gmt":"2026-03-18T21:39:02","guid":{"rendered":"https:\/\/gltestm.webology.pl\/produkt\/salz-pfeffer-und-gewuerzmuehle-pm-101-schwarz\/"},"modified":"2026-03-22T21:48:24","modified_gmt":"2026-03-22T20:48:24","slug":"salz-pfeffer-und-gewuerzmuehle-pm-101-schwarz","status":"publish","type":"product","link":"https:\/\/gltestm.webology.pl\/de\/produkt\/salz-pfeffer-und-gewuerzmuehle-pm-101-schwarz\/","title":{"rendered":"Salz-, Pfeffer- und Gew\u00fcrzm\u00fchle PM-101 schwarz"},"content":{"rendered":"<h2><strong>Salz-, Pfeffer- und Gew\u00fcrzm\u00fchle PM101 <\/strong>&#8211; Details<strong><br \/><\/strong><\/h2>\n<p><strong>Salz-, Pfeffer- und Gew\u00fcrzm\u00fchle PM101<\/strong> <strong>schwarz<\/strong> mit <strong>Keramikwerk<\/strong>, das \u00fcber eine<strong> einstellbare Mahlst\u00e4rke<\/strong> verf\u00fcgt, so dass Sie die f\u00fcr Sie richtige Korngr\u00f6\u00dfe w\u00e4hlen k\u00f6nnen<strong>.<\/strong><\/p>\n<p>DieLucznik<strong>PM101 <\/strong>ist eine elektrische M\u00fchle, mit der Sie auf Knopfdruck mahlen k\u00f6nnen, ohne die K\u00f6rner drehen zu m\u00fcssen. Sie ist mit einer angenehmen, matten Beschichtung versehen.<\/p>\n<p><strong>Die M\u00fchle<\/strong> ist ideal zum Mahlen von Salz, Pfeffer, Koriander und anderen Gew\u00fcrzen.<strong> Auch in anderen Farben erh\u00e4ltlich: <\/strong>orange, gelb, gr\u00fcn, rosa, blau, rot, wei\u00df, vanille, schokolade und lila. Zusammen mit einer wei\u00dfen oder vanillefarbenen M\u00fchle bildet sie ein unsterbliches Tandem: Salz- und Pfefferstreuer.<\/p>\n<p>DiePM101<strong>Salz-, Pfeffer- und Gew\u00fcrzm\u00fchle<\/strong> wird mit einer <strong>24-monatigen Garantie<\/strong> und einer <strong>Anleitung in polnischer Sprache<\/strong> geliefert, die vor der Benutzung des Ger\u00e4ts gelesen werden sollte.  <\/p>\n","protected":false},"excerpt":{"rendered":"<p>Die Salz-, Pfeffer- und Gew\u00fcrzm\u00fchle PM101 ist perfekt zum Mahlen von Salz, Pfeffer, Koriander und anderen Gew\u00fcrzen. Die M\u00fchle ist in verschiedenen Farben erh\u00e4ltlich und hat ein Keramikwerk mit einstellbarer Mahlst\u00e4rke<\/p>\n","protected":false},"featured_media":14542,"comment_status":"open","ping_status":"closed","template":"","meta":[],"product_brand":[],"product_cat":[],"product_tag":[],"class_list":{"0":"post-18424","1":"product","2":"type-product","3":"status-publish","4":"has-post-thumbnail","7":"first","8":"instock","9":"taxable","10":"shipping-taxable","11":"product-type-simple"},"_links":{"self":[{"href":"https:\/\/gltestm.webology.pl\/de\/wp-json\/wp\/v2\/product\/18424","targetHints":{"allow":["GET"]}}],"collection":[{"href":"https:\/\/gltestm.webology.pl\/de\/wp-json\/wp\/v2\/product"}],"about":[{"href":"https:\/\/gltestm.webology.pl\/de\/wp-json\/wp\/v2\/types\/product"}],"replies":[{"embeddable":true,"href":"https:\/\/gltestm.webology.pl\/de\/wp-json\/wp\/v2\/comments?post=18424"}],"version-history":[{"count":0,"href":"https:\/\/gltestm.webology.pl\/de\/wp-json\/wp\/v2\/product\/18424\/revisions"}],"wp:featuredmedia":[{"embeddable":true,"href":"https:\/\/gltestm.webology.pl\/de\/wp-json\/wp\/v2\/media\/14542"}],"wp:attachment":[{"href":"https:\/\/gltestm.webology.pl\/de\/wp-json\/wp\/v2\/media?parent=18424"}],"wp:term":[{"taxonomy":"product_brand","embeddable":true,"href":"https:\/\/gltestm.webology.pl\/de\/wp-json\/wp\/v2\/product_brand?post=18424"},{"taxonomy":"product_cat","embeddable":true,"href":"https:\/\/gltestm.webology.pl\/de\/wp-json\/wp\/v2\/product_cat?post=18424"},{"taxonomy":"product_tag","embeddable":true,"href":"https:\/\/gltestm.webology.pl\/de\/wp-json\/wp\/v2\/product_tag?post=18424"}],"curies":[{"name":"wp","href":"https:\/\/api.w.org\/{rel}","templated":true}]}}