{"id":18420,"date":"2026-03-18T22:39:02","date_gmt":"2026-03-18T21:39:02","guid":{"rendered":"https:\/\/gltestm.webology.pl\/produkt\/salz-pfeffer-und-gewuerzmuehle-pm-101-schokolade\/"},"modified":"2026-03-22T21:48:22","modified_gmt":"2026-03-22T20:48:22","slug":"salz-pfeffer-und-gewuerzmuehle-pm-101-schokolade","status":"publish","type":"product","link":"https:\/\/gltestm.webology.pl\/de\/produkt\/salz-pfeffer-und-gewuerzmuehle-pm-101-schokolade\/","title":{"rendered":"Salz-, Pfeffer- und Gew\u00fcrzm\u00fchle PM-101 Schokolade"},"content":{"rendered":"<h2><strong>Salz-, Pfeffer- und Gew\u00fcrzm\u00fchle PM101 <\/strong>&#8211; Details<strong><br \/><\/strong><\/h2>\n<p>Die PM101 Salz-, Pfeffer-<strong>und Gew\u00fcrzm\u00fchle<\/strong> mit <strong>Keramikmechanismus<\/strong> verf\u00fcgt \u00fcber eine<strong> einstellbare Mahlst\u00e4rke<\/strong>, so dass Sie die f\u00fcr Sie richtige Kornst\u00e4rke w\u00e4hlen k\u00f6nnen<strong>.<\/strong><\/p>\n<p><strong>Die M\u00fchle<\/strong> ist ideal zum Mahlen von Salz, Pfeffer, Koriander und anderen Gew\u00fcrzen. Sie ist<strong> in verschiedenen Farben erh\u00e4ltlich: <\/strong>orange, gelb, gr\u00fcn, rosa, blau, rot, wei\u00df, schwarz, vanille, schokolade und lila. Sein elegantes und stilvolles Design wird sich perfekt in den Hintergrund unserer K\u00fcche einf\u00fcgen.<\/p>\n<p>DiePM101<strong>Salz-, Pfeffer- und Gew\u00fcrzm\u00fchle<\/strong> wird mit einer <strong>24-monatigen Garantie<\/strong> und einer <strong>Anleitung in polnischer Sprache<\/strong> geliefert, die vor der Benutzung des Ger\u00e4ts gelesen werden sollte.  <\/p>\n","protected":false},"excerpt":{"rendered":"<p>Die Salz-, Pfeffer- und Gew\u00fcrzm\u00fchle PM101 ist perfekt zum Mahlen von Salz, Pfeffer, Koriander und anderen Gew\u00fcrzen. Die M\u00fchle ist in verschiedenen Farben erh\u00e4ltlich und hat ein Keramikwerk mit einstellbarer Mahlst\u00e4rke<\/p>\n","protected":false},"featured_media":15022,"comment_status":"open","ping_status":"closed","template":"","meta":[],"product_brand":[],"product_cat":[],"product_tag":[],"class_list":{"0":"post-18420","1":"product","2":"type-product","3":"status-publish","4":"has-post-thumbnail","7":"first","8":"instock","9":"taxable","10":"shipping-taxable","11":"product-type-simple"},"_links":{"self":[{"href":"https:\/\/gltestm.webology.pl\/de\/wp-json\/wp\/v2\/product\/18420","targetHints":{"allow":["GET"]}}],"collection":[{"href":"https:\/\/gltestm.webology.pl\/de\/wp-json\/wp\/v2\/product"}],"about":[{"href":"https:\/\/gltestm.webology.pl\/de\/wp-json\/wp\/v2\/types\/product"}],"replies":[{"embeddable":true,"href":"https:\/\/gltestm.webology.pl\/de\/wp-json\/wp\/v2\/comments?post=18420"}],"version-history":[{"count":0,"href":"https:\/\/gltestm.webology.pl\/de\/wp-json\/wp\/v2\/product\/18420\/revisions"}],"wp:featuredmedia":[{"embeddable":true,"href":"https:\/\/gltestm.webology.pl\/de\/wp-json\/wp\/v2\/media\/15022"}],"wp:attachment":[{"href":"https:\/\/gltestm.webology.pl\/de\/wp-json\/wp\/v2\/media?parent=18420"}],"wp:term":[{"taxonomy":"product_brand","embeddable":true,"href":"https:\/\/gltestm.webology.pl\/de\/wp-json\/wp\/v2\/product_brand?post=18420"},{"taxonomy":"product_cat","embeddable":true,"href":"https:\/\/gltestm.webology.pl\/de\/wp-json\/wp\/v2\/product_cat?post=18420"},{"taxonomy":"product_tag","embeddable":true,"href":"https:\/\/gltestm.webology.pl\/de\/wp-json\/wp\/v2\/product_tag?post=18420"}],"curies":[{"name":"wp","href":"https:\/\/api.w.org\/{rel}","templated":true}]}}