{"id":18416,"date":"2026-03-18T22:39:02","date_gmt":"2026-03-18T21:39:02","guid":{"rendered":"https:\/\/gltestm.webology.pl\/produkt\/salz-pfeffer-und-gewuerzmuehle-pm-201-c\/"},"modified":"2026-03-22T21:39:43","modified_gmt":"2026-03-22T20:39:43","slug":"salz-pfeffer-und-gewuerzmuehle-pm-201-c","status":"publish","type":"product","link":"https:\/\/gltestm.webology.pl\/de\/produkt\/salz-pfeffer-und-gewuerzmuehle-pm-201-c\/","title":{"rendered":"Salz-, Pfeffer- und Gew\u00fcrzm\u00fchle PM-201 C"},"content":{"rendered":"<h2><strong>Salz-, Pfeffer- und Gew\u00fcrzm\u00fchle PM-201 C<\/strong><strong><br \/><\/strong><\/h2>\n<p>Die Salz-, Pfeffer- und Gew\u00fcrzm\u00fchle PM-201<strong>C<\/strong> mit<strong> Keramikmechanismus<\/strong> verf\u00fcgt \u00fcber eine<strong> einstellbare Mahlst\u00e4rke<\/strong>, so dass Sie die f\u00fcr Sie richtige Kornst\u00e4rke w\u00e4hlen k\u00f6nnen. Sie ist ideal zum Mahlen von Salz, Pfeffer, Koriander und anderen Gew\u00fcrzen. Das elegante und stilvolle Design f\u00fcgt sich perfekt in den Hintergrund Ihrer K\u00fcche ein.<\/p>\n<h2>24-monatige Garantie<\/h2>\n<p>Die<strong>Salz-, Pfeffer- und Gew\u00fcrzm\u00fchle PM-201 C<\/strong> wird mit einer <strong>24-monatigen Garantie<\/strong> und einer Anleitung in polnischer Sprache geliefert, die Sie vor der Benutzung des Ger\u00e4ts lesen sollten.<\/p>\n","protected":false},"excerpt":{"rendered":"<p>Elegant und stilvoll, perfekt &#8211; Die Salz-, Pfeffer- und Gew\u00fcrzm\u00fchle PM-201 C ist perfekt zum Mahlen verschiedener Gew\u00fcrze. Sie ist mit einem Keramikmechanismus ausgestattet, hat eine einstellbare Mahlst\u00e4rke<\/p>\n","protected":false},"featured_media":14768,"comment_status":"open","ping_status":"closed","template":"","meta":[],"product_brand":[],"product_cat":[],"product_tag":[],"class_list":{"0":"post-18416","1":"product","2":"type-product","3":"status-publish","4":"has-post-thumbnail","7":"first","8":"instock","9":"taxable","10":"shipping-taxable","11":"product-type-simple"},"_links":{"self":[{"href":"https:\/\/gltestm.webology.pl\/de\/wp-json\/wp\/v2\/product\/18416","targetHints":{"allow":["GET"]}}],"collection":[{"href":"https:\/\/gltestm.webology.pl\/de\/wp-json\/wp\/v2\/product"}],"about":[{"href":"https:\/\/gltestm.webology.pl\/de\/wp-json\/wp\/v2\/types\/product"}],"replies":[{"embeddable":true,"href":"https:\/\/gltestm.webology.pl\/de\/wp-json\/wp\/v2\/comments?post=18416"}],"version-history":[{"count":0,"href":"https:\/\/gltestm.webology.pl\/de\/wp-json\/wp\/v2\/product\/18416\/revisions"}],"wp:featuredmedia":[{"embeddable":true,"href":"https:\/\/gltestm.webology.pl\/de\/wp-json\/wp\/v2\/media\/14768"}],"wp:attachment":[{"href":"https:\/\/gltestm.webology.pl\/de\/wp-json\/wp\/v2\/media?parent=18416"}],"wp:term":[{"taxonomy":"product_brand","embeddable":true,"href":"https:\/\/gltestm.webology.pl\/de\/wp-json\/wp\/v2\/product_brand?post=18416"},{"taxonomy":"product_cat","embeddable":true,"href":"https:\/\/gltestm.webology.pl\/de\/wp-json\/wp\/v2\/product_cat?post=18416"},{"taxonomy":"product_tag","embeddable":true,"href":"https:\/\/gltestm.webology.pl\/de\/wp-json\/wp\/v2\/product_tag?post=18416"}],"curies":[{"name":"wp","href":"https:\/\/api.w.org\/{rel}","templated":true}]}}