{"id":18412,"date":"2026-03-18T22:39:01","date_gmt":"2026-03-18T21:39:01","guid":{"rendered":"https:\/\/gltestm.webology.pl\/produkt\/lucznik-malwina-2070-naehmaschine-3\/"},"modified":"2026-03-22T21:56:50","modified_gmt":"2026-03-22T20:56:50","slug":"lucznik-malwina-2070-naehmaschine-3","status":"publish","type":"product","link":"https:\/\/gltestm.webology.pl\/de\/produkt\/lucznik-malwina-2070-naehmaschine-3\/","title":{"rendered":"\u0141ucznik Malwina 2070 N\u00e4hmaschine"},"content":{"rendered":"<h2><strong>Lucznik Malwina 2070 elektronische N\u00e4hmaschine<\/strong><\/h2>\n<p>Die N\u00e4hmaschine Malwina<strong> 2070 <\/strong>bietet hohe Qualit\u00e4t zu einem g\u00fcnstigen Preis. Sie sch\u00f6pft die Errungenschaften der Technik voll aus, ohne dabei auf praktischen Minimalismus zu verzichten. Sie kann n\u00e4hen wie ein Profi: Ihre Software enth\u00e4lt <strong>63 <\/strong>vordefinierte <strong>Nutzstiche <\/strong>(z.B. Coverstich, Overlockstiche, elastische Stiche), <strong>Zierstiche<\/strong> f\u00fcr ausgefallene Feinarbeiten und <strong>36 Buchstaben und Zahlen<\/strong> zum Sticken von Namen, Zeichen und Monogrammen.<\/p>\n<h2>Wichtigste Merkmale:<\/h2>\n<ul>\n<li><strong>63 Nutzstiche<\/strong>, darunter <strong>Overlock-<\/strong>, <strong>Elastik-<\/strong>, Zier- und <strong>Coverstich<\/strong><\/li>\n<li><strong>36 Buchstaben und Zahlen<\/strong> zum Sticken von z. B. Namen, Schildern und Monogrammen<\/li>\n<li><strong>standardeinstellung der<\/strong> Stichparameter<\/li>\n<li><strong>einstellung von<\/strong> Stichl\u00e4nge und -breite sowie der Fadenspannung<\/li>\n<li><strong>automatisches<\/strong> <strong>Knopflochschneiden<\/strong> <\/li>\n<li><strong>automatische<\/strong> <strong>Verriegelung<\/strong> des Stichendes<\/li>\n<li><strong>automatisches<\/strong> <strong>Anheben<\/strong> der Nadel nach Beendigung des N\u00e4hens (Programmierung der Nadelposition)<\/li>\n<li><strong>automatisches<\/strong> <strong>Einf\u00e4deln<\/strong> des Fadens in die Nadel<\/li>\n<li><strong>automatisches<\/strong> <strong>N\u00e4hen<\/strong><\/li>\n<li><strong>hochheben<\/strong> des Fu\u00dfes<\/li>\n<li><strong>drehbarer<\/strong> Greifer<\/li>\n<li><strong>r\u00fcckw\u00e4rtsn\u00e4hen<\/strong> <\/li>\n<li><strong>freiarm<\/strong><\/li>\n<li><strong>leistungsstarker Motor<\/strong><\/li>\n<\/ul>\n<p>Dies ist eine unscheinbare Maschine &#8211; sie wiegt etwas mehr als 5 Kilogramm. Allerdings verbirgt sie eine Software, die <strong>Standardparameter f\u00fcr<\/strong> alle Stiche enth\u00e4lt, so dass auch eine Person, die in den <strong>Geheimnissen des N\u00e4hens<\/strong> nicht so bewandert ist, ihre F\u00e4higkeiten voll nutzen kann. Man muss nur den Stoff einlegen und das entsprechende Programm ausw\u00e4hlen. Wenn man jedoch die Einstellungen in Bezug auf das zu n\u00e4hende Material \u00e4ndern m\u00f6chte, erm\u00f6glicht die Maschine eine <strong>vollst\u00e4ndige und pr\u00e4zise Anpassung<\/strong> aller grundlegenden Arbeitsparameter (L\u00e4nge, Breite und Fadenspannung). Alle Stiche sind gut sichtbar auf dem Geh\u00e4use der Malvina <strong>eingezeichnet<\/strong>, und ihre Auswahl erfolgt durch die Einstellung der entsprechenden Zahl auf dem gut lesbaren <strong>elektronischen Display<\/strong>.<\/p>\n<h2>Mitgeliefertes Zubeh\u00f6r<\/h2>\n<p>Die Maschine wird mit einer Reihe von Zubeh\u00f6rteilen geliefert, die Folgendes umfassen:<\/p>\n<ul>\n<li><strong>Universalfu\u00df<\/strong> <\/li>\n<li>Fu\u00df zum <strong>S\u00e4umen von Knopfl\u00f6chern<\/strong><\/li>\n<li>F\u00fcr <strong>Schl\u00f6sser<\/strong> (Rei\u00dfverschl\u00fcsse)<\/li>\n<li>F\u00fcr <strong>Overlockstich<\/strong> <\/li>\n<li>F\u00fcr <strong>Blindstich<\/strong> <\/li>\n<li>Nadeln 90, <strong>3 St\u00fcck<\/strong><\/li>\n<li><strong>Doppelnadel<\/strong>, 1 St.<\/li>\n<li>Spulenkappe, klein<\/li>\n<li>Zus\u00e4tzlicher Spulenhalter<\/li>\n<li>Platte <strong>zur Abdeckung<\/strong> der <strong>Transportz\u00e4hne<\/strong> <\/li>\n<li>Schraubenzieher<\/li>\n<li>Schraubendreher<\/li>\n<li>Prujka<\/li>\n<li>\u00d6l<\/li>\n<li><strong>Speedcontroller<\/strong> mit <strong>Netzkabel<\/strong> <\/li>\n<\/ul>\n<h2>Volle Freiheit beim N\u00e4hen &#8211; ohne Fu\u00dfanlasser<\/h2>\n<p>Im Gegensatz zu herk\u00f6mmlichen mechanischen Maschinen kann die Malwina nicht nur \u00fcber den angebrachten <strong>Fu\u00dfanlasser<\/strong>, sondern auch \u00fcber die <strong>START\/STOP-Taste<\/strong> im Geh\u00e4use gesteuert werden. Eine \u00e4u\u00dferst komfortable L\u00f6sung &#8211;<strong> die Maschine n\u00e4ht dann vollautomatisch, ohne Fu\u00dfanlasser!<\/strong> Au\u00dferdem l\u00e4sst sich bei der <strong>Malwina 2070<\/strong> <strong>die N\u00e4hgeschwindigkeit<\/strong> \u00fcber einen deutlich gekennzeichneten Schieberegler manuell <strong>einstellen<\/strong>. Wenn die Maschine von einer weniger erfahrenen Person bedient werden soll, kann man den Schieberegler einfach in Richtung Schildkr\u00f6te schieben, um die maximale Reduzierung der Arbeitsgeschwindigkeit zu erreichen. Umgekehrt kann man die N\u00e4hgeschwindigkeit erh\u00f6hen, indem man den Schieberegler in Richtung Hase bewegt.<\/p>\n<h2>Der Drehgreifer garantiert einen leisen Betrieb der Maschine<\/h2>\n<p>Die Malwina<strong>2070<\/strong> verf\u00fcgt \u00fcber einen hochwertigen <strong>Drehgreifer<\/strong>, der im Gegensatz zum Pendelgreifer einen <strong>leiseren Betrieb<\/strong> und eine einfachere Befestigung der unteren Spule in der Trommel der Maschine erm\u00f6glicht.<\/p>\n<h2>Metallkomponenten der Maschine in einem robusten Geh\u00e4use <\/h2>\n<p>Das Geh\u00e4use<span>und die kleinen Komponenten der <\/span><span> <strong>Malvina 2070<\/strong> <\/span> bestehen<span> aus <\/span><strong>modernen Kunststoffen<\/strong><span>, deren Eigenschaften den Bedingungen entsprechen, unter denen die Komponenten arbeiten oder m\u00f6glicherweise ausgesetzt werden k\u00f6nnten. Ebenfalls im Inneren befindet sich die Hauptplatine mitsamt der Verkabelung &#8211; genau wie in einem Computer. So kann das Ger\u00e4t mit Tasten gesteuert werden und Informationen auf dem Bildschirm anzeigen.<\/span> Die<span><span> <strong>internen<\/strong><\/span><\/span><strong>Metallkomponenten<\/strong><span><strong> von Malvina<\/strong><\/span><strong>sind<\/strong><span>in <strong>einem leichten Geh\u00e4use aus Polycarbonat<\/strong> unter<\/span>gebracht<span>, das den Schutz der Mechanik mit geringem Gewicht verbindet. So l\u00e4sst sich das Ger\u00e4t leicht von einem Ort zum anderen transportieren oder nach der Arbeit verstauen (z. B. in einem Schrank).<\/span><\/p>\n<h2>Automatische Funktionen der Maschine<\/h2>\n<p>Nat\u00fcrlich verf\u00fcgt die Malvina auch \u00fcber Funktionen und Annehmlichkeiten, die f\u00fcr <strong><a href=\"https:\/\/galerialucznik.pl\/\" target=\"_blank\" rel=\"noopener\">Maschinen<\/a> <\/strong>einer <strong>niedrigeren <\/strong>Klasse angemessen sind, wie z. B. <strong>automatisches Einf\u00e4deln der <\/strong>F\u00e4den auf der Maschinennadel, <strong>LED-Beleuchtung<\/strong> des Arbeitsbereichs, <strong>automatisches<\/strong> S\u00e4umen von <strong>Knopfl\u00f6chern<\/strong> oder <strong>R\u00fcckw\u00e4rtsn\u00e4hen . <\/strong> Ein weiterer Vorteil der Maschine sind die <strong>Funktionstasten<\/strong>, die das N\u00e4hen viel angenehmer machen und Ihre Zeit und Nerven schonen. Eine davon ist die <strong>automatische Nadellifttaste<\/strong>, mit der man programmieren kann, dass das N\u00e4hen immer mit angehobener oder im Stoff steckender Nadel beendet wird. Die <strong>automatische Verriegelungstaste<\/strong> erm\u00f6glicht es, den Anfang und das Ende eines Stichs mit einer Schleife zu versehen, damit er nicht abrei\u00dft. <\/p>\n<h2><strong>24-monatige Garantie<\/strong><\/h2>\n<p>Die <strong>Malwina 2070<\/strong> wird mit einer 24-monatigen <strong>Garantie und<\/strong>einer <strong>Bedienungsanleitung in polnischer<\/strong> Sprache geliefert, die vor der Benutzung des Ger\u00e4ts gelesen werden sollte, um dessen volle Leistungsf\u00e4higkeit sicher und bestimmungsgem\u00e4\u00df zu nutzen.<\/p>\n<h2>Wartung der N\u00e4hmaschine. Schritt f\u00fcr Schritt.<\/h2>\n<p><span>Sparen Sie<\/span><\/p>\n","protected":false},"excerpt":{"rendered":"<p>Die N\u00e4hmaschine Malwina 2070 bietet hohe Qualit\u00e4t zu einem g\u00fcnstigen Preis. Sie nutzt die Errungenschaften der Technik in vollem Umfang, w\u00e4hrend sie gleichzeitig praktischen Minimalismus und einfac<\/p>\n","protected":false},"featured_media":14733,"comment_status":"open","ping_status":"closed","template":"","meta":[],"product_brand":[],"product_cat":[405],"product_tag":[],"class_list":{"0":"post-18412","1":"product","2":"type-product","3":"status-publish","4":"has-post-thumbnail","6":"product_cat-maszyny-do-szycia-elektroniczne","8":"first","9":"instock","10":"taxable","11":"shipping-taxable","12":"product-type-simple"},"_links":{"self":[{"href":"https:\/\/gltestm.webology.pl\/de\/wp-json\/wp\/v2\/product\/18412","targetHints":{"allow":["GET"]}}],"collection":[{"href":"https:\/\/gltestm.webology.pl\/de\/wp-json\/wp\/v2\/product"}],"about":[{"href":"https:\/\/gltestm.webology.pl\/de\/wp-json\/wp\/v2\/types\/product"}],"replies":[{"embeddable":true,"href":"https:\/\/gltestm.webology.pl\/de\/wp-json\/wp\/v2\/comments?post=18412"}],"version-history":[{"count":0,"href":"https:\/\/gltestm.webology.pl\/de\/wp-json\/wp\/v2\/product\/18412\/revisions"}],"wp:featuredmedia":[{"embeddable":true,"href":"https:\/\/gltestm.webology.pl\/de\/wp-json\/wp\/v2\/media\/14733"}],"wp:attachment":[{"href":"https:\/\/gltestm.webology.pl\/de\/wp-json\/wp\/v2\/media?parent=18412"}],"wp:term":[{"taxonomy":"product_brand","embeddable":true,"href":"https:\/\/gltestm.webology.pl\/de\/wp-json\/wp\/v2\/product_brand?post=18412"},{"taxonomy":"product_cat","embeddable":true,"href":"https:\/\/gltestm.webology.pl\/de\/wp-json\/wp\/v2\/product_cat?post=18412"},{"taxonomy":"product_tag","embeddable":true,"href":"https:\/\/gltestm.webology.pl\/de\/wp-json\/wp\/v2\/product_tag?post=18412"}],"curies":[{"name":"wp","href":"https:\/\/api.w.org\/{rel}","templated":true}]}}