{"id":18404,"date":"2026-03-18T22:39:00","date_gmt":"2026-03-18T21:39:00","guid":{"rendered":"https:\/\/gltestm.webology.pl\/produkt\/staubsauger-mit-beutel-lucznik-ot-2022\/"},"modified":"2026-03-22T22:00:07","modified_gmt":"2026-03-22T21:00:07","slug":"staubsauger-mit-beutel-lucznik-ot-2022","status":"publish","type":"product","link":"https:\/\/gltestm.webology.pl\/de\/produkt\/staubsauger-mit-beutel-lucznik-ot-2022\/","title":{"rendered":"Staubsauger mit Beutel Lucznik OT 2022"},"content":{"rendered":"<h2>Ihr bestes Werkzeug im Kampf gegen den Staub!<\/h2>\n<p>Tr\u00e4umen Sie von einem Zuhause, das immer <strong>frisch<\/strong> und <strong>sauber<\/strong> ist, ganz gleich, wie intensiv Sie es nutzen? Der OT-2022 Staubsauger ist ein Ger\u00e4t, das Ihre Tr\u00e4ume wahr werden l\u00e4sst. Dank bew\u00e4hrter Technologien und L\u00f6sungen nimmt dieser Staubsauger nicht nur den <strong>Staub perfekt auf<\/strong>, sondern spart auch <strong>Energie<\/strong> und <strong>Zeit<\/strong>.<\/p>\n<h2>Hauptmerkmale.<\/h2>\n<ul>\n<li><strong>Energieeffizienzklasse A:<\/strong> Niedriger Energieverbrauch bei voller Leistung.<\/li>\n<li><strong>Durchschnittlicher j\u00e4hrlicher Energieverbrauch von 24,3 kWh<\/strong>: Energieeinsparung und Umweltfreundlichkeit.<\/li>\n<li><strong>Hervorragende Staubaufnahme von Hartb\u00f6den und Teppichen<\/strong>: Gewinnen Sie die Gewissheit, dass jedes bisschen Staub entfernt wird.<\/li>\n<li><strong>Leistung<\/strong>: 800 W.<\/li>\n<li><strong>HEPA-13-Filter:<\/strong> Sorgt f\u00fcr saubere Luft und reduziert Allergene.<\/li>\n<li><strong>72 dB:<\/strong> St\u00f6rt Sie nicht bei der t\u00e4glichen Reinigung.<\/li>\n<li><strong>Einstellbare Saugleistung<\/strong>: Passen Sie die Saugleistung an Ihre Bodenbeschaffenheit an.<\/li>\n<li><strong>Anzeige des vollen Beutels<\/strong>: Der Staubsauger zeigt Ihnen an, wenn der Beutel ausgewechselt werden muss.<\/li>\n<li><strong>5 Meter langes Kabel:<\/strong> Erh\u00f6hen Sie Ihre Bewegungsfreiheit, ohne st\u00e4ndig den Stecker umstecken zu m\u00fcssen.<\/li>\n<li><strong>1.5-Meter-Schlauch<\/strong><\/li>\n<li><strong>Automatischer Kabeleinzug:<\/strong> Einfache und bequeme Aufbewahrung.<\/li>\n<li><strong>Reichhaltiges Zubeh\u00f6r:<\/strong> Chromrohr, Universalb\u00fcrste, Polsterd\u00fcse und mehr.<\/li>\n<li><strong>Anleitung auf Polnisch:<\/strong> Einfach zu benutzen.<\/li>\n<\/ul>\n<p><img fetchpriority=\"high\" decoding=\"async\" src=\"\/data\/include\/cms\/.product\/2\/8\/1782\/OT-2020_zdjecia_do_opisow.jpg\" alt=\"Odkurzacz workowy OT 2020\" width=\"768\" height=\"480\" \/> <\/p>\n<h2>Energieeffizienz f\u00fcr Ihr Zuhause!<\/h2>\n<p>Die<strong>Energieeffizienzklasse<\/strong> <strong>A<\/strong> verspricht einen <strong>niedrigen Energieverbrauch<\/strong>, und mit einem durchschnittlichen j\u00e4hrlichen Energieverbrauch von <strong>nur 24,3 kWh<\/strong> ist der Schutz <strong>der Umwelt<\/strong> genauso wichtig wie der Schutz Ihres Geldbeutels.<\/p>\n<h2>Staubabsaugung auf hohem Niveau!<\/h2>\n<p>Tr\u00e4umen Sie von staubfreien <strong>B\u00f6den<\/strong> und <strong>Teppichen<\/strong>? Der OT-2022 Staubsauger ist Ihr Werkzeug, um dieses Ziel zu erreichen! Mit der <strong>Staubaufnahmeklasse<\/strong> <strong>A<\/strong> f\u00fcr Hartb\u00f6den und der Staubaufnahmeklasse C f\u00fcr Teppiche wird jede Oberfl\u00e4che in Ihrem Zuhause garantiert <strong>sauber<\/strong>.<\/p>\n<h2>Saubere Luft, ges\u00fcnderes Zuhause!<\/h2>\n<p>Ihr Komfort und Ihre <strong>Gesundheit<\/strong> haben f\u00fcr uns oberste Priorit\u00e4t. Deshalb ist der OT-2022 Staubsauger mit einem <strong>HEPA-13-Filter<\/strong> ausgestattet, der selbst die feinsten Staubpartikel auff\u00e4ngt. Jetzt k\u00f6nnen Sie <strong>saubere<\/strong> und <strong>gesunde Luft<\/strong> in Ihrem Zuhause genie\u00dfen.<\/p>\n<h2>Seelenfrieden und Kontrolle \u00fcber die Leistung!<\/h2>\n<p>Mit einer <strong>Lautst\u00e4rke<\/strong> von <strong>72 dB<\/strong> wird das Staubsaugen zu einem <strong>Vergn\u00fcgen<\/strong>, das Ihr Zuhause nicht st\u00f6rt. Dar\u00fcber hinaus k\u00f6nnen Sie die <strong>Saugleistung<\/strong> des Staubsaugers an die <strong>Art der Oberfl\u00e4che<\/strong> anpassen, um <strong>Energie zu sparen<\/strong> und die Effizienz zu erh\u00f6hen.<\/p>\n<h2>Funktionen, die das Leben leichter machen!<\/h2>\n<p>Der Staubsauger OT-2022 ist nicht nur ein Ger\u00e4t zum Reinigen, sondern <strong>unterst\u00fctzt<\/strong>Sie <strong>bei Ihren t\u00e4glichen Aufgaben<\/strong>. Die <strong>Anzeige des vollen Staubsaugerbeutels<\/strong>, der <strong>automatische Kabeleinzug<\/strong> und die Anleitung in <strong>polnischer Sprache<\/strong> machen die Benutzung extrem <strong>einfach<\/strong> und <strong>bequem<\/strong>.<\/p>\n<h2>Immer in Reichweite<\/h2>\n<p>Mit <strong>einem 5-Meter-Kabel<\/strong> bietet der OT-2022 eine Reichweite, mit der Sie den ganzen Raum reinigen k\u00f6nnen, ohne st\u00e4ndig den Stecker umstecken zu m\u00fcssen.<\/p>\n<h2>Zus\u00e4tzliches Zubeh\u00f6r &#8211; mehr M\u00f6glichkeiten!<\/h2>\n<p>Im Set enthalten sind<\/p>\n<ul>\n<li>verchromtes <strong>Teleskoprohr<\/strong><\/li>\n<li><strong>universalb\u00fcrste<\/strong> <\/li>\n<li><strong>polsterm\u00f6beld\u00fcse<\/strong> <\/li>\n<li><strong>2-in-1-Rakel f\u00fcr Ritzen und B\u00fccher<\/strong><\/li>\n<li>ein flexibler <strong>1,5 Meter langer<\/strong> 32-mm-Schlauch, der Ihnen noch mehr Freiheit bei der Reinigung bietet<\/li>\n<li><strong>papierbeutel<\/strong> zum einfachen Entleeren<\/li>\n<\/ul>\n<p>OT-2022 wird zu Ihrem <strong>unentbehrlichen<\/strong> Begleiter bei der t\u00e4glichen Pflege Ihres Zuhauses. Dank ihm werden Ihre Abenteuer mit der Sauberkeit noch komfortabler sein. Sauberkeit ist jetzt Ihre Superkraft, und der OT-2022 ist Ihr unverzichtbarer Verb\u00fcndeter.<\/p>\n","protected":false},"excerpt":{"rendered":"<p>Staubsauger mit Beutel und einer Leistung von 800 Watt. Hervorragende Staubaufnahme von Hartb\u00f6den und Teppichen. 3 B\u00fcrsten enthalten. HEPA-13-Filter. Einstellbare Saugleistung. Anzeige des vollen Beutels. 5 Meter langes Kabel. Automatischer Kabeleinzug. 7<\/p>\n","protected":false},"featured_media":14371,"comment_status":"open","ping_status":"closed","template":"","meta":[],"product_brand":[],"product_cat":[630],"product_tag":[],"class_list":{"0":"post-18404","1":"product","2":"type-product","3":"status-publish","4":"has-post-thumbnail","6":"product_cat-odkurzacze","8":"first","9":"instock","10":"taxable","11":"shipping-taxable","12":"product-type-simple"},"_links":{"self":[{"href":"https:\/\/gltestm.webology.pl\/de\/wp-json\/wp\/v2\/product\/18404","targetHints":{"allow":["GET"]}}],"collection":[{"href":"https:\/\/gltestm.webology.pl\/de\/wp-json\/wp\/v2\/product"}],"about":[{"href":"https:\/\/gltestm.webology.pl\/de\/wp-json\/wp\/v2\/types\/product"}],"replies":[{"embeddable":true,"href":"https:\/\/gltestm.webology.pl\/de\/wp-json\/wp\/v2\/comments?post=18404"}],"version-history":[{"count":0,"href":"https:\/\/gltestm.webology.pl\/de\/wp-json\/wp\/v2\/product\/18404\/revisions"}],"wp:featuredmedia":[{"embeddable":true,"href":"https:\/\/gltestm.webology.pl\/de\/wp-json\/wp\/v2\/media\/14371"}],"wp:attachment":[{"href":"https:\/\/gltestm.webology.pl\/de\/wp-json\/wp\/v2\/media?parent=18404"}],"wp:term":[{"taxonomy":"product_brand","embeddable":true,"href":"https:\/\/gltestm.webology.pl\/de\/wp-json\/wp\/v2\/product_brand?post=18404"},{"taxonomy":"product_cat","embeddable":true,"href":"https:\/\/gltestm.webology.pl\/de\/wp-json\/wp\/v2\/product_cat?post=18404"},{"taxonomy":"product_tag","embeddable":true,"href":"https:\/\/gltestm.webology.pl\/de\/wp-json\/wp\/v2\/product_tag?post=18404"}],"curies":[{"name":"wp","href":"https:\/\/api.w.org\/{rel}","templated":true}]}}