{"id":18400,"date":"2026-03-18T22:38:59","date_gmt":"2026-03-18T21:38:59","guid":{"rendered":"https:\/\/gltestm.webology.pl\/produkt\/umweltfreundliche-kuechenwaage-sks-203\/"},"modified":"2026-03-22T21:56:56","modified_gmt":"2026-03-22T20:56:56","slug":"umweltfreundliche-kuechenwaage-sks-203","status":"publish","type":"product","link":"https:\/\/gltestm.webology.pl\/de\/produkt\/umweltfreundliche-kuechenwaage-sks-203\/","title":{"rendered":"Umweltfreundliche K\u00fcchenwaage SKS-203"},"content":{"rendered":"<h2><strong>Umweltfreundliche K\u00fcchenwaage SKS-203<\/strong><\/h2>\n<p>Die <strong>\u00f6kologische <\/strong><strong>K\u00fcchenwaage<\/strong> <strong>Lucznik SKS 203 <\/strong>ist eine L\u00f6sung f\u00fcr alle, die zuverl\u00e4ssige Funktionalit\u00e4t und Zweckm\u00e4\u00dfigkeit aller Gegenst\u00e4nde sch\u00e4tzen. Dieses Modell der Waage funktioniert immer und \u00fcberall &#8211; ohne Batterien.<\/p>\n<p>Dank eines Drehknopfes mit eingebautem Dynamo wird die <strong>Waage durch die Kraft Ihrer Hand angetrieben <\/strong>und steht Ihnen immer zur Verf\u00fcgung, ohne dass Sie Batterien kaufen oder spezielle Akkus laden m\u00fcssen. <strong>Eine einzige Drehung des Knopfes reicht aus<\/strong>, um die Waage <strong>eine<\/strong> Minute lang zu benutzen.<\/p>\n<p>Die elegante<strong>Verarbeitung <\/strong>aus geh\u00e4rtetem<strong>Glas <\/strong>und das minimalistische Design machen die <strong>umweltfreundliche K\u00fcchenwaage<\/strong> perfekt f\u00fcr Ihre K\u00fcche oder jeden anderen Raum, in dem Sie sie ben\u00f6tigen.<\/p>\n<p>Dank der Genauigkeit und der Messung in drei verschiedenen Einheiten k\u00f6nnen Sie Ihre Mahlzeiten genau so zubereiten, wie Sie es m\u00f6chten. Vor allem aber k\u00f6nnen Sie \u00fcberpr\u00fcfen, ob Ihr Essen das richtige Gewicht und damit den richtigen Kalorien- und Makron\u00e4hrstoffgehalt hat.<\/p>\n<p>Die <strong>Waage <\/strong>wird mit <strong><strong>einer 24-monatigen Garantie<\/strong> <\/strong>und einer<strong> Anleitung in polnischer Sprache<\/strong> geliefert, die Sie lesen sollten, bevor Sie das Ger\u00e4t benutzen.<strong><br \/><\/strong><\/p>\n","protected":false},"excerpt":{"rendered":"<p>Pr\u00e4zisionsk\u00fcchenwaage, die durch die Kraft Ihrer H\u00e4nde angetrieben wird.<\/p>\n","protected":false},"featured_media":13551,"comment_status":"open","ping_status":"closed","template":"","meta":[],"product_brand":[],"product_cat":[565],"product_tag":[],"class_list":{"0":"post-18400","1":"product","2":"type-product","3":"status-publish","4":"has-post-thumbnail","6":"product_cat-wagi-kuchenne","8":"first","9":"instock","10":"taxable","11":"shipping-taxable","12":"product-type-simple"},"_links":{"self":[{"href":"https:\/\/gltestm.webology.pl\/de\/wp-json\/wp\/v2\/product\/18400","targetHints":{"allow":["GET"]}}],"collection":[{"href":"https:\/\/gltestm.webology.pl\/de\/wp-json\/wp\/v2\/product"}],"about":[{"href":"https:\/\/gltestm.webology.pl\/de\/wp-json\/wp\/v2\/types\/product"}],"replies":[{"embeddable":true,"href":"https:\/\/gltestm.webology.pl\/de\/wp-json\/wp\/v2\/comments?post=18400"}],"version-history":[{"count":0,"href":"https:\/\/gltestm.webology.pl\/de\/wp-json\/wp\/v2\/product\/18400\/revisions"}],"wp:featuredmedia":[{"embeddable":true,"href":"https:\/\/gltestm.webology.pl\/de\/wp-json\/wp\/v2\/media\/13551"}],"wp:attachment":[{"href":"https:\/\/gltestm.webology.pl\/de\/wp-json\/wp\/v2\/media?parent=18400"}],"wp:term":[{"taxonomy":"product_brand","embeddable":true,"href":"https:\/\/gltestm.webology.pl\/de\/wp-json\/wp\/v2\/product_brand?post=18400"},{"taxonomy":"product_cat","embeddable":true,"href":"https:\/\/gltestm.webology.pl\/de\/wp-json\/wp\/v2\/product_cat?post=18400"},{"taxonomy":"product_tag","embeddable":true,"href":"https:\/\/gltestm.webology.pl\/de\/wp-json\/wp\/v2\/product_tag?post=18400"}],"curies":[{"name":"wp","href":"https:\/\/api.w.org\/{rel}","templated":true}]}}