{"id":18396,"date":"2026-03-18T22:38:59","date_gmt":"2026-03-18T21:38:59","guid":{"rendered":"https:\/\/gltestm.webology.pl\/produkt\/ersatzrollen-ro-16-fuer-at-14-a-und-at-15-fussfeile\/"},"modified":"2026-03-22T21:56:42","modified_gmt":"2026-03-22T20:56:42","slug":"ersatzrollen-ro-16-fuer-at-14-a-und-at-15-fussfeile","status":"publish","type":"product","link":"https:\/\/gltestm.webology.pl\/de\/produkt\/ersatzrollen-ro-16-fuer-at-14-a-und-at-15-fussfeile\/","title":{"rendered":"Ersatzrollen RO-16 f\u00fcr AT-14 A und AT-15 Fu\u00dffeile"},"content":{"rendered":"<h2><strong>Ersatzwalzen RO-16 f\u00fcr AT-14 A und AT-15 Fu\u00dffeile<\/strong><\/h2>\n<p><strong> Mit Mikrogranulat \u00fcberzogene<\/strong> Walzen, die verh\u00e4rtete Haut an den F\u00fc\u00dfen schnell und sanft entfernen. Bei <span>regelm\u00e4\u00dfiger Anwendung <\/span> <span>sorgen <\/span> die <span><strong>AT-14 A<\/strong> und <strong>AT-15<\/strong> Feilen f\u00fcr <\/span><strong>perfekt aussehende F\u00fc\u00dfe.<\/strong><\/p>\n<p>Die<strong>Ersatzrollen f\u00fcr die AT-14 A und AT-15 Fu\u00dffeile<\/strong> k\u00f6nnen<strong> unter flie\u00dfendem Wasser<\/strong> gereinigt werden. <\/p>\n<p>Die Packung enth\u00e4lt 2 St\u00fcck <strong>Ersatzwalzen<\/strong>.<\/p>\n","protected":false},"excerpt":{"rendered":"<p>Entwickelt f\u00fcr Lucznik AT-14 A und AT-15 Fu\u00dffeile<\/p>\n","protected":false},"featured_media":14249,"comment_status":"open","ping_status":"closed","template":"","meta":[],"product_brand":[],"product_cat":[690],"product_tag":[],"class_list":{"0":"post-18396","1":"product","2":"type-product","3":"status-publish","4":"has-post-thumbnail","6":"product_cat-pilniki-i-frezarki-do-stop","8":"first","9":"instock","10":"taxable","11":"shipping-taxable","12":"product-type-simple"},"_links":{"self":[{"href":"https:\/\/gltestm.webology.pl\/de\/wp-json\/wp\/v2\/product\/18396","targetHints":{"allow":["GET"]}}],"collection":[{"href":"https:\/\/gltestm.webology.pl\/de\/wp-json\/wp\/v2\/product"}],"about":[{"href":"https:\/\/gltestm.webology.pl\/de\/wp-json\/wp\/v2\/types\/product"}],"replies":[{"embeddable":true,"href":"https:\/\/gltestm.webology.pl\/de\/wp-json\/wp\/v2\/comments?post=18396"}],"version-history":[{"count":0,"href":"https:\/\/gltestm.webology.pl\/de\/wp-json\/wp\/v2\/product\/18396\/revisions"}],"wp:featuredmedia":[{"embeddable":true,"href":"https:\/\/gltestm.webology.pl\/de\/wp-json\/wp\/v2\/media\/14249"}],"wp:attachment":[{"href":"https:\/\/gltestm.webology.pl\/de\/wp-json\/wp\/v2\/media?parent=18396"}],"wp:term":[{"taxonomy":"product_brand","embeddable":true,"href":"https:\/\/gltestm.webology.pl\/de\/wp-json\/wp\/v2\/product_brand?post=18396"},{"taxonomy":"product_cat","embeddable":true,"href":"https:\/\/gltestm.webology.pl\/de\/wp-json\/wp\/v2\/product_cat?post=18396"},{"taxonomy":"product_tag","embeddable":true,"href":"https:\/\/gltestm.webology.pl\/de\/wp-json\/wp\/v2\/product_tag?post=18396"}],"curies":[{"name":"wp","href":"https:\/\/api.w.org\/{rel}","templated":true}]}}