{"id":18392,"date":"2026-03-18T22:38:59","date_gmt":"2026-03-18T21:38:59","guid":{"rendered":"https:\/\/gltestm.webology.pl\/produkt\/sandwichmaker-sm-1004-s\/"},"modified":"2026-03-22T21:57:24","modified_gmt":"2026-03-22T20:57:24","slug":"sandwichmaker-sm-1004-s","status":"publish","type":"product","link":"https:\/\/gltestm.webology.pl\/de\/produkt\/sandwichmaker-sm-1004-s\/","title":{"rendered":"Sandwichmaker SM-1004 S"},"content":{"rendered":"<h2><strong>SM-1004 S Sandwichtoaster<\/strong><\/h2>\n<div>\n<p>Dieser kompakte und <strong>sehr intuitiv<\/strong> zu bedienende  <strong> Sandwichtoaster<\/strong> kann erfolgreich f\u00fcr die Zubereitung von ausgefallenen Omeletts, gebackenen Eiern oder Toast mit Ei und anderen k\u00f6stlichen Bel\u00e4gen verwendet werden. In nur 2 bis 3 Minuten sind k\u00f6stliche hei\u00dfe Sandwiches zubereitet.<\/p>\n<h2>Wichtigste<strong> Merkmale<\/strong><\/h2>\n<ul>\n<li><strong>Antihaftbeschichtung<\/strong><\/li>\n<li>Geh\u00e4use aus <strong>INOX-Stahl<\/strong><\/li>\n<li>Anzahl der Sandwiches\/Omeletts &#8211;  2<\/li>\n<li><strong>Maximale Leistung &#8211; 750 W<\/strong><\/li>\n<li>Zeit <strong>Aufheizen<\/strong> 4-6 Min.<\/li>\n<li>Zeit <strong>Backen<\/strong> 2-3 Min.<\/li>\n<li>Kontrollleuchten &#8211; ein, Heizung<\/li>\n<li>Stromanschluss &#8211; 230 V, 50 Hz<\/li>\n<\/ul>\n<h2>Leichte Reinigung<\/h2>\n<p>Dank der <strong>Antihaftbeschichtung<\/strong>  ist der <strong>Toaster<\/strong> sehr leicht zu reinigen, und dank seiner geringen Gr\u00f6\u00dfe l\u00e4sst er sich nach dem Gebrauch in einer mittelgro\u00dfen Schublade verstauen.  <\/p>\n<\/div>\n","protected":false},"excerpt":{"rendered":"<p>Dieser kompakte und sehr intuitiv zu bedienende Sandwichtoaster kann auch erfolgreich f\u00fcr die Zubereitung von Omeletts oder gebackenen Eiern oder f\u00fcr Toast mit Ei und anderen k\u00f6stlichen Bel\u00e4gen verwendet werden.<\/p>\n","protected":false},"featured_media":13749,"comment_status":"open","ping_status":"closed","template":"","meta":[],"product_brand":[],"product_cat":[585],"product_tag":[],"class_list":{"0":"post-18392","1":"product","2":"type-product","3":"status-publish","4":"has-post-thumbnail","6":"product_cat-tostery-i-opiekacze","8":"first","9":"instock","10":"taxable","11":"shipping-taxable","12":"product-type-simple"},"_links":{"self":[{"href":"https:\/\/gltestm.webology.pl\/de\/wp-json\/wp\/v2\/product\/18392","targetHints":{"allow":["GET"]}}],"collection":[{"href":"https:\/\/gltestm.webology.pl\/de\/wp-json\/wp\/v2\/product"}],"about":[{"href":"https:\/\/gltestm.webology.pl\/de\/wp-json\/wp\/v2\/types\/product"}],"replies":[{"embeddable":true,"href":"https:\/\/gltestm.webology.pl\/de\/wp-json\/wp\/v2\/comments?post=18392"}],"version-history":[{"count":0,"href":"https:\/\/gltestm.webology.pl\/de\/wp-json\/wp\/v2\/product\/18392\/revisions"}],"wp:featuredmedia":[{"embeddable":true,"href":"https:\/\/gltestm.webology.pl\/de\/wp-json\/wp\/v2\/media\/13749"}],"wp:attachment":[{"href":"https:\/\/gltestm.webology.pl\/de\/wp-json\/wp\/v2\/media?parent=18392"}],"wp:term":[{"taxonomy":"product_brand","embeddable":true,"href":"https:\/\/gltestm.webology.pl\/de\/wp-json\/wp\/v2\/product_brand?post=18392"},{"taxonomy":"product_cat","embeddable":true,"href":"https:\/\/gltestm.webology.pl\/de\/wp-json\/wp\/v2\/product_cat?post=18392"},{"taxonomy":"product_tag","embeddable":true,"href":"https:\/\/gltestm.webology.pl\/de\/wp-json\/wp\/v2\/product_tag?post=18392"}],"curies":[{"name":"wp","href":"https:\/\/api.w.org\/{rel}","templated":true}]}}