{"id":18388,"date":"2026-03-18T22:38:58","date_gmt":"2026-03-18T21:38:58","guid":{"rendered":"https:\/\/gltestm.webology.pl\/produkt\/bp-2018-premium-stabmixer\/"},"modified":"2026-03-22T21:57:30","modified_gmt":"2026-03-22T20:57:30","slug":"bp-2018-premium-stabmixer","status":"publish","type":"product","link":"https:\/\/gltestm.webology.pl\/de\/produkt\/bp-2018-premium-stabmixer\/","title":{"rendered":"BP-2018 Premium Stabmixer"},"content":{"rendered":"<div>\n<h2><strong>BP-2018 Premium Personal Blender<\/strong><\/h2>\n<p>M\u00f6gen Sie Smoothies und Shakes? Dann geh\u00f6ren Sie zu denjenigen, die das neueste Produkt sch\u00e4tzen werden. <strong>Der Premium Personal Blender BP-2018<\/strong> ist ein n\u00fctzliches Ger\u00e4t f\u00fcr die Zubereitung leckerer Smoothies, Shakes und Cocktails. Einfacher geht es nicht mehr. Alles, was Sie tun m\u00fcssen, ist, die richtigen Zutaten zu w\u00e4hlen.<\/p>\n<p>Mit dem <strong>Lucznik Blender BP-2018 <\/strong>k\u00fcmmern Sie sich auf angenehme und schmackhafte Weise um Ihre Gesundheit und Ihre Figur.<strong> Vitamin- und mineralstoffreiche<\/strong> Mahlzeiten halten Einzug in Ihren Speiseplan und lassen sich ganz einfach und relativ schnell zubereiten. Wenn Sie sich ein s\u00fc\u00dfes Vergn\u00fcgen g\u00f6nnen wollen, k\u00f6nnen Sie mit seiner Hilfe einen vitaminreichen Obst- und Gem\u00fcsesmoothie oder einen Bananensmoothie zubereiten. Der <strong>Lucznik BP-2018 Mixer<\/strong> eignet sich auch hervorragend <strong>zum Mixen von Eiwei\u00dfshakes<\/strong> f\u00fcr sportliche Menschen.<\/p>\n<h3>BP-2018Premium<strong>Personal Blender<\/strong> &#8211; Details zum Produkt<\/h3>\n<p>Der <strong>1-Liter-Mixbecher<\/strong> und die<strong> 2 Reiseflaschen<\/strong> des <strong>Mixers<\/strong> sind aus verst\u00e4rktem Kunststoff gefertigt, wodurch sie leicht und sp\u00fclmaschinenfest sind. Dank des geringen Gewichts und des dichten Verschlusses lassen <strong>sich die Bidons leicht mit zur Uni, Schule oder Arbeit nehmen<\/strong>. Sie k\u00f6nnen in eine Sporttasche, einen Rucksack oder eine Handtasche gepackt werden. Die Flasche kann direkt an den <strong>Mixer<\/strong> angeschlossen werden (anstelle des Bechers), so dass wir den Mixvorgang direkt <strong>im Bidon<\/strong> durchf\u00fchren k\u00f6nnen, ohne unn\u00f6tiges Ausgie\u00dfen, schmutziges Geschirr und Abwaschen. Die perfekt abgemessene Portion des Smoothies ist sofort zum Mitnehmen verpackt.<\/p>\n<p><strong>Der Premium-Personenmixer BP-2018 <\/strong>hat <strong>eine Leistung von 350 Watt<\/strong> und arbeitet mit<strong> drei Geschwindigkeitsstufen<\/strong>: Standard, Turbo und Puls, die uns helfen, die perfekte Konsistenz des Smoothies zu erreichen.<\/p>\n<p>Der<strong>Premium Personal Blender<\/strong> BP-2018 wird mit einer <strong>24-monatigen Garantie<\/strong> und einer<strong> Anleitung in polnischer Sprache<\/strong> geliefert, die wir empfehlen, vor dem ersten Gebrauch des Ger\u00e4ts zu lesen.<\/p>\n<\/div>\n","protected":false},"excerpt":{"rendered":"<p>Ein kleiner und leichter Mixer, der mit einem Becher und Sport-Bidons ausgestattet ist. Erm\u00f6glicht das Mixen von Cocktails direkt in den Bidons und das Mitnehmen zur Arbeit, zur Schule, zur Uni oder ins Fitnessstudio &#8211; ohne unn\u00f6tiges \u00dcberlaufen und Wasche<\/p>\n","protected":false},"featured_media":14505,"comment_status":"open","ping_status":"closed","template":"","meta":[],"product_brand":[],"product_cat":[605],"product_tag":[],"class_list":{"0":"post-18388","1":"product","2":"type-product","3":"status-publish","4":"has-post-thumbnail","6":"product_cat-blendery","8":"first","9":"instock","10":"taxable","11":"shipping-taxable","12":"product-type-simple"},"_links":{"self":[{"href":"https:\/\/gltestm.webology.pl\/de\/wp-json\/wp\/v2\/product\/18388","targetHints":{"allow":["GET"]}}],"collection":[{"href":"https:\/\/gltestm.webology.pl\/de\/wp-json\/wp\/v2\/product"}],"about":[{"href":"https:\/\/gltestm.webology.pl\/de\/wp-json\/wp\/v2\/types\/product"}],"replies":[{"embeddable":true,"href":"https:\/\/gltestm.webology.pl\/de\/wp-json\/wp\/v2\/comments?post=18388"}],"version-history":[{"count":0,"href":"https:\/\/gltestm.webology.pl\/de\/wp-json\/wp\/v2\/product\/18388\/revisions"}],"wp:featuredmedia":[{"embeddable":true,"href":"https:\/\/gltestm.webology.pl\/de\/wp-json\/wp\/v2\/media\/14505"}],"wp:attachment":[{"href":"https:\/\/gltestm.webology.pl\/de\/wp-json\/wp\/v2\/media?parent=18388"}],"wp:term":[{"taxonomy":"product_brand","embeddable":true,"href":"https:\/\/gltestm.webology.pl\/de\/wp-json\/wp\/v2\/product_brand?post=18388"},{"taxonomy":"product_cat","embeddable":true,"href":"https:\/\/gltestm.webology.pl\/de\/wp-json\/wp\/v2\/product_cat?post=18388"},{"taxonomy":"product_tag","embeddable":true,"href":"https:\/\/gltestm.webology.pl\/de\/wp-json\/wp\/v2\/product_tag?post=18388"}],"curies":[{"name":"wp","href":"https:\/\/api.w.org\/{rel}","templated":true}]}}