{"id":18384,"date":"2026-03-18T22:38:58","date_gmt":"2026-03-18T21:38:58","guid":{"rendered":"https:\/\/gltestm.webology.pl\/produkt\/kaffeemuehle-cg-001\/"},"modified":"2026-03-22T21:57:16","modified_gmt":"2026-03-22T20:57:16","slug":"kaffeemuehle-cg-001","status":"publish","type":"product","link":"https:\/\/gltestm.webology.pl\/de\/produkt\/kaffeemuehle-cg-001\/","title":{"rendered":"Kaffeem\u00fchle CG-001"},"content":{"rendered":"<h2><strong><span>Kaffeem\u00fchle CG-001<\/span><\/strong><\/h2>\n<p><strong>Nichts ist vergleichbar mit dem Geruch von frisch gemahlenem Kaffee&#8230;.<\/strong> Wenn Sie morgens aufstehen und ein neuer Arbeitstag vor Ihnen liegt, gibt Ihnen Ihr <strong>Morgenkaffee <\/strong>die Kraft, mit Energie in einen neuen Tag zu starten.<\/p>\n<h2>Wichtigste Merkmale<\/h2>\n<ul>\n<li>Leistung: <strong>160 Watt<\/strong><\/li>\n<li>Fassungsverm\u00f6gen des Beh\u00e4lters: <strong>60 g<\/strong><\/li>\n<li>Geh\u00e4use aus <strong>INOX-Edelstahl<\/strong> <\/li>\n<li><strong>2-fl\u00fcgelige<\/strong> <strong>INOX-Klingen<\/strong> aus Edelstahl <\/li>\n<li>Pulsierender M\u00fchlenbetrieb<\/li>\n<li><strong>Schutz<\/strong> gegen Anlaufen ohne Deckel<\/li>\n<\/ul>\n<h2>Vielseitig einsetzbar<\/h2>\n<p><strong>Der ger\u00e4umige<\/strong> Trichter<strong>des CG-001 Mahlwerks<\/strong> mahlt bis zu <strong>55-60 Gramm<\/strong> Kaffee. Das <strong>entspricht 20 Teel\u00f6ffeln<\/strong>, was selbst f\u00fcr diejenigen, die hohe Anspr\u00fcche an ein solches Ger\u00e4t stellen, ausreichend sein sollte.<\/p>\n<h2>Einstellbare Mahlst\u00e4rke der Bohnen<\/h2>\n<p>Die Leistung<strong>des<\/strong> Mahlwerks sorgt f\u00fcr Schnelligkeit und Bedienkomfort. Eine Minute <strong>pulsierender Betrieb des<\/strong> Ger\u00e4ts reicht aus, um die K\u00f6rner fein zu mahlen. Nat\u00fcrlich ist es auch m\u00f6glich, mittel oder grob zu mahlen &#8211; alles h\u00e4ngt von Ihren Vorlieben ab.<\/p>\n<h2>Langlebige Klingen aus rostfreiem Stahl<\/h2>\n<p>F\u00fcr den pr\u00e4zisen Betrieb des Mahlwerks ist seine <strong>zweifl\u00fcgelige Edelstahlklinge<\/strong> verantwortlich, die eine hohe Qualit\u00e4t und Langlebigkeit des Ger\u00e4ts gew\u00e4hrleistet. Diese Tatsache werden Sie sicherlich zu sch\u00e4tzen wissen, wenn Sie <strong>die Kaffeem\u00fchle <\/strong>\u00fcber einen langen Zeitraum hinweg verwenden.<\/p>\n<h2>Sicherheit in der Anwendung <\/h2>\n<p><strong>Die<\/strong> Kaffeem\u00fchle<strong> CG-001 <\/strong>verf\u00fcgt \u00fcber einen speziellen<strong> Mechanismus, der<\/strong> den Betrieb<strong> sperrt<\/strong><strong>, wenn<\/strong> der Deckel nicht richtig aufgesetzt ist. Dies erh\u00f6ht die Sicherheit bei der Benutzung, so dass Sie sicher sein k\u00f6nnen, dass Sie <strong>die<\/strong> Kaffeem\u00fchle richtig benutzen.<\/p>\n","protected":false},"excerpt":{"rendered":"<p>Traditionelle Kaffee- und Gew\u00fcrzm\u00fchle von Lucznik. Der Mechanismus, der den Betrieb der M\u00fchle sperrt, wenn der Deckel nicht richtig aufgesetzt ist, wirkt sich auf die Sicherheit der Nutzung aus, so dass wir sicher sind, wann wir die M\u00fchle richtig benutzen<\/p>\n","protected":false},"featured_media":15597,"comment_status":"open","ping_status":"closed","template":"","meta":[],"product_brand":[],"product_cat":[590],"product_tag":[],"class_list":{"0":"post-18384","1":"product","2":"type-product","3":"status-publish","4":"has-post-thumbnail","6":"product_cat-mlynki","8":"first","9":"instock","10":"taxable","11":"shipping-taxable","12":"product-type-simple"},"_links":{"self":[{"href":"https:\/\/gltestm.webology.pl\/de\/wp-json\/wp\/v2\/product\/18384","targetHints":{"allow":["GET"]}}],"collection":[{"href":"https:\/\/gltestm.webology.pl\/de\/wp-json\/wp\/v2\/product"}],"about":[{"href":"https:\/\/gltestm.webology.pl\/de\/wp-json\/wp\/v2\/types\/product"}],"replies":[{"embeddable":true,"href":"https:\/\/gltestm.webology.pl\/de\/wp-json\/wp\/v2\/comments?post=18384"}],"version-history":[{"count":0,"href":"https:\/\/gltestm.webology.pl\/de\/wp-json\/wp\/v2\/product\/18384\/revisions"}],"wp:featuredmedia":[{"embeddable":true,"href":"https:\/\/gltestm.webology.pl\/de\/wp-json\/wp\/v2\/media\/15597"}],"wp:attachment":[{"href":"https:\/\/gltestm.webology.pl\/de\/wp-json\/wp\/v2\/media?parent=18384"}],"wp:term":[{"taxonomy":"product_brand","embeddable":true,"href":"https:\/\/gltestm.webology.pl\/de\/wp-json\/wp\/v2\/product_brand?post=18384"},{"taxonomy":"product_cat","embeddable":true,"href":"https:\/\/gltestm.webology.pl\/de\/wp-json\/wp\/v2\/product_cat?post=18384"},{"taxonomy":"product_tag","embeddable":true,"href":"https:\/\/gltestm.webology.pl\/de\/wp-json\/wp\/v2\/product_tag?post=18384"}],"curies":[{"name":"wp","href":"https:\/\/api.w.org\/{rel}","templated":true}]}}