{"id":18380,"date":"2026-03-18T22:38:57","date_gmt":"2026-03-18T21:38:57","guid":{"rendered":"https:\/\/gltestm.webology.pl\/produkt\/stehventilator-sf-2019\/"},"modified":"2026-03-22T21:57:38","modified_gmt":"2026-03-22T20:57:38","slug":"stehventilator-sf-2019","status":"publish","type":"product","link":"https:\/\/gltestm.webology.pl\/de\/produkt\/stehventilator-sf-2019\/","title":{"rendered":"Stehventilator SF-2019"},"content":{"rendered":"<h2><strong>Stehventilator SF 2019 <\/strong>&#8211; Komfort und Erfrischung in Ihrer Wohnung<\/h2>\n<p>Ein Standventilator ist in der Sommerhitze ein echter Retter. Ein Hauch von frischer, k\u00fchler Luft bringt Erleichterung und Abk\u00fchlung und erm\u00f6glicht es den Haushaltsmitgliedern, die t\u00e4glichen T\u00e4tigkeiten im Haushalt bequemer zu erledigen. Dank der einfachen Installation k\u00f6nnen Sie die Erfrischung im Handumdrehen genie\u00dfen.<\/p>\n<h2>Wichtigste Merkmale<\/h2>\n<ul>\n<li>Gro\u00dfer Durchmesser f\u00fcr effiziente und schnelle Raumk\u00fchlung.<\/li>\n<li>Drei Ventilatormodi mit einstellbarer Betriebsintensit\u00e4t.<\/li>\n<li>Ger\u00e4uscharmer Betrieb, der die t\u00e4glichen Aktivit\u00e4ten nicht beeintr\u00e4chtigt.<\/li>\n<li>Drehfunktion f\u00fcr eine intensivere Unterst\u00fctzung der Raumluftbewegung.<\/li>\n<li>L\u00fcfterdrehwinkel von bis zu 45\u00b0 nach links und rechts.<\/li>\n<li>H\u00f6henverstellung f\u00fcr eine einfache Anpassung des Betriebs.<\/li>\n<li>Stabile Konstruktion f\u00fcr sicheren Gebrauch.<\/li>\n<li>Propeller durch spezielles Metallgitter abgeschirmt f\u00fcr erh\u00f6hte Sicherheit.<\/li>\n<\/ul>\n<p><img fetchpriority=\"high\" decoding=\"async\" src=\"\/data\/include\/cms\/.product\/4\/3\/1034\/1_2.jpg\" alt=\"Wentylator stoj\u0105cy SF-2019 \" width=\"768\" height=\"480\" \/><\/p>\n<h2><strong>3 Gebl\u00e4sestufen<\/strong><\/h2>\n<p>Der<strong>Ventilator Lucznik SF 2019<\/strong> hat einen gro\u00dfen Durchmesser, der es erm\u00f6glicht, beheizte R\u00e4ume effektiv und schnell zu k\u00fchlen. Es gibt Ihnen die M\u00f6glichkeit,  3 Geschwindigkeiten des Ventilators einzustellen, mit deren Hilfe wir die Intensit\u00e4t seiner Arbeit an die aktuellen Bedingungen und die Temperatur in der Wohnung anpassen werden. Alle Modi sind so leise, dass sie sich in den Alltagsl\u00e4rm einf\u00fcgen und uns nicht bei unseren Aufgaben, beim Radioh\u00f6ren, Fernsehen oder bei Gespr\u00e4chen st\u00f6ren. <\/p>\n<p><img decoding=\"async\" src=\"\/data\/include\/cms\/.product\/9\/8\/1689\/1_3.jpg\" alt=\"Wentylator stoj\u0105cy SF-2019 \" width=\"768\" height=\"480\" \/><\/p>\n<h2><strong>90\u00b0 Drehbereich<\/strong><\/h2>\n<p>Dank der Drehfunktion kann der <strong>Archer SF 2019 Ventilator <\/strong>die Induktion von Luftbewegungen im Raum noch intensiver unterst\u00fctzen, was die Raumtemperatur weiter senkt und eine effizientere K\u00fchlung eines noch gr\u00f6\u00dferen Raumes erm\u00f6glicht, indem der erzeugte Wind gleichm\u00e4\u00dfig \u00fcber diesen verteilt wird. <strong>Der Drehwinkel des Ventilators<\/strong> betr\u00e4gt bis zu<strong>45\u00b0 nach links und rechts<\/strong>. <\/p>\n<p><img decoding=\"async\" src=\"\/data\/include\/cms\/.product\/9\/8\/1689\/1_5.jpg\" alt=\"Wentylator stoj\u0105cy SF-2019 \" width=\"768\" height=\"480\" \/><\/p>\n<h2>Sicheres Design mit breit abgeschirmten Propellern<\/h2>\n<p>Der Ventilator Lucznik SF 2019 zeichnet sich durch sein stabiles Design aus, so dass er nicht so leicht umgesto\u00dfen oder besch\u00e4digt werden kann. <strong>Der Durchmesser<\/strong> des Ventilators betr\u00e4gt bis zu <strong>40 cm<\/strong>. Die Propeller sind durch <strong>dichtes<\/strong> <strong>Metallgewebe<\/strong>   abgeschirmt, was die Sicherheit bei der Benutzung erh\u00f6ht<strong>.<\/strong><\/p>\n<p><strong><img loading=\"lazy\" decoding=\"async\" src=\"\/data\/include\/cms\/.product\/4\/3\/1034\/1_9.jpg\" alt=\"Wentylator stoj\u0105cy SF-2019 \" width=\"768\" height=\"480\" \/><\/strong><\/p>\n<h2>Stufenlos verstellbar in der H\u00f6he bis zu 125 cm<\/h2>\n<p>Die Arbeit des <strong>Lucznik SF 2019 Ventilators <\/strong>kann in eine bestimmte Richtung gelenkt und mit Hilfe der <strong>stufenlosen H\u00f6henverstellung<\/strong> frei an die aktuellen Bed\u00fcrfnisse angepasst werden. <strong>Teleskopisch ausziehbare Basis<\/strong> erm\u00f6glicht es uns, die Arbeitsh\u00f6he seiner Propeller leicht zu erh\u00f6hen oder zu senken &#8211; zum Beispiel, wenn wir uns entscheiden, uns zum Schlafen mit dem Ventilator hinzulegen.<\/p>\n<p><img loading=\"lazy\" decoding=\"async\" src=\"\/data\/include\/cms\/.product\/4\/3\/1034\/1_7.jpg\" alt=\"Wentylator stoj\u0105cy SF-2019 \" width=\"768\" height=\"480\" \/><\/p>\n<h2>Stabile Konstruktion und 40 cm Durchmesser des Ventilators<\/h2>\n<p><strong>Der <\/strong>Ventilator<strong>Lucznik SF 2019 <\/strong>zeichnet sich durch seine <strong>stabile Konstruktion<\/strong> aus, die es nicht zul\u00e4sst, dass er zu leicht umkippt oder besch\u00e4digt wird. Seine breiten Propeller<strong>(36 cm Durchmesser!<\/strong>) sind durch ein spezielles Metallgitter abgeschirmt, das die Sicherheit bei der Benutzung erh\u00f6ht.<\/p>\n<p><img loading=\"lazy\" decoding=\"async\" src=\"\/data\/include\/cms\/.product\/4\/3\/1034\/1_1.jpg\" alt=\"Wentylator stoj\u0105cy SF-2019 \" width=\"768\" height=\"480\" \/><\/p>\n<h2>24 Monate Herstellergarantie<\/h2>\n<p><strong>Lucznik Fan SF 2019 <\/strong>wird mit einer 24-monatigen Garantie und einer Bedienungsanleitung in polnischer und englischer Sprache geliefert, mit der Sie sich vor der Benutzung des Ger\u00e4ts vertraut machen sollten.<\/p>\n","protected":false},"excerpt":{"rendered":"<p>Idealer Ventilator f\u00fcr Haus und B\u00fcro. ventilator mit 3 Geschwindigkeiten. 125 cm H\u00f6he. durchmesser 40 cm. Rotationsbereich von 90\u00b0 (links-rechts).<\/p>\n","protected":false},"featured_media":14629,"comment_status":"open","ping_status":"closed","template":"","meta":[],"product_brand":[],"product_cat":[640],"product_tag":[],"class_list":{"0":"post-18380","1":"product","2":"type-product","3":"status-publish","4":"has-post-thumbnail","6":"product_cat-wentylatory","8":"first","9":"instock","10":"taxable","11":"shipping-taxable","12":"product-type-simple"},"_links":{"self":[{"href":"https:\/\/gltestm.webology.pl\/de\/wp-json\/wp\/v2\/product\/18380","targetHints":{"allow":["GET"]}}],"collection":[{"href":"https:\/\/gltestm.webology.pl\/de\/wp-json\/wp\/v2\/product"}],"about":[{"href":"https:\/\/gltestm.webology.pl\/de\/wp-json\/wp\/v2\/types\/product"}],"replies":[{"embeddable":true,"href":"https:\/\/gltestm.webology.pl\/de\/wp-json\/wp\/v2\/comments?post=18380"}],"version-history":[{"count":0,"href":"https:\/\/gltestm.webology.pl\/de\/wp-json\/wp\/v2\/product\/18380\/revisions"}],"wp:featuredmedia":[{"embeddable":true,"href":"https:\/\/gltestm.webology.pl\/de\/wp-json\/wp\/v2\/media\/14629"}],"wp:attachment":[{"href":"https:\/\/gltestm.webology.pl\/de\/wp-json\/wp\/v2\/media?parent=18380"}],"wp:term":[{"taxonomy":"product_brand","embeddable":true,"href":"https:\/\/gltestm.webology.pl\/de\/wp-json\/wp\/v2\/product_brand?post=18380"},{"taxonomy":"product_cat","embeddable":true,"href":"https:\/\/gltestm.webology.pl\/de\/wp-json\/wp\/v2\/product_cat?post=18380"},{"taxonomy":"product_tag","embeddable":true,"href":"https:\/\/gltestm.webology.pl\/de\/wp-json\/wp\/v2\/product_tag?post=18380"}],"curies":[{"name":"wp","href":"https:\/\/api.w.org\/{rel}","templated":true}]}}