{"id":18376,"date":"2026-03-18T22:38:57","date_gmt":"2026-03-18T21:38:57","guid":{"rendered":"https:\/\/gltestm.webology.pl\/produkt\/schleifscheibe-fuer-at-2020-feile\/"},"modified":"2026-03-22T21:59:36","modified_gmt":"2026-03-22T20:59:36","slug":"schleifscheibe-fuer-at-2020-feile","status":"publish","type":"product","link":"https:\/\/gltestm.webology.pl\/de\/produkt\/schleifscheibe-fuer-at-2020-feile\/","title":{"rendered":"Schleifscheibe f\u00fcr AT-2020 Feile"},"content":{"rendered":"<h1>Schleifteller f\u00fcr die AT-2020 Feile<\/h1>\n<p>Moderner <strong>Schleifteller<\/strong><strong>(austauschbarer<\/strong> Schleifteller) f\u00fcr unseren Bestseller &#8211; die elektrische Fersenfeile <strong>AT-2020<\/strong>. Sie <strong>tr\u00e4gt<\/strong> effektiv <strong>die Epidermis ab<\/strong> und <strong>gl\u00e4ttet die Haut<\/strong>. Je nach Intensit\u00e4t der Nutzung h\u00e4lt die Scheibe f\u00fcr ca. <strong>100 Anwendungen<\/strong>.<\/p>\n<p><strong>In der Packung sind 2 austauschbare Scheiben enthalten.<\/strong><\/p>\n<p>Sie k\u00f6nnen die<strong>elektrische Fu\u00dffeile<\/strong> AT-2020 <strong><a href=\"https:\/\/galerialucznik.pl\/pl\/products\/agd\/agd-dla-zdrowia-i-urody\/pilniki-i-frezarki-do-stop\/elektryczny-pilnik-do-stop-at-2020-1149.html\" target=\"_blank\" rel=\"noopener\">hier<\/a><\/strong> kaufen.<\/p>\n","protected":false},"excerpt":{"rendered":"<p>Ersatzscheibe (Schleifscheibe) f\u00fcr AT-2020 Elektrofeile &#8211; 2 St\u00fcck. Funktioniert trocken und nass. H\u00e4lt f\u00fcr etwa 100 Anwendungen.<\/p>\n","protected":false},"featured_media":14674,"comment_status":"open","ping_status":"closed","template":"","meta":[],"product_brand":[],"product_cat":[690],"product_tag":[],"class_list":{"0":"post-18376","1":"product","2":"type-product","3":"status-publish","4":"has-post-thumbnail","6":"product_cat-pilniki-i-frezarki-do-stop","8":"first","9":"instock","10":"taxable","11":"shipping-taxable","12":"product-type-simple"},"_links":{"self":[{"href":"https:\/\/gltestm.webology.pl\/de\/wp-json\/wp\/v2\/product\/18376","targetHints":{"allow":["GET"]}}],"collection":[{"href":"https:\/\/gltestm.webology.pl\/de\/wp-json\/wp\/v2\/product"}],"about":[{"href":"https:\/\/gltestm.webology.pl\/de\/wp-json\/wp\/v2\/types\/product"}],"replies":[{"embeddable":true,"href":"https:\/\/gltestm.webology.pl\/de\/wp-json\/wp\/v2\/comments?post=18376"}],"version-history":[{"count":0,"href":"https:\/\/gltestm.webology.pl\/de\/wp-json\/wp\/v2\/product\/18376\/revisions"}],"wp:featuredmedia":[{"embeddable":true,"href":"https:\/\/gltestm.webology.pl\/de\/wp-json\/wp\/v2\/media\/14674"}],"wp:attachment":[{"href":"https:\/\/gltestm.webology.pl\/de\/wp-json\/wp\/v2\/media?parent=18376"}],"wp:term":[{"taxonomy":"product_brand","embeddable":true,"href":"https:\/\/gltestm.webology.pl\/de\/wp-json\/wp\/v2\/product_brand?post=18376"},{"taxonomy":"product_cat","embeddable":true,"href":"https:\/\/gltestm.webology.pl\/de\/wp-json\/wp\/v2\/product_cat?post=18376"},{"taxonomy":"product_tag","embeddable":true,"href":"https:\/\/gltestm.webology.pl\/de\/wp-json\/wp\/v2\/product_tag?post=18376"}],"curies":[{"name":"wp","href":"https:\/\/api.w.org\/{rel}","templated":true}]}}