{"id":18372,"date":"2026-03-18T22:38:57","date_gmt":"2026-03-18T21:38:57","guid":{"rendered":"https:\/\/gltestm.webology.pl\/produkt\/hotcold-2022-kochtopf-mixer-multifunktion\/"},"modified":"2026-03-22T21:59:57","modified_gmt":"2026-03-22T20:59:57","slug":"hotcold-2022-kochtopf-mixer-multifunktion","status":"publish","type":"product","link":"https:\/\/gltestm.webology.pl\/de\/produkt\/hotcold-2022-kochtopf-mixer-multifunktion\/","title":{"rendered":"Hot&#038;Cold 2022 Kochtopf-Mixer (Multifunktion)"},"content":{"rendered":"<h2>Ein K\u00fcchenmixer, der Ihre kulinarische Welt zum Leben erweckt!<\/h2>\n<p><strong>Der Hot&amp;Cold 2022 Multifunktions-K\u00fcchenmixer<\/strong> ist ein Ger\u00e4t, das Ihre kulinarische Welt beleben und Ihnen helfen <strong>wird<\/strong>, sich <strong>einfach und schnell<\/strong> um Ihre Gesundheit zu k\u00fcmmern. Mit ihm k\u00f6nnen Sie gesunde <strong>Smoothies<\/strong>, <strong>cremige Suppen<\/strong> oder sogar <strong>Pflanzenmilch<\/strong> zubereiten. Er ist ideal f\u00fcr Menschen, die sich <strong>gesund ern<\/strong>\u00e4hren wollen, aber <strong>nicht viel Zeit<\/strong> zum Kochen <strong>haben<\/strong>.<\/p>\n<p>Dieser Mixer verf\u00fcgt \u00fcber einen <strong>leistungsstarken 1.500-Watt-Motor<\/strong>, eine fortschrittliche<strong> Hochgeschwindigkeits-Kochtechnologie<\/strong>, ein <strong>LED-Bedienfeld<\/strong> und bis <strong>zu 9 Geschwindigkeitsstufen mit bis zu 23.500 U\/min.<\/strong> So k\u00f6nnen Sie schnell und effizient leckere Suppen, P\u00fcrees und So\u00dfen zubereiten und auch schwer zu mixende Zutaten wie z\u00e4he <strong>Karotten,<\/strong> <strong>N\u00fcsse <\/strong>oder<strong> Eis<\/strong> p\u00fcrieren. Das perfekte Ger\u00e4t f\u00fcr alle, die nach einfachen und gesunden M\u00f6glichkeiten suchen, in <strong>kurzer<\/strong> Zeit k\u00f6stliche Mahlzeiten zuzubereiten.<\/p>\n<h2>Entdecken Sie die Kraft der Kochtechnologie im Hot&amp;Cold 2022<\/h2>\n<p>Mit dem Hot&amp;Cold 2022 Bechermixer k\u00f6nnen Sie dank seiner <strong>1500 W<\/strong> Motorleistung zu Hause schnell und effizient Speisen zubereiten. Dank der <strong>hohen Motorleistung<\/strong> lassen sich auch harte und schwer zu zerkleinernde Zutaten wie N\u00fcsse und Eis problemlos verarbeiten. Die leistungsstarke <strong>600-Watt-Hochgeschwindigkeits-Kochtechnologie<\/strong> erm\u00f6glicht es Ihnen, <strong>hei\u00dfe Speisen direkt im Becher des Mixers zuzubereiten<\/strong>, was die Zubereitungszeit verk\u00fcrzt. So haben Sie mehr Zeit, andere Speisen zuzubereiten, sich zu entspannen oder Zeit mit Familie und Freunden zu verbringen.<\/p>\n<h2>Die wichtigsten Merkmale des Hot&amp;Cold 2022 Standmixers<\/h2>\n<p>&#8211; <strong>1500 W<\/strong> Motorleistung<br \/>&#8211; <strong>Hochgeschwindigkeitsgartechnologie<\/strong> mit <strong>600 Watt<\/strong>Leistung<br \/>&#8211; LED-Panel<br \/>&#8211; <strong>9 Geschwindigkeiten<\/strong> &#8211; bis zu <strong>23.500 U\/min<\/strong><br \/>&#8211; <strong>8 vorprogrammierte<\/strong> Zyklen (davon <strong>4 Kochen<\/strong>, <strong>3 Kaltmischen<\/strong> und <strong>1 Waschen<\/strong>)<br \/>&#8211; <strong>Glastopf<\/strong> mit einem maximalen Fassungsverm\u00f6gen von <strong>1,75 l<\/strong> und <strong>1,4 l<\/strong> f\u00fcr Suppe<br \/>&#8211; Deckel <strong>mit \u00d6ffnung<\/strong> zum einfachen Nachf\u00fcllen &#8211; die Zutaten k\u00f6nnen bei laufendem Mixer hinzugef\u00fcgt werden<br \/>&#8211; <strong>Zwei<\/strong> <strong>Sicherheitsverschl\u00fcsse<\/strong> <br \/>&#8211; Gebrauchsanweisung in Polnisch<br \/>&#8211; Garantiekarte<\/p>\n<h2>K\u00fcchenratgeber mit Rezepten &#8211; kostenlos!<\/h2>\n<p>Der mitgelieferte <strong>K\u00fcchenratgeber<\/strong> mit Rezepten enth\u00e4lt Rezepte f\u00fcr<strong> k\u00f6stliche Gerichte<\/strong>, die Sie mit unserem K\u00fcchenmixer zubereiten k\u00f6nnen. Egal, ob Sie <strong>ein Anf\u00e4nger in der<\/strong> K\u00fcche sind oder <strong>ein erfahrener Koch<\/strong>, dieser K\u00fcchenf\u00fchrer wird Ihnen <strong>Inspiration<\/strong> und <strong>Ideen<\/strong> f\u00fcr jede Gelegenheit liefern.<\/p>\n<p>Von <strong>einfachen Smoothies<\/strong> \u00fcber <strong>Suppen<\/strong> und <strong>So\u00dfen<\/strong> bis hin zu <strong>Desserts<\/strong> und <strong>Hauptgerichten<\/strong> bietet unser K\u00fcchenratgeber alles, was Sie brauchen, um in Ihrer K\u00fcche den <strong>vollen Geschmack<\/strong> und das <strong>volle<\/strong> <strong>Aroma<\/strong> zu genie\u00dfen. Haben Sie schon einmal daran gedacht, Ihre eigene <strong>K\u00e4sesauce <\/strong>f\u00fcr<strong> Nachos<\/strong> zu machen? Oder m\u00f6chten Sie <strong>eine k\u00f6stliche<\/strong>, <strong>cremige<\/strong> <strong>Brokkoli-Cheddar-Suppe<\/strong> probieren? Mit dem Kochbuch, das dem Hot&amp;Cold 2022 Stabmixer beiliegt, ist alles m\u00f6glich!<\/p>\n<p><img fetchpriority=\"high\" decoding=\"async\" src=\"\/data\/include\/cms\/bannery\/hot-cold-2022\/1_2.jpg\" alt=\"Przewodnik kuchenny z przepisami\" width=\"768\" height=\"480\" \/><\/p>\n<p>Z\u00f6gern Sie nicht l\u00e4nger und bestellen Sie den Hot&amp;Cold 2022 Bechermixer noch heute, um den exklusiven <strong>K\u00fcchenf\u00fchrer kostenlos<\/strong> zu erhalten! Entdecken Sie den Geschmack und das Potenzial Ihres Stabmixers und werden Sie <strong>ein echter Meisterkoch<\/strong>!<\/p>\n<h2>Leistungsstark und sicher &#8211; Technologie und Funktionalit\u00e4t in einem Mixer<\/h2>\n<p>Der Hot&amp;Cold 2022 Stabmixer ist nicht nur eine<strong> innovative Technologie<\/strong>, sondern auch ein extrem <strong>leistungsstarkes Ger\u00e4t<\/strong>, das mit <strong>9 Geschwindigkeitsstufen<\/strong> bis zu <strong>23.500 U\/min<\/strong>, einem LED-Panel und einem Glasbeh\u00e4lter mit einem maximalen Fassungsverm\u00f6gen von 1,75 Litern und 1,4 Litern f\u00fcr Suppe ausgestattet ist.<\/p>\n<p>Dar\u00fcber hinaus verf\u00fcgt der Mixer \u00fcber <strong>8 vorprogrammierte<\/strong> Zyklen, darunter <strong>4 Kochzyklen<\/strong>, <strong>3 Kaltmixzyklen<\/strong> und <strong>1 Waschzyklus<\/strong>. Zwei <strong>Sicherheitsverriegelungen<\/strong> sorgen daf\u00fcr, dass sich das Ger\u00e4t nicht einschaltet, wenn der Deckel nicht richtig aufgesetzt ist.<\/p>\n<h2>Gesunde und k\u00f6stliche Mahlzeiten zubereiten<\/h2>\n<p>Der Hot&amp;Cold 2022 ist nicht nur ein kochender Stabmixer mit einem leistungsstarken 1500-W-Motor, sondern auch ein fortschrittliches K\u00fcchenger\u00e4t mit <strong>8 vorprogrammierten Zyklen<\/strong>, darunter <strong>4 Koch<\/strong>-,<strong> 3 Kaltmix-<\/strong> und<strong> 1<\/strong> <strong>Waschzyklus<\/strong>, mit dem Sie schnell und einfach eine Vielzahl von Gerichten zubereiten k\u00f6nnen, darunter cremige Suppen, dicke So\u00dfen, P\u00fcrees, Smoothies und Gem\u00fcsemilch.<\/p>\n<p><img decoding=\"async\" src=\"\/data\/include\/cms\/bannery\/hot-cold-2022\/2_2.jpg\" alt=\"blender gotuj\u0105cy hot&amp;cold 2022\" \/><\/p>\n<p>Dar\u00fcber hinaus verf\u00fcgt der Hot&amp;Cold 2022 Mixer \u00fcber ein spezielles Programm f\u00fcr die Zubereitung<strong> selbstgemachter Marmeladen<\/strong> aus Ihren Lieblingsfr\u00fcchten, und mit dem Kaltmixer k\u00f6nnen Sie erfrischende Getr\u00e4nke und Cocktails zubereiten, ohne Eis hinzuzuf\u00fcgen, wodurch der nat\u00fcrliche Geschmack und das Aroma der Getr\u00e4nke erhalten bleiben.<\/p>\n<p>Mit dem Kochmixer <strong>k\u00f6nnen Sie zu<\/strong>bereiten:<br \/>&#8211; Cremesuppen<br \/>&#8211; Smoothies<br \/>&#8211; Gem\u00fcsemilch<br \/>&#8211; P\u00fcrees<br \/>&#8211; Konfit\u00fcren<\/p>\n<h2>Kombiniertes Zubeh\u00f6r f\u00fcr kompletten Komfort<\/h2>\n<p>&#8211; <strong>K\u00fcchenratgeber mit Rezepten<\/strong><br \/>&#8211; <strong>Doppelseitige<\/strong> <strong>Reinigungsb\u00fcrste<\/strong> <br \/>&#8211; <strong>Filterbeutel<\/strong><br \/>&#8211;<strong> Ersatzstecker zur Ger\u00e4uschreduzierung<\/strong><br \/>&#8211; Deckel zum Abkochen<br \/>&#8211; <strong>Stampfer<\/strong><\/p>\n<p>Der Hot&amp;Cold 2022 Multifunktionsmixer wird mit einer Vielzahl von Zubeh\u00f6rteilen geliefert, wie z. B. einem <strong>K\u00fcchenratgeber mit Rezepten<\/strong>, einer <strong>doppelseitigen<\/strong> Reinigungsb\u00fcrste, einem <strong>Filterbeutel<\/strong>, einem Ersatzstecker zur Ger\u00e4uschreduzierung, einem<strong> Abkochschutz<\/strong> und einem <strong>Stopfer<\/strong>, die die Arbeit in der K\u00fcche erleichtern und kreativer machen.<\/p>\n<p>Der K\u00fcchenratgeber bietet Inspiration f\u00fcr eine Vielzahl von Gelegenheiten, w\u00e4hrend der Filterbeutel f\u00fcr die Konsistenz von Smoothies und Gem\u00fcsemilch sorgt. Das Zubeh\u00f6r erm\u00f6glicht eine <strong>einfache<\/strong> und <strong>gr\u00fcndliche<\/strong> Reinigung des Bechers und der Messer sowie ein gleichm\u00e4\u00dfiges Mixen und P\u00fcrieren der Zutaten.<\/p>\n<p><img decoding=\"async\" src=\"\/data\/include\/cms\/bannery\/hot-cold-2022\/3_2.jpg\" alt=\"blender gotuj\u0105cy hot&amp;cold 2022\" width=\"768\" height=\"480\" \/> <\/p>\n<h2>24 Monate Herstellergarantie und Anleitung auf Polnisch<\/h2>\n<p>Der Hot&amp;Cold 2022 Mixer wird mit einer <strong>24-monatigen Herstell<\/strong>ergarantie geliefert. Die Bedienungsanleitung ist in <strong>polnischer<\/strong> Sprache verfasst und sehr<strong> benutzerfreundlich<\/strong>, da sie <strong>einfache<\/strong> Schritte zur Bedienung des Ger\u00e4ts enth\u00e4lt.<\/p>\n","protected":false},"excerpt":{"rendered":"<p>Leistungsstarker 1500-W-Motor und 600-W-Schnellkochtechnologie, LED-Panel, 9 Geschwindigkeiten bis zu 23500 U\/min, 8 Zyklen, 4 zum Kochen, 3 zum Kaltmischen und 1 zum Reinigen. 1.75-Liter- und 1,4-Liter-Suppentasse, Deckel mit \u00d6ffnung, 2 Schl\u00f6sser.<\/p>\n","protected":false},"featured_media":14518,"comment_status":"open","ping_status":"closed","template":"","meta":[],"product_brand":[],"product_cat":[605],"product_tag":[],"class_list":{"0":"post-18372","1":"product","2":"type-product","3":"status-publish","4":"has-post-thumbnail","6":"product_cat-blendery","8":"first","9":"instock","10":"taxable","11":"shipping-taxable","12":"product-type-simple"},"_links":{"self":[{"href":"https:\/\/gltestm.webology.pl\/de\/wp-json\/wp\/v2\/product\/18372","targetHints":{"allow":["GET"]}}],"collection":[{"href":"https:\/\/gltestm.webology.pl\/de\/wp-json\/wp\/v2\/product"}],"about":[{"href":"https:\/\/gltestm.webology.pl\/de\/wp-json\/wp\/v2\/types\/product"}],"replies":[{"embeddable":true,"href":"https:\/\/gltestm.webology.pl\/de\/wp-json\/wp\/v2\/comments?post=18372"}],"version-history":[{"count":0,"href":"https:\/\/gltestm.webology.pl\/de\/wp-json\/wp\/v2\/product\/18372\/revisions"}],"wp:featuredmedia":[{"embeddable":true,"href":"https:\/\/gltestm.webology.pl\/de\/wp-json\/wp\/v2\/media\/14518"}],"wp:attachment":[{"href":"https:\/\/gltestm.webology.pl\/de\/wp-json\/wp\/v2\/media?parent=18372"}],"wp:term":[{"taxonomy":"product_brand","embeddable":true,"href":"https:\/\/gltestm.webology.pl\/de\/wp-json\/wp\/v2\/product_brand?post=18372"},{"taxonomy":"product_cat","embeddable":true,"href":"https:\/\/gltestm.webology.pl\/de\/wp-json\/wp\/v2\/product_cat?post=18372"},{"taxonomy":"product_tag","embeddable":true,"href":"https:\/\/gltestm.webology.pl\/de\/wp-json\/wp\/v2\/product_tag?post=18372"}],"curies":[{"name":"wp","href":"https:\/\/api.w.org\/{rel}","templated":true}]}}