{"id":18368,"date":"2026-03-18T22:38:56","date_gmt":"2026-03-18T21:38:56","guid":{"rendered":"https:\/\/gltestm.webology.pl\/produkt\/elektronische-kuechenwaage-mit-schuessel-pt-2019-2\/"},"modified":"2026-03-22T21:59:55","modified_gmt":"2026-03-22T20:59:55","slug":"elektronische-kuechenwaage-mit-schuessel-pt-2019-2","status":"publish","type":"product","link":"https:\/\/gltestm.webology.pl\/de\/produkt\/elektronische-kuechenwaage-mit-schuessel-pt-2019-2\/","title":{"rendered":"Elektronische K\u00fcchenwaage mit Sch\u00fcssel PT-2019"},"content":{"rendered":"<h2>Elektronische K\u00fcchenwaage mit Sch\u00fcssel PT-2019<\/h2>\n<p>Die elektronische K\u00fcchenwaage mit Sch\u00fcssel PT-2019 ist ein \u00e4u\u00dferst n\u00fctzliches Ger\u00e4t in jeder K\u00fcche. Dank der hohen Messgenauigkeit von 1 g und einer maximalen Tragkraft von 5 kg w\u00e4hlen Sie immer die richtigen Mengenverh\u00e4ltnisse der Zutaten, die Sie f\u00fcr die Zubereitung k\u00f6stlicher Kuchen oder Gerichte ben\u00f6tigen.<\/p>\n<h2>Wichtigste Merkmale<\/h2>\n<ul>\n<li>Maximale Belastung: <strong>5 kg<\/strong><\/li>\n<li>Messgenauigkeit: <strong>1 g<\/strong><\/li>\n<li>Inklusive<strong>Sch\u00fcssel<\/strong> <\/li>\n<li>Gro\u00dfe, leicht ablesbare <strong>LCD-Anzeige<\/strong> <\/li>\n<li><strong>Tara-Funktion<\/strong> <\/li>\n<li>Automatische <strong>Abschaltung<\/strong><\/li>\n<li>Stromversorgung: Batterie 1 Stk. <strong>CR2032<\/strong> (im Lieferumfang enthalten)<\/li>\n<\/ul>\n<h2>Praktische Schale f\u00fcr Zutaten<\/h2>\n<p>Die Waage ist mit einer praktischen Schale ausgestattet, in der alle zu wiegenden Zutaten Platz finden.<\/p>\n<h2>Einfache Aufbewahrung<\/h2>\n<p>Dank des flachen Designs der Waage finden Sie problemlos einen Platz in einem Schrank oder einer Schublade.<\/p>\n<h2>Gro\u00dfe und leicht ablesbare LCD-Anzeige<\/h2>\n<p>Die PT-2019 Waage ist mit einem gro\u00dfen und \u00fcbersichtlichen LCD-Display ausgestattet, auf dem sich das Wiegeergebnis leicht ablesen l\u00e4sst.<\/p>\n","protected":false},"excerpt":{"rendered":"<p>Elektronische K\u00fcchenwaage mit Sch\u00fcssel PT-2019 Maximale Belastung 5 kg. Messgenauigkeit von 1 g. Inklusive Batterie.<\/p>\n","protected":false},"featured_media":15468,"comment_status":"open","ping_status":"closed","template":"","meta":[],"product_brand":[],"product_cat":[565],"product_tag":[],"class_list":{"0":"post-18368","1":"product","2":"type-product","3":"status-publish","4":"has-post-thumbnail","6":"product_cat-wagi-kuchenne","8":"first","9":"instock","10":"taxable","11":"shipping-taxable","12":"product-type-simple"},"_links":{"self":[{"href":"https:\/\/gltestm.webology.pl\/de\/wp-json\/wp\/v2\/product\/18368","targetHints":{"allow":["GET"]}}],"collection":[{"href":"https:\/\/gltestm.webology.pl\/de\/wp-json\/wp\/v2\/product"}],"about":[{"href":"https:\/\/gltestm.webology.pl\/de\/wp-json\/wp\/v2\/types\/product"}],"replies":[{"embeddable":true,"href":"https:\/\/gltestm.webology.pl\/de\/wp-json\/wp\/v2\/comments?post=18368"}],"version-history":[{"count":0,"href":"https:\/\/gltestm.webology.pl\/de\/wp-json\/wp\/v2\/product\/18368\/revisions"}],"wp:featuredmedia":[{"embeddable":true,"href":"https:\/\/gltestm.webology.pl\/de\/wp-json\/wp\/v2\/media\/15468"}],"wp:attachment":[{"href":"https:\/\/gltestm.webology.pl\/de\/wp-json\/wp\/v2\/media?parent=18368"}],"wp:term":[{"taxonomy":"product_brand","embeddable":true,"href":"https:\/\/gltestm.webology.pl\/de\/wp-json\/wp\/v2\/product_brand?post=18368"},{"taxonomy":"product_cat","embeddable":true,"href":"https:\/\/gltestm.webology.pl\/de\/wp-json\/wp\/v2\/product_cat?post=18368"},{"taxonomy":"product_tag","embeddable":true,"href":"https:\/\/gltestm.webology.pl\/de\/wp-json\/wp\/v2\/product_tag?post=18368"}],"curies":[{"name":"wp","href":"https:\/\/api.w.org\/{rel}","templated":true}]}}