{"id":18364,"date":"2026-03-18T22:38:56","date_gmt":"2026-03-18T21:38:56","guid":{"rendered":"https:\/\/gltestm.webology.pl\/produkt\/waffeleisen-lucznik-sw-8801\/"},"modified":"2026-03-22T21:56:54","modified_gmt":"2026-03-22T20:56:54","slug":"waffeleisen-lucznik-sw-8801","status":"publish","type":"product","link":"https:\/\/gltestm.webology.pl\/de\/produkt\/waffeleisen-lucznik-sw-8801\/","title":{"rendered":"Waffeleisen Lucznik SW-8801"},"content":{"rendered":"<h2><strong>Waffeleisen SW-8801<\/strong><\/h2>\n<p>Das Ger\u00e4t ist ideal f\u00fcr alle, die den Geschmack von<strong> Waffeln<\/strong> lieben &#8211; warme und k\u00f6stliche Backwaren, die mit Puderzucker bestreut oder mit Schlagsahne und Fr\u00fcchten verziert sind.<\/p>\n<p>Werden Sie in Versuchung kommen? \ud83d\ude42 Wenn Sie Waffeln mit Ihren eigenen H\u00e4nden zubereiten, sind Sie nicht auf fertige Mischungen und das Talent eines Konditors angewiesen. Sie haben die Kontrolle \u00fcber jede Zutat und k\u00f6nnen, wenn Sie m\u00f6chten, gesunde Waffeln ohne Zucker, Vollkorn oder Gluten zubereiten. <\/p>\n<p>Auch Ihre Kinder werden staunen, wenn Sie ihnen handgemachte,<strong> k\u00f6stliche<\/strong> <strong>Waffeln<\/strong> servieren und den Duft von Urlauben verbreiten!<\/p>\n<p>Mit einer hohen Leistung von bis zu <strong>1.000<\/strong> Watt ist die Zubereitung von Waffeln effizient und gr\u00fcndlich, und Sie sparen wertvolle Zeit. Genie\u00dfen Sie den Geschmack von <strong>Waffeln<\/strong>, wann immer Ihnen danach ist! <\/p>\n<p>Genie\u00dfen Sie den Komfort und die Leichtigkeit der Waffelzubereitung dank der <strong>speziellen Beschichtung, die nicht am Teig klebt<\/strong> &#8211; das erleichtert die Zubereitung der Backwaren ungemein.<\/p>\n<p><strong>DasSW-8801<\/strong> Waffeleisen wird mit einer <strong>24-monatigen Garantie<\/strong> und einer <strong>Anleitung in polnischer Sprache<\/strong> geliefert, die vor der Benutzung des Ger\u00e4ts gelesen werden sollte.<\/p>\n","protected":false},"excerpt":{"rendered":"<p>Genie\u00dfen Sie den Geschmack von Waffeln, wann immer Ihnen danach ist. Das Ger\u00e4t ist ideal f\u00fcr Kinder und Erwachsene, die den Geschmack von leckeren Waffeln mit Schlagsahne, Obst oder anderen Saucen lieben.<\/p>\n","protected":false},"featured_media":13696,"comment_status":"open","ping_status":"closed","template":"","meta":[],"product_brand":[],"product_cat":[585],"product_tag":[],"class_list":{"0":"post-18364","1":"product","2":"type-product","3":"status-publish","4":"has-post-thumbnail","6":"product_cat-tostery-i-opiekacze","8":"first","9":"instock","10":"taxable","11":"shipping-taxable","12":"product-type-simple"},"_links":{"self":[{"href":"https:\/\/gltestm.webology.pl\/de\/wp-json\/wp\/v2\/product\/18364","targetHints":{"allow":["GET"]}}],"collection":[{"href":"https:\/\/gltestm.webology.pl\/de\/wp-json\/wp\/v2\/product"}],"about":[{"href":"https:\/\/gltestm.webology.pl\/de\/wp-json\/wp\/v2\/types\/product"}],"replies":[{"embeddable":true,"href":"https:\/\/gltestm.webology.pl\/de\/wp-json\/wp\/v2\/comments?post=18364"}],"version-history":[{"count":0,"href":"https:\/\/gltestm.webology.pl\/de\/wp-json\/wp\/v2\/product\/18364\/revisions"}],"wp:featuredmedia":[{"embeddable":true,"href":"https:\/\/gltestm.webology.pl\/de\/wp-json\/wp\/v2\/media\/13696"}],"wp:attachment":[{"href":"https:\/\/gltestm.webology.pl\/de\/wp-json\/wp\/v2\/media?parent=18364"}],"wp:term":[{"taxonomy":"product_brand","embeddable":true,"href":"https:\/\/gltestm.webology.pl\/de\/wp-json\/wp\/v2\/product_brand?post=18364"},{"taxonomy":"product_cat","embeddable":true,"href":"https:\/\/gltestm.webology.pl\/de\/wp-json\/wp\/v2\/product_cat?post=18364"},{"taxonomy":"product_tag","embeddable":true,"href":"https:\/\/gltestm.webology.pl\/de\/wp-json\/wp\/v2\/product_tag?post=18364"}],"curies":[{"name":"wp","href":"https:\/\/api.w.org\/{rel}","templated":true}]}}