{"id":18356,"date":"2026-03-18T22:38:55","date_gmt":"2026-03-18T21:38:55","guid":{"rendered":"https:\/\/gltestm.webology.pl\/produkt\/coverlock-820d3-renderer-kondensator\/"},"modified":"2026-03-22T21:56:16","modified_gmt":"2026-03-22T20:56:16","slug":"coverlock-820d3-renderer-kondensator","status":"publish","type":"product","link":"https:\/\/gltestm.webology.pl\/de\/produkt\/coverlock-820d3-renderer-kondensator\/","title":{"rendered":"Coverlock 820D3 (Renderer\/Kondensator)"},"content":{"rendered":"<h2><strong><strong>Coverlock 820D3 (Renderer\/Cap-Maschine)<\/strong><\/strong><\/h2>\n<p>Die Coverlock 820D3<strong><strong>(auch bekannt als Capstan oder Rendingmaschine<\/strong> <\/strong><strong><strong>)<\/strong> ist <\/strong>in erster Linie eine Maschine zum N\u00e4hen mit <strong>dehnbaren<\/strong><strong> Stoffen <\/strong> wie Kinderstrickwaren und Sportbekleidung. Sie wird in erster Linie zum <strong>Kr\u00e4useln<\/strong> (ohne S\u00e4umen) und <strong>Verbinden<\/strong> verwendet.<\/p>\n<p>Der<strong>Coverlock-Leitern\u00e4hstich <\/strong>ist so beschaffen, dass er sowohl sehr flexibel als auch stark ist. Von au\u00dfen sieht der <strong>klassische Leiterstich<\/strong> \u00e4hnlich aus wie der Parallelsteppstich mit einer Doppelnadel, w\u00e4hrend auf der linken Seite die speziellen Schlingen zu sehen sind, auf die alle seine Eigenschaften zur\u00fcckzuf\u00fchren sind.  Die beliebtesten Einsatzorte sind die Unterseiten von Blusen, Unterhemden und \u00c4rmelfalzen.<\/p>\n<p>Dieses Modell verf\u00fcgt auch \u00fcber einen<strong> Kettenstich<\/strong>, der wiederum ideal zum Verbinden von Strickst\u00fccken ist. Dieser Stich kommt \u00fcberall dort zum Einsatz, wo hohe <strong>Flexibilit\u00e4t<\/strong> und <strong>N\u00e4hfestigkeit<\/strong> gefragt sind.<\/p>\n<p>Die <strong>Coverlock 820D3<\/strong> verf\u00fcgt \u00fcber die M\u00f6glichkeit,<strong> Stichl\u00e4nge, Fadenspannung<\/strong> und <strong>Fu\u00dfdruck<\/strong> auf den Stoff einzustellen. Der <strong>Differentialtransport <\/strong>erm\u00f6glicht es, das N\u00e4hdifferential einzustellen &#8211; so erhalten Sie eine richtig flache Naht &#8211; <strong>ohne Falten und Dehnung<\/strong>. Falls erforderlich, ist es einfach, auch den umgekehrten Effekt in der vorgesehenen Weise zu erzielen. Dieses Modell verf\u00fcgt au\u00dferdem \u00fcber einen <strong>eingebauten<\/strong> \u00dcberhang (Freiarm) zum Aufrollen von schwer zug\u00e4nglichen Kleidungsst\u00fccken, wie \u00c4rmeln, Beinen oder Halsausschnitten. <br \/>Die M\u00f6glichkeit,<strong> den Fu\u00df hoch anzu<\/strong> heben, sorgt f\u00fcr freies Unterf\u00fcttern von mehreren Stofflagen.<\/p>\n<p>Die<strong>farbige <\/strong>Kennzeichnung und Nummerierung der aufeinanderfolgenden Sch\u00e4fte und die klaren Anweisungen unter der Abdeckung erleichtern das Einf\u00e4deln und Einstellen der Maschine. Die <strong>Zubeh\u00f6rschublade<\/strong> enth\u00e4lt eine Grundausstattung f\u00fcr die Wartung und eine Pinzette, die beim Einf\u00e4deln hilft. Das Modell ist au\u00dferdem mit einer weichen <strong>Abdeckung<\/strong> ausgestattet, um es vor Staub und Schmutz zu sch\u00fctzen.<\/p>\n<h2><strong>Wichtigste Merkmale <\/strong><\/h2>\n<ul>\n<li><strong>2 Stiche<\/strong> <strong>(Leiterstich<\/strong> und <strong>Kettenstich<\/strong> )<\/li>\n<li> <strong>2-<\/strong> oder  3-Faden-Stiche<\/li>\n<li><strong>2 Nadeln<\/strong><\/li>\n<li><strong>3 F\u00e4den<\/strong><\/li>\n<li><strong>stichl\u00e4ngenverstellung<\/strong> (Drehknopf)<\/li>\n<li><strong>einfaches<\/strong> und schnelles <strong>Einf\u00e4deln<\/strong><strong>(Farbcodierung<\/strong>)<\/li>\n<li><strong>aufsteckbarer<\/strong> Fu\u00df <\/li>\n<li><strong>hohe<\/strong> Fu\u00dfl\u00fcftung<\/li>\n<li><strong>differentialtransport<\/strong> (Differential, einstellbar)<\/li>\n<li>transporteinstellhebel<\/li>\n<li>abnehmbare<strong>Arbeitsplatte<\/strong> <\/li>\n<li><strong>freier Arm<\/strong><\/li>\n<li>beh\u00e4lter f\u00fcr Zubeh\u00f6r<strong>(eingebaut<\/strong>)<\/li>\n<\/ul>\n<h2>Standardausr\u00fcstung<\/h2>\n<ul>\n<li> <strong>gewindescheiben<\/strong><\/li>\n<li><strong>f\u00fchrung<\/strong> zum S\u00e4umen<\/li>\n<li><strong>kr\u00e4useln<\/strong><\/li>\n<li><strong>ersatznadeln 90 (3)<\/strong><\/li>\n<li>beh\u00e4lter f\u00fcr \u00d6l<\/li>\n<li>abdeckung <strong>gegen Schrumpfung<\/strong><\/li>\n<li><strong>schraubenzieher<\/strong><\/li>\n<li>pinzette<\/li>\n<\/ul>\n<h2>24-monatige Garantie<\/h2>\n<p><strong>Coverlock 820D3<\/strong> wird mit <strong>einer 24-monatigen Garantie<\/strong> und einer Bedienungsanleitung in polnischer Sprache geliefert, die vor der Benutzung des Ger\u00e4ts gelesen werden sollte.<\/p>\n","protected":false},"excerpt":{"rendered":"<p>Overlock 820D3 (Rending\/Capping\/Overlock) Zweinadel- und Dreifadenmaschine, die Maschen und Stoffe professionell verbindet und untermauert, indem sie 2- bis 3-f\u00e4dige Maschen herstellt.<\/p>\n","protected":false},"featured_media":14922,"comment_status":"open","ping_status":"closed","template":"","meta":[],"product_brand":[],"product_cat":[435],"product_tag":[],"class_list":{"0":"post-18356","1":"product","2":"type-product","3":"status-publish","4":"has-post-thumbnail","6":"product_cat-overlocki","8":"first","9":"instock","10":"taxable","11":"shipping-taxable","12":"product-type-simple"},"_links":{"self":[{"href":"https:\/\/gltestm.webology.pl\/de\/wp-json\/wp\/v2\/product\/18356","targetHints":{"allow":["GET"]}}],"collection":[{"href":"https:\/\/gltestm.webology.pl\/de\/wp-json\/wp\/v2\/product"}],"about":[{"href":"https:\/\/gltestm.webology.pl\/de\/wp-json\/wp\/v2\/types\/product"}],"replies":[{"embeddable":true,"href":"https:\/\/gltestm.webology.pl\/de\/wp-json\/wp\/v2\/comments?post=18356"}],"version-history":[{"count":0,"href":"https:\/\/gltestm.webology.pl\/de\/wp-json\/wp\/v2\/product\/18356\/revisions"}],"wp:featuredmedia":[{"embeddable":true,"href":"https:\/\/gltestm.webology.pl\/de\/wp-json\/wp\/v2\/media\/14922"}],"wp:attachment":[{"href":"https:\/\/gltestm.webology.pl\/de\/wp-json\/wp\/v2\/media?parent=18356"}],"wp:term":[{"taxonomy":"product_brand","embeddable":true,"href":"https:\/\/gltestm.webology.pl\/de\/wp-json\/wp\/v2\/product_brand?post=18356"},{"taxonomy":"product_cat","embeddable":true,"href":"https:\/\/gltestm.webology.pl\/de\/wp-json\/wp\/v2\/product_cat?post=18356"},{"taxonomy":"product_tag","embeddable":true,"href":"https:\/\/gltestm.webology.pl\/de\/wp-json\/wp\/v2\/product_tag?post=18356"}],"curies":[{"name":"wp","href":"https:\/\/api.w.org\/{rel}","templated":true}]}}