{"id":18352,"date":"2026-03-18T22:38:54","date_gmt":"2026-03-18T21:38:54","guid":{"rendered":"https:\/\/gltestm.webology.pl\/produkt\/overlock-lucznik-820d5\/"},"modified":"2026-03-22T21:56:17","modified_gmt":"2026-03-22T20:56:17","slug":"overlock-lucznik-820d5","status":"publish","type":"product","link":"https:\/\/gltestm.webology.pl\/de\/produkt\/overlock-lucznik-820d5\/","title":{"rendered":"Overlock \u0141ucznik 820D5"},"content":{"rendered":"<h2>Overlock \u0141ucznik 820D5<\/h2>\n<p>Die Overlock ist eine &#8222;h\u00f6here Schule&#8220; der N\u00e4hkunst. Sie sieht wie ein etwas kompliziertes Ger\u00e4t aus. Wenn Sie sich jedoch dazu entschlie\u00dfen, die Herausforderung anzunehmen, werden Ihre Werke in jeder Hinsicht perfekt sein, und alle Kanten werden so sch\u00f6n und genau ges\u00e4umt sein, als ob sie gerade unter der Nadel einer Schneiderei hervorgekommen w\u00e4ren. <strong>Sie m\u00fcssen Ihre Arbeit nicht mehr jemand anderem zur Fertigstellung \u00fcberlassen! <\/strong>Wahrscheinlich werden Sie einige Zeit damit verbringen, die Maschine, die Art des Einf\u00e4delns, die Wahl der Fadenspannung und andere Parameter zu &#8222;erf\u00fchlen&#8220; &#8211; aber wir versichern Ihnen, dass  <strong>der Effekt die M\u00fche wert ist.<\/strong><\/p>\n<p>Durch \u00c4nderung der Fadenspannung, der Stichl\u00e4nge oder der Differenzialeinstellungen k\u00f6nnen Sie verschiedene Stichkombinationen erzielen. Man kann definitiv sagen, dass die Wahl der richtigen Spannung der Schl\u00fcssel zum Erfolg ist &#8211; das ist <strong>abeautiful<\/strong> <strong>looking<\/strong> <strong>stitch<\/strong>.<\/p>\n<h2><span>Die wichtigsten Merkmale<\/span><\/h2>\n<ul>\n<li>maximale <span>Geschwindigkeit<\/span><span> des N\u00e4hens: <strong>1300 Stiche pro Minute<\/strong><\/span><\/li>\n<li><span>anzahl der Stiche: <strong>20<\/strong><\/span><\/li>\n<li><span>anzahl der Nadeln: <strong>2<\/strong><\/span><\/li>\n<li><strong>stiche mit bis zu 5 F\u00e4den<\/strong><\/li>\n<li><span>einrastbare F\u00fc\u00dfe<\/span><\/li>\n<li><strong>einfaches und schnelles Einf\u00e4deln<\/strong><span> F\u00e4den dank spezieller Farbmarkierungen<\/span><\/li>\n<li><span>einstellbare<\/span><span>Spannung<\/span><span>  F\u00e4den (jeder separat)<\/span><\/li>\n<li>stiche<span>: <\/span><strong>Dreh-, \u00dcberwendlich-, Ketten- und Leiterstiche<\/strong> <\/li>\n<li>einstellung <span>der <\/span><span>Stichl\u00e4nge<\/span> der Stiche<\/li>\n<li><span>stichbreitenverstellung<\/span><\/li>\n<li><span>messer<\/span> beim <span>Einlagern<\/span><\/li>\n<li><strong>abnehmbares Obermesser<\/strong><\/li>\n<li><span>praktisch<\/span><span><strong>schnittgutbeh\u00e4lter <\/strong><\/span><\/li>\n<li><span>eingebauter <strong>Zubeh\u00f6rbeh\u00e4lter<\/strong><\/span><\/li>\n<li><span>freier Arm<\/span><\/li>\n<li><span>LED-Beleuchtung<\/span><\/li>\n<\/ul>\n<h2><span>Serienm\u00e4\u00dfige Ausstattung<\/span><\/h2>\n<ul>\n<li>tisch f\u00fcr <strong>Doppelkettenstich<\/strong> <\/li>\n<li><strong>leiterstichplatte<\/strong> <\/li>\n<li><strong>leiterstichfu\u00df<\/strong> <\/li>\n<li><strong>untermesser<\/strong><\/li>\n<li>saumf\u00fchrung<\/li>\n<li>kr\u00e4uselung<\/li>\n<li><strong>ersatznadeln 90 (3)<\/strong><\/li>\n<li>\u00f6lbeh\u00e4lter<\/li>\n<li><strong>staubschutzh\u00fclle <\/strong><\/li>\n<li>pinzette<\/li>\n<li>schraubenzieher<\/li>\n<li><strong>drehzahlregler<\/strong> hkt-7<\/li>\n<\/ul>\n<h2>Einfaches Einf\u00e4delsystem und 1300 Stiche pro Minute<\/h2>\n<p>Die Geschwindigkeit, mit der eine Overlock-N\u00e4hmaschine n\u00e4ht, kann f\u00fcr viele von gro\u00dfer Bedeutung sein. Denn je mehr Stiche pro Minute sie macht, desto schneller k\u00f6nnen wir unser Projekt fertigstellen. Die Geschwindigkeit von Overlock-N\u00e4hmaschinen f\u00fcr den Heimgebrauch \u00fcbersteigt bereits 1000 Stiche pro Minute. Im Falle der <strong>Lucznik 820D5 Overlock<\/strong> sind es <strong>sogar 1300<\/strong> Eins\u00e4tze pro Minute.<\/p>\n<p><strong>Das farbcodierte Einf\u00e4delsystem<\/strong> erleichtert die \u00dcbersicht im Labyrinth der Greifer, Haken und \u00d6sen im Inneren der Overlock. Die <strong>Fu\u00dfdruckeinstellung<\/strong> ist, wie bei N\u00e4hmaschinen, f\u00fcr den Druck des Fu\u00dfes gegen die Transportz\u00e4hne verantwortlich, d.h. sie hat einen wesentlichen Einfluss auf den Transport des Materials w\u00e4hrend der Arbeit an der Maschine. Wird ein h\u00f6herer Wert eingestellt, erh\u00f6ht sich der Druck, und umgekehrt.<\/p>\n<p>M\u00f6chten Sie <strong>eine Zierfalte <\/strong>erzielen oder wollen Sie<strong> nicht, dass sich das elastische Material beim N\u00e4hen dehnt<\/strong>? Das ist kein Problem. Die Overlock 820D5 macht es mit Hilfe der <strong>differenzierten Transporteinstellung<\/strong> m\u00f6glich <strong>.<\/strong><\/p>\n<h2>Overlock 820D5 &#8211; ideal f\u00fcr das N\u00e4hen zu Hause<\/h2>\n<p>Die professionelle Overlock <strong>820D5<\/strong> ist ideal f\u00fcr das N\u00e4hen zu Hause. Sie ist universell f\u00fcr verschiedene Materialien einsetzbar &#8211; sowohl f\u00fcr Web- als auch f\u00fcr Maschenstoffe. Die Overlock <strong>820D5<\/strong> ist mit einem unteren und einem oberen Schneidmesser ausgestattet, die frei abgenommen werden k\u00f6nnen. Sie f\u00fchrt 1- und 2-Nadel-, 2- bis 5-Faden-, <strong>\u00dcberwendlich- und Rollstiche<\/strong> sowie <strong>Ketten- <\/strong>und<strong> Leiterstiche<\/strong> aus. Sie verf\u00fcgt \u00fcber einen integrierten <strong>\u00dcberhang <\/strong>zum S\u00e4umen von \u00c4rmeln, Beinen und Kragen. Die M\u00f6glichkeit, den Fu\u00df hoch anzuheben, sorgt daf\u00fcr, dass mehrere Stofflagen ungehindert unter den Fu\u00df gef\u00fchrt werden k\u00f6nnen.<\/p>\n<p>Diese Overlock verf\u00fcgt \u00fcber eine Teleskop-Fadenf\u00fchrung und eine klare Einf\u00e4delanleitung unter dem Deckel. In der Zubeh\u00f6rschublade befindet sich u. a. eine Pinzette, die das Einf\u00e4deln erleichtert. Die <strong>Overlock 820D5<\/strong> ist au\u00dferdem mit einem <strong>Auffangbeh\u00e4lter f\u00fcr Stoffreste<\/strong> und einer Abdeckung zum Schutz vor Staub und Schmutz ausgestattet. F\u00fcr dieses Modell sind<strong> spezielle Aufsteckf\u00fc\u00dfe<\/strong><strong> erh\u00e4ltlich<\/strong>.<\/p>\n<h2>24-monatige Garantie<\/h2>\n<p>Die Overlock<strong>820D5<\/strong> wird mit <strong>einer 24-monatigen<\/strong> Garantie und einer Anleitung in polnischer Sprache geliefert, die vor dem N\u00e4hen gelesen werden sollte.<\/p>\n","protected":false},"excerpt":{"rendered":"<p>Die Overlock 820D5 ist eine Zwei-Nadel- und Vier-Faden-Maschine, die professionell die Kanten einer Vielzahl von Materialien s\u00e4umt und 2-5 Fadenstiche macht.<\/p>\n","protected":false},"featured_media":15798,"comment_status":"open","ping_status":"closed","template":"","meta":[],"product_brand":[],"product_cat":[435],"product_tag":[],"class_list":{"0":"post-18352","1":"product","2":"type-product","3":"status-publish","4":"has-post-thumbnail","6":"product_cat-overlocki","8":"first","9":"instock","10":"taxable","11":"shipping-taxable","12":"product-type-simple"},"_links":{"self":[{"href":"https:\/\/gltestm.webology.pl\/de\/wp-json\/wp\/v2\/product\/18352","targetHints":{"allow":["GET"]}}],"collection":[{"href":"https:\/\/gltestm.webology.pl\/de\/wp-json\/wp\/v2\/product"}],"about":[{"href":"https:\/\/gltestm.webology.pl\/de\/wp-json\/wp\/v2\/types\/product"}],"replies":[{"embeddable":true,"href":"https:\/\/gltestm.webology.pl\/de\/wp-json\/wp\/v2\/comments?post=18352"}],"version-history":[{"count":0,"href":"https:\/\/gltestm.webology.pl\/de\/wp-json\/wp\/v2\/product\/18352\/revisions"}],"wp:featuredmedia":[{"embeddable":true,"href":"https:\/\/gltestm.webology.pl\/de\/wp-json\/wp\/v2\/media\/15798"}],"wp:attachment":[{"href":"https:\/\/gltestm.webology.pl\/de\/wp-json\/wp\/v2\/media?parent=18352"}],"wp:term":[{"taxonomy":"product_brand","embeddable":true,"href":"https:\/\/gltestm.webology.pl\/de\/wp-json\/wp\/v2\/product_brand?post=18352"},{"taxonomy":"product_cat","embeddable":true,"href":"https:\/\/gltestm.webology.pl\/de\/wp-json\/wp\/v2\/product_cat?post=18352"},{"taxonomy":"product_tag","embeddable":true,"href":"https:\/\/gltestm.webology.pl\/de\/wp-json\/wp\/v2\/product_tag?post=18352"}],"curies":[{"name":"wp","href":"https:\/\/api.w.org\/{rel}","templated":true}]}}