{"id":18348,"date":"2026-03-18T22:38:54","date_gmt":"2026-03-18T21:38:54","guid":{"rendered":"https:\/\/gltestm.webology.pl\/produkt\/overlock-lucznik-720d4-ultralock\/"},"modified":"2026-03-22T21:56:20","modified_gmt":"2026-03-22T20:56:20","slug":"overlock-lucznik-720d4-ultralock","status":"publish","type":"product","link":"https:\/\/gltestm.webology.pl\/de\/produkt\/overlock-lucznik-720d4-ultralock\/","title":{"rendered":"Overlock Lucznik 720D4 (Ultralock)"},"content":{"rendered":"<h2>Overlock \u0141ucznik 720D4 (Ultralock)<\/h2>\n<p>Die Overlock ist eine &#8222;h\u00f6here Schule&#8220; der N\u00e4hkunst. Sie sieht wie ein etwas kompliziertes Ger\u00e4t aus. Wenn Sie sich jedoch dazu entschlie\u00dfen, die Herausforderung anzunehmen, wird Ihre Arbeit in jeder Hinsicht perfekt sein, und alle Kanten werden so sch\u00f6n und genau ges\u00e4umt sein, als ob sie gerade unter der Nadel einer Schneiderei hervorgekommen w\u00e4ren. <strong>Sie m\u00fcssen Ihre Arbeit nicht mehr an jemand anderen zur Fertigstellung weitergeben!<\/strong><\/p>\n<h2><strong>Wichtigste Merkmale<\/strong><\/h2>\n<ul>\n<li><strong>7 Stiche<\/strong><\/li>\n<li><strong>1200 Stiche \/ min.<\/strong><\/li>\n<li>stiche: <strong>rollen<\/strong>, <strong>vers\u00e4ubern<\/strong><\/li>\n<li><strong>2 Nadeln<\/strong><\/li>\n<li><strong>4 F\u00e4den<\/strong><\/li>\n<li><strong>einfaches<\/strong> und schnelles <strong>Einf\u00e4deln<\/strong> <strong>(Farbcodierung<\/strong>)<\/li>\n<li><strong>druckeinstellung<\/strong> Fu\u00df<\/li>\n<li>einstellung  von Stichl\u00e4nge<strong>und -breite<\/strong><\/li>\n<li>einstellung <strong>Fadenspannung<\/strong> (f\u00fcr jeden Faden einzeln)<\/li>\n<li><strong>freiarm<\/strong><\/li>\n<li>transport <strong>differential<\/strong> (differential)<\/li>\n<li>ober- und Untermesser<strong>(Materialschneidefunktion<\/strong>; Obermesser abgekoppelt)<\/li>\n<li><strong>hoch<\/strong> Fu\u00dfl\u00fcftung<\/li>\n<li><strong>einrastbarer<\/strong> Fu\u00dfheber<\/li>\n<li>zubeh\u00f6rbeh\u00e4lter<strong>(eingebaut<\/strong>)<\/li>\n<\/ul>\n<p>Wahrscheinlich werden Sie einige Zeit damit verbringen, die Maschine, die Art des Einf\u00e4delns, die Wahl der Spannung und andere Parameter zu &#8222;erf\u00fchlen&#8220; &#8211; aber wir versichern Ihnen, dass  <strong>das Ergebnis die M\u00fche wert ist.<\/strong><\/p>\n<p>Durch \u00c4ndern der Fadenspannung, der Stichl\u00e4nge oder der Differenzialeinstellungen k\u00f6nnen Sie verschiedene Stichkombinationen erzielen. Man kann definitiv sagen, dass die Wahl der richtigen Spannung der Schl\u00fcssel zum Erfolg ist &#8211; das ist <strong>abeautiful<\/strong> <strong>looking<\/strong> <strong>stitch<\/strong>.<\/p>\n<p>Die Geschwindigkeit, mit der die Overlockmaschine n\u00e4ht, kann f\u00fcr viele von gro\u00dfer Bedeutung sein. Denn je mehr Stiche sie pro Minute macht, desto schneller k\u00f6nnen wir unser Projekt fertigstellen. Die Geschwindigkeit von Heim-Overlockern \u00fcbersteigt bereits <strong>1000 Stiche pro Minute<\/strong>.<\/p>\n<p><strong>Das farbcodierte Einf\u00e4delsystem<\/strong> erleichtert die \u00dcbersicht \u00fcber das Gewirr von Greifern, Haken und \u00d6sen im Inneren der Overlock.<\/p>\n<p><strong>Einstellung des Fu\u00dfdrucks<\/strong> ist wie bei N\u00e4hmaschinen f\u00fcr den Druck des Fu\u00dfes gegen die Z\u00e4hne des Transporteurs verantwortlich, d.h. er hat einen wesentlichen Einfluss auf den Transport des Materials w\u00e4hrend der Arbeit an der Maschine. Wenn Sie einen h\u00f6heren Wert einstellen, wird der Druck erh\u00f6ht und umgekehrt.<\/p>\n<p>M\u00f6chten Sie <strong>dekorative <\/strong>Falte oder<strong> m\u00f6chten Sie nicht, dass sich das elastische Material beim N\u00e4hen dehnt<\/strong>? Das ist kein Problem. Die Overlock <strong>720D4<\/strong> macht dies mit <strong>differenzieller Transporteinstellung<\/strong> m\u00f6glich<strong>.<\/strong><\/p>\n<p>Die <strong>Overlock720D4 <\/strong>verf\u00fcgt \u00fcber die neueste Technologie und das neueste Design. Sie ist f\u00fcr den Heimgebrauch konzipiert. Die Overlock <strong>720D4<\/strong> ist universell f\u00fcr verschiedene Materialarten einsetzbar &#8211; sowohl f\u00fcr Web- als auch f\u00fcr Maschenware. Die Overlock <strong>720D4<\/strong> ist mit einem unteren und einem oberen Schneidmesser ausgestattet, die frei abgenommen werden k\u00f6nnen. Sie f\u00fchrt 1- und 2-Nadel-, 2- bis 4-Faden-, \u00dcberwendlich- und Rollstiche aus.<\/p>\n<p>Bei der<strong>Overlock<\/strong> 720D4 lassen sich <strong>Stichl\u00e4nge und -breite <\/strong> sowie die<strong> Fadenspannung<\/strong> <strong>einstellen <\/strong><strong>.<\/strong> Sie hat einen <strong>freien Arm<\/strong> zum leichteren Vers\u00e4ubern von \u00c4rmeln, Beinen oder Kragen. Die M\u00f6glichkeit, den Fu\u00df hoch zu heben, sorgt daf\u00fcr, dass mehrere Stofflagen ungehindert unter dem Fu\u00df hindurchgef\u00fchrt werden k\u00f6nnen, und farbcodierte Markierungen f\u00fcr aufeinanderfolgende Greifer erleichtern das Einf\u00e4deln.   <\/p>\n<p>Die Zubeh\u00f6rschublade enth\u00e4lt unter anderem eine Pinzette, die das Einf\u00e4deln erleichtert, einen Satz Nadeln, Schraubendreher, ein Ersatz-Untermesser, eine B\u00fcrste mit Pflaume und einen \u00d6lbeh\u00e4lter.<\/p>\n<p>Die<strong>Overlock<\/strong> 720D4 ist mit einem Beh\u00e4lter f\u00fcr <strong>Stoffreste<\/strong> und einer Abdeckung zum Schutz vor Staub und Schmutz ausgestattet. Spezielle Schnappf\u00fc\u00dfe f\u00fcr dieses Modell sind k\u00e4uflich zu erwerben. <\/p>\n<h2>24-monatige Garantie<\/h2>\n<p>Die <strong>Overlock720D4<\/strong> wird mit einer <strong>24-monatigen<\/strong> Garantie und einer Bedienungsanleitung in polnischer Sprache geliefert, die vor der Benutzung des Ger\u00e4ts gelesen werden sollte.<\/p>\n","protected":false},"excerpt":{"rendered":"<p>Die Overlock 720D4 ist eine Zwei-Nadel- und Vier-Faden-Maschine, die professionell die Kanten einer Vielzahl von Materialien s\u00e4umt und dabei 2- bis 4-Faden-Stiche macht.<\/p>\n","protected":false},"featured_media":14137,"comment_status":"open","ping_status":"closed","template":"","meta":[],"product_brand":[],"product_cat":[435],"product_tag":[],"class_list":{"0":"post-18348","1":"product","2":"type-product","3":"status-publish","4":"has-post-thumbnail","6":"product_cat-overlocki","8":"first","9":"instock","10":"taxable","11":"shipping-taxable","12":"product-type-simple"},"_links":{"self":[{"href":"https:\/\/gltestm.webology.pl\/de\/wp-json\/wp\/v2\/product\/18348","targetHints":{"allow":["GET"]}}],"collection":[{"href":"https:\/\/gltestm.webology.pl\/de\/wp-json\/wp\/v2\/product"}],"about":[{"href":"https:\/\/gltestm.webology.pl\/de\/wp-json\/wp\/v2\/types\/product"}],"replies":[{"embeddable":true,"href":"https:\/\/gltestm.webology.pl\/de\/wp-json\/wp\/v2\/comments?post=18348"}],"version-history":[{"count":0,"href":"https:\/\/gltestm.webology.pl\/de\/wp-json\/wp\/v2\/product\/18348\/revisions"}],"wp:featuredmedia":[{"embeddable":true,"href":"https:\/\/gltestm.webology.pl\/de\/wp-json\/wp\/v2\/media\/14137"}],"wp:attachment":[{"href":"https:\/\/gltestm.webology.pl\/de\/wp-json\/wp\/v2\/media?parent=18348"}],"wp:term":[{"taxonomy":"product_brand","embeddable":true,"href":"https:\/\/gltestm.webology.pl\/de\/wp-json\/wp\/v2\/product_brand?post=18348"},{"taxonomy":"product_cat","embeddable":true,"href":"https:\/\/gltestm.webology.pl\/de\/wp-json\/wp\/v2\/product_cat?post=18348"},{"taxonomy":"product_tag","embeddable":true,"href":"https:\/\/gltestm.webology.pl\/de\/wp-json\/wp\/v2\/product_tag?post=18348"}],"curies":[{"name":"wp","href":"https:\/\/api.w.org\/{rel}","templated":true}]}}