{"id":18344,"date":"2026-03-18T22:38:53","date_gmt":"2026-03-18T21:38:53","guid":{"rendered":"https:\/\/gltestm.webology.pl\/produkt\/ersatzkopf-fuer-es-2019-rasierer\/"},"modified":"2026-03-22T21:58:54","modified_gmt":"2026-03-22T20:58:54","slug":"ersatzkopf-fuer-es-2019-rasierer","status":"publish","type":"product","link":"https:\/\/gltestm.webology.pl\/de\/produkt\/ersatzkopf-fuer-es-2019-rasierer\/","title":{"rendered":"Ersatzkopf f\u00fcr ES-2019 Rasierer"},"content":{"rendered":"<h3><strong>Ein funktionierender Kopf ist eine Garantie f\u00fcr die Wirksamkeit Ihres Lieblingsrasierers<\/strong><\/h3>\n<p>Jeder Mann wei\u00df, wie wichtig eine regelm\u00e4\u00dfige Wartung des Rasierers ist. So k\u00f6nnen Sie es sicher und bequem benutzen, ohne unangenehme \u00dcberraschungen zu erleben. Das Gleiche gilt f\u00fcr elektrische Rasierapparate. Der systematische Austausch eines <strong>so wichtigen &#8222;Ersatzteils&#8220;<\/strong> wie <strong>des Scherkopfes<\/strong> sorgt f\u00fcr eine <strong>qualitativ hochwertige Rasur ohne Hautreizungen<\/strong> und somit f\u00fcr optimalen Komfort.<\/p>\n<h3><strong>G\u00f6nnen Sie sich Perfektion<\/strong><\/h3>\n<p>Der Ersatzkopf f\u00fcr den <a href=\"https:\/\/galerialucznik.pl\/pl\/products\/agd\/agd-dla-zdrowia-i-urody\/maszynki-i-golarki-meskie\/golarka-meska-lucznik-es-2019-1164.html\" target=\"_blank\" rel=\"noopener\"><span><strong>ES-2019 Herrenrasierer<\/strong><\/span><\/a> besteht aus <strong>drei beweglichen, unabh\u00e4ngig voneinander rotierenden Klingen<\/strong>, die sich perfekt an die Gesichtskonturen des Mannes anpassen. Ein weiterer Vorteil dieses Kopfes ist die <strong>gro\u00dfe Rasierfl\u00e4che<\/strong>, die die Anzahl der f\u00fcr den gew\u00fcnschten Effekt erforderlichen Z\u00fcge deutlich minimiert. Das macht die Rasur deutlich schneller, angenehmer und effizienter. Und das gilt sowohl f\u00fcr die <strong>Trocken- als auch f\u00fcr die Nassrasur<\/strong>!<\/p>\n<p>Die Klingen des Kopfes sind mit einer <strong>speziellen Schutzschicht<\/strong> \u00fcberzogen, die den <strong>t\u00e4glichen Komfort<\/strong> des Rasierers deutlich <strong>erh\u00f6ht<\/strong>.  Der Ersatzkopf f\u00fcr den Elektrorasierer ES-2019 f\u00fcr M\u00e4nner wird mit <strong>einer 24-monatigen Garantie<\/strong> und einer Anleitung in polnischer Sprache geliefert. Denken Sie daran, sich bereits vor der Verwendung des Produkts mit dieser vertraut zu machen.<\/p>\n","protected":false},"excerpt":{"rendered":"<p>Der Ersatzkopf f\u00fcr unseren neuesten ES-2019 Herrenrasierer maximiert die Effektivit\u00e4t von drei beweglichen Klingen, die unabh\u00e4ngig voneinander rotieren.<\/p>\n","protected":false},"featured_media":15866,"comment_status":"open","ping_status":"closed","template":"","meta":[],"product_brand":[],"product_cat":[670],"product_tag":[],"class_list":{"0":"post-18344","1":"product","2":"type-product","3":"status-publish","4":"has-post-thumbnail","6":"product_cat-maszynki-i-golarki-meskie","8":"first","9":"instock","10":"taxable","11":"shipping-taxable","12":"product-type-simple"},"_links":{"self":[{"href":"https:\/\/gltestm.webology.pl\/de\/wp-json\/wp\/v2\/product\/18344","targetHints":{"allow":["GET"]}}],"collection":[{"href":"https:\/\/gltestm.webology.pl\/de\/wp-json\/wp\/v2\/product"}],"about":[{"href":"https:\/\/gltestm.webology.pl\/de\/wp-json\/wp\/v2\/types\/product"}],"replies":[{"embeddable":true,"href":"https:\/\/gltestm.webology.pl\/de\/wp-json\/wp\/v2\/comments?post=18344"}],"version-history":[{"count":0,"href":"https:\/\/gltestm.webology.pl\/de\/wp-json\/wp\/v2\/product\/18344\/revisions"}],"wp:featuredmedia":[{"embeddable":true,"href":"https:\/\/gltestm.webology.pl\/de\/wp-json\/wp\/v2\/media\/15866"}],"wp:attachment":[{"href":"https:\/\/gltestm.webology.pl\/de\/wp-json\/wp\/v2\/media?parent=18344"}],"wp:term":[{"taxonomy":"product_brand","embeddable":true,"href":"https:\/\/gltestm.webology.pl\/de\/wp-json\/wp\/v2\/product_brand?post=18344"},{"taxonomy":"product_cat","embeddable":true,"href":"https:\/\/gltestm.webology.pl\/de\/wp-json\/wp\/v2\/product_cat?post=18344"},{"taxonomy":"product_tag","embeddable":true,"href":"https:\/\/gltestm.webology.pl\/de\/wp-json\/wp\/v2\/product_tag?post=18344"}],"curies":[{"name":"wp","href":"https:\/\/api.w.org\/{rel}","templated":true}]}}