{"id":18340,"date":"2026-03-18T22:38:53","date_gmt":"2026-03-18T21:38:53","guid":{"rendered":"https:\/\/gltestm.webology.pl\/produkt\/elektrische-fussfeile-at-2020\/"},"modified":"2026-03-22T21:58:31","modified_gmt":"2026-03-22T20:58:31","slug":"elektrische-fussfeile-at-2020","status":"publish","type":"product","link":"https:\/\/gltestm.webology.pl\/de\/produkt\/elektrische-fussfeile-at-2020\/","title":{"rendered":"Elektrische Fu\u00dffeile AT-2020"},"content":{"rendered":"<h2>AT-2020 Elektrische Fu\u00dffeile<\/h2>\n<p>Unsere neueste Fu\u00dffeile bietet Ihnen eine sanfte und effektive Pedik\u00fcre, die Sie bequem von zu Hause aus durchf\u00fchren k\u00f6nnen, ohne einen Sch\u00f6nheitssalon besuchen zu m\u00fcssen. <\/p>\n<h2>Hauptmerkmale<\/h2>\n<ul>\n<li>Bis zu <strong>1400 Umdrehungen<\/strong> pro Min.<\/li>\n<li><strong>2<\/strong><strong>Arbeitsgeschwindigkeiten<\/strong>(Abrasion oder Gl\u00e4ttung)<\/li>\n<li><strong>Entfernt keratinisierte<\/strong> Epidermis<\/li>\n<li><strong>Gl\u00e4ttet<\/strong> Haut<\/li>\n<li><strong>Ergonomische<\/strong> Form<\/li>\n<li><strong>2 Arbeitsmodi<\/strong><\/li>\n<li><strong>2<\/strong> austauschbare<strong> Schleifscheiben<\/strong> enthalten<\/li>\n<li>Betriebsdauer<strong> 45 min<\/strong><\/li>\n<li>Stromversorgung <strong>wiederaufladbar<\/strong><\/li>\n<li>Aktive Absaugfunktion der Epidermis<\/li>\n<\/ul>\n<h2><strong>Allm\u00e4hlich zur Perfektion<\/strong><\/h2>\n<p>Die Feile verf\u00fcgt \u00fcber <strong>zwei Arbeitsgeschwindigkeiten<\/strong>: Mit der ersten entfernen Sie effektiv abgestorbene Haut<strong>(gr\u00fcn &#8211; Abrasion<\/strong>), w\u00e4hrend die zweite Geschwindigkeit Ihnen hilft, die Haut sanft zu gl\u00e4tten und die Behandlung pr\u00e4zise durchzuf\u00fchren<strong>(rot &#8211; Polieren<\/strong>). Um die Geschwindigkeit zu \u00e4ndern, <strong>dr\u00fccken<\/strong> Sie einfach <strong>die Taste erneut und halten Sie<\/strong> sie einen Moment lang gedr\u00fcckt. Die elektrische Feile AT-2020 verbindet perfekt die Sanftheit der Behandlung mit der daraus resultierenden Effizienz. Dank der Verwendung unserer Feile werden Ihre F\u00fc\u00dfe immer sch\u00f6n aussehen &#8211; ob barfu\u00df, am Strand oder in Sandalen. Eine L\u00f6sung, die Frauen, die Komfort und Bequemlichkeit sch\u00e4tzen, zu sch\u00e4tzen wissen werden. Ba, M\u00e4nner werden mit dem Ergebnis nicht weniger zufrieden sein!<\/p>\n<h2>Pr\u00e4zision in jedem Detail<\/h2>\n<div>\n<div>Unsere elektrische Fu\u00dffeile wurde sehr sorgf\u00e4ltig durchdacht und gestaltet. Dank ihrer <strong>ergonomischen<\/strong> Form, die sich leicht an die Hand anpasst, ist sie sehr bequem zu benutzen. Und das ist nur der Anfang ihrer Vorteile. Dank der <strong>modernen Schleifscheibe<\/strong> erreicht die Feile auch schwer zug\u00e4ngliche Stellen und sorgt so f\u00fcr eine h\u00f6here Wirksamkeit der Behandlung. Wichtig ist, dass die Scheibe abgestorbene Haut sowohl trocken als auch nass entfernt. Au\u00dferdem ist sie sehr effizient &#8211; sie reicht f\u00fcr <strong>etwa 100 Anwendungen<\/strong>.<\/div>\n<\/div>\n<h2>Einfach und hygienisch<\/h2>\n<p>Die elektrische Feile AT-2020 verf\u00fcgt \u00fcber einen eingebauten <strong>Beh\u00e4lter, der die Epidermis auff\u00e4ngt<\/strong> &#8211; die Reinigung ist also einfach und die Hygiene bei der Anwendung ist definitiv h\u00f6her. Dank dieser Feile haben Sie glatte F\u00fc\u00dfe von den Fersen bis zu den Zehen ohne zus\u00e4tzliche Reinigung! Der unbestrittene Vorteil der Feile ist die Funktion der schnellen Demontage der Scheibe nach jedem Gebrauch, die es Ihnen erm\u00f6glicht, sie vor der n\u00e4chsten Behandlung gr\u00fcndlich zu waschen und zu trocknen. Das Ger\u00e4t wird mit einem <strong>Ladeanschluss<\/strong> <strong>und einem praktischen USB-Kabel<\/strong> geliefert. Mit der Feile AT-2020 werden Ihre F\u00fc\u00dfe immer in perfektem Zustand sein!<\/p>\n<h2>24-monatige Garantie <\/h2>\n<p>Die<strong>elektrische Fu\u00dffeile AT-2020<\/strong><span> wird mit<\/span> einer<span> <strong>24-monatigen Garantie<\/strong> und einer <strong>Anleitung in polnischer Sprache<\/strong><\/span><span> geliefert<\/span>, die<span> Sie vor der ersten Benutzung des Ger\u00e4ts lesen sollten<\/span>.<\/p>\n","protected":false},"excerpt":{"rendered":"<p>Unsere neueste Fu\u00dffeile bietet Ihnen eine sanfte und effektive Pedik\u00fcre, die Sie bequem zu Hause durchf\u00fchren k\u00f6nnen, ohne einen Sch\u00f6nheitssalon besuchen zu m\u00fcssen.<\/p>\n","protected":false},"featured_media":14045,"comment_status":"open","ping_status":"closed","template":"","meta":[],"product_brand":[],"product_cat":[690],"product_tag":[],"class_list":{"0":"post-18340","1":"product","2":"type-product","3":"status-publish","4":"has-post-thumbnail","6":"product_cat-pilniki-i-frezarki-do-stop","8":"first","9":"instock","10":"taxable","11":"shipping-taxable","12":"product-type-simple"},"_links":{"self":[{"href":"https:\/\/gltestm.webology.pl\/de\/wp-json\/wp\/v2\/product\/18340","targetHints":{"allow":["GET"]}}],"collection":[{"href":"https:\/\/gltestm.webology.pl\/de\/wp-json\/wp\/v2\/product"}],"about":[{"href":"https:\/\/gltestm.webology.pl\/de\/wp-json\/wp\/v2\/types\/product"}],"replies":[{"embeddable":true,"href":"https:\/\/gltestm.webology.pl\/de\/wp-json\/wp\/v2\/comments?post=18340"}],"version-history":[{"count":0,"href":"https:\/\/gltestm.webology.pl\/de\/wp-json\/wp\/v2\/product\/18340\/revisions"}],"wp:featuredmedia":[{"embeddable":true,"href":"https:\/\/gltestm.webology.pl\/de\/wp-json\/wp\/v2\/media\/14045"}],"wp:attachment":[{"href":"https:\/\/gltestm.webology.pl\/de\/wp-json\/wp\/v2\/media?parent=18340"}],"wp:term":[{"taxonomy":"product_brand","embeddable":true,"href":"https:\/\/gltestm.webology.pl\/de\/wp-json\/wp\/v2\/product_brand?post=18340"},{"taxonomy":"product_cat","embeddable":true,"href":"https:\/\/gltestm.webology.pl\/de\/wp-json\/wp\/v2\/product_cat?post=18340"},{"taxonomy":"product_tag","embeddable":true,"href":"https:\/\/gltestm.webology.pl\/de\/wp-json\/wp\/v2\/product_tag?post=18340"}],"curies":[{"name":"wp","href":"https:\/\/api.w.org\/{rel}","templated":true}]}}