{"id":18336,"date":"2026-03-18T22:38:52","date_gmt":"2026-03-18T21:38:52","guid":{"rendered":"https:\/\/gltestm.webology.pl\/produkt\/entsafter-jc-2018\/"},"modified":"2026-03-22T21:54:40","modified_gmt":"2026-03-22T20:54:40","slug":"entsafter-jc-2018","status":"publish","type":"product","link":"https:\/\/gltestm.webology.pl\/de\/produkt\/entsafter-jc-2018\/","title":{"rendered":"Entsafter JC-2018"},"content":{"rendered":"<h2>Entsafter Lucznik JC-2018 FRESH&amp;JUICY 800W<\/h2>\n<p>Ern\u00e4hrungswissenschaftler empfehlen, mindestens 5 Portionen Obst und Gem\u00fcse pro Tag zu essen&#8230;. Das muss aber nicht bedeuten, dass langweiliger Rosenkohl auf dem Teller landet &#8211; es gibt auch leckere S\u00e4fte zur Auswahl! Mit Hilfe des Entsafters <strong>Lucznik JC-2018<\/strong> g\u00f6nnen Sie sich jeden Tag eine wahre Vitaminbombe aus frischen Fr\u00fcchten, f\u00fcr die Sie sich nicht nur bei Ihrem K\u00f6rper, sondern auch bei Ihrem Geist schnell bedanken werden. Nat\u00fcrlicher Saft ist eine echte Fl\u00fcssigmahlzeit und eine leckere, gesunde Alternative zu den fertigen Fruchtgetr\u00e4nken, die es im Handel zuhauf gibt.  Dank seiner geringen Gr\u00f6\u00dfe und seines unauff\u00e4lligen, dezenten Designs f\u00fcgt sich der Entsafter m\u00fchelos in die Einrichtung jeder noch so kleinen K\u00fcche ein. <\/p>\n<h2>Wichtigste Merkmale<\/h2>\n<ul>\n<li>Leistung: <strong>800 W<\/strong><\/li>\n<li><strong>Saftbeh\u00e4lter<\/strong>:<strong> 1,5 l<\/strong><\/li>\n<li>Filter mit <strong>INOX-Edelstahlsiebkorb<\/strong> <\/li>\n<li><strong>Gro\u00dfe<\/strong> <strong>Einf\u00fcll\u00f6ffnung<\/strong> <\/li>\n<li><strong>Zwei <\/strong>Geschwindigkeiten<strong>(TURBO<\/strong>)<\/li>\n<li>Leicht zu <strong>reinigen<\/strong><\/li>\n<li>Leicht zu demontieren<\/li>\n<li><strong>Sicherheitsschalter<\/strong> <strong>mit Verriegelung<\/strong><\/li>\n<li>Einfache und <strong>intuitive Bedienung<\/strong><\/li>\n<li><strong>Transporthandgriff<\/strong> <\/li>\n<li><strong>Standf\u00fc\u00dfe mit Saugn\u00e4pfen <\/strong>zur Stabilisierung des Ger\u00e4tes<\/li>\n<\/ul>\n<h2>Einfache und intuitive Bedienung<\/h2>\n<p>Der Lucznik JC-2018 Entsafter zeichnet sich durch seine sehr <strong>einfache, intuitive Bedienung<\/strong> aus, so dass jeder schnell lernen wird, ihn zu benutzen. Die <strong>gro\u00dfe Einf\u00fcll\u00f6ffnung<\/strong> erleichtert die Saftzubereitung, da sie die Notwendigkeit reduziert, Fr\u00fcchte in sehr kleine W\u00fcrfel zu schneiden.<\/p>\n<h2>Sauber und hygienisch<\/h2>\n<p>Den JC-2018 Entsafter sauber und hygienisch zu halten, ist keine Herausforderung und m\u00fchelos. Dank seines einfachen Designs ist der Entsafter <strong>leicht zu reinigen<\/strong>. Sie k\u00f6nnen ihn ohne gro\u00dfen Aufwand in seine <strong>Grundbestandteile<\/strong> zerlegen und diese gr\u00fcndlich waschen.<\/p>\n<h2>Sparen Sie Zeit und waschen Sie ihn in der Sp\u00fclmaschine<\/h2>\n<p>Die abnehmbaren Teile des JC-2018 Entsafters wie Einf\u00fcllstutzen, transparenter Deckel, Tresterbeh\u00e4lter, Kanne, Rand und Sieb sind sp\u00fclmaschinenfest.<\/p>\n<h2>Ger\u00e4umiger und konturierter Krug 1,5 l<\/h2>\n<p><strong>Der<\/strong> im Lieferumfang des Entsafters enthaltene<strong>profilierte Kr<\/strong> ug hat <strong>einen Flip-Top-Deckel<\/strong> und h\u00e4lt dank seines Designs die K\u00fcche sauber. Es ist schwierig, dass Safttropfen nach au\u00dfen gelangen. Da der Krug einen Griff und einen &#8222;Ausguss&#8220; hat, k\u00f6nnen Sie den Saft direkt in Gl\u00e4ser f\u00fcllen. Das Fassungsverm\u00f6gen von <strong>1,5 Litern<\/strong> erm\u00f6glicht es Ihnen, mehr Saft f\u00fcr die ganze Familie unterzubringen.<\/p>\n<h2>Auspressen mit TURBO-Geschwindigkeit<\/h2>\n<p>Der Entsafter verf\u00fcgt \u00fcber <strong>zwei Betriebsgeschwindigkeiten<\/strong>. Sie k\u00f6nnen sie w\u00e4hrend der Benutzung des Ger\u00e4ts nach Belieben \u00e4ndern. Das Symbol I steht f\u00fcr den Standardmodus, w\u00e4hrend das Symbol II es erm\u00f6glicht, viel mehr Leistung zu verwenden. Jede der beiden Geschwindigkeiten erm\u00f6glicht es, einen klaren, samtweichen Saft zu erhalten.<\/p>\n<h2>24-monatige Garantie<\/h2>\n<p><strong>Der Lucznik JC-2018 Entsafter<\/strong> wird mit einer zweij\u00e4hrigen Garantie des Importeurs geliefert. Der Verpackung liegt au\u00dferdem eine <strong>Bedienungsanleitung in polnischer Sprache<\/strong> bei, die Sie vor der Benutzung des Ger\u00e4ts lesen sollten.<\/p>\n","protected":false},"excerpt":{"rendered":"<p>Der Entsafter Lucznik JC-2018 unterst\u00fctzt Sie zuverl\u00e4ssig bei der Einhaltung einer gesunden Ern\u00e4hrung. Mit diesem unauff\u00e4lligen, aber sehr funktionalen Ger\u00e4t k\u00f6nnen Sie jeden Tag leckere S\u00e4fte aus frischem Obst und Gem\u00fcse zubereiten.<\/p>\n","protected":false},"featured_media":13370,"comment_status":"open","ping_status":"closed","template":"","meta":[],"product_brand":[],"product_cat":[580],"product_tag":[],"class_list":{"0":"post-18336","1":"product","2":"type-product","3":"status-publish","4":"has-post-thumbnail","6":"product_cat-sokowirowki-i-wyciskarki","8":"first","9":"instock","10":"taxable","11":"shipping-taxable","12":"product-type-simple"},"_links":{"self":[{"href":"https:\/\/gltestm.webology.pl\/de\/wp-json\/wp\/v2\/product\/18336","targetHints":{"allow":["GET"]}}],"collection":[{"href":"https:\/\/gltestm.webology.pl\/de\/wp-json\/wp\/v2\/product"}],"about":[{"href":"https:\/\/gltestm.webology.pl\/de\/wp-json\/wp\/v2\/types\/product"}],"replies":[{"embeddable":true,"href":"https:\/\/gltestm.webology.pl\/de\/wp-json\/wp\/v2\/comments?post=18336"}],"version-history":[{"count":0,"href":"https:\/\/gltestm.webology.pl\/de\/wp-json\/wp\/v2\/product\/18336\/revisions"}],"wp:featuredmedia":[{"embeddable":true,"href":"https:\/\/gltestm.webology.pl\/de\/wp-json\/wp\/v2\/media\/13370"}],"wp:attachment":[{"href":"https:\/\/gltestm.webology.pl\/de\/wp-json\/wp\/v2\/media?parent=18336"}],"wp:term":[{"taxonomy":"product_brand","embeddable":true,"href":"https:\/\/gltestm.webology.pl\/de\/wp-json\/wp\/v2\/product_brand?post=18336"},{"taxonomy":"product_cat","embeddable":true,"href":"https:\/\/gltestm.webology.pl\/de\/wp-json\/wp\/v2\/product_cat?post=18336"},{"taxonomy":"product_tag","embeddable":true,"href":"https:\/\/gltestm.webology.pl\/de\/wp-json\/wp\/v2\/product_tag?post=18336"}],"curies":[{"name":"wp","href":"https:\/\/api.w.org\/{rel}","templated":true}]}}