{"id":18332,"date":"2026-03-18T22:38:51","date_gmt":"2026-03-18T21:38:51","guid":{"rendered":"https:\/\/gltestm.webology.pl\/produkt\/lucznik-hm-2019-handmixer\/"},"modified":"2026-03-22T21:54:19","modified_gmt":"2026-03-22T20:54:19","slug":"lucznik-hm-2019-handmixer","status":"publish","type":"product","link":"https:\/\/gltestm.webology.pl\/de\/produkt\/lucznik-hm-2019-handmixer\/","title":{"rendered":"Lucznik HM-2019 Handmixer"},"content":{"rendered":"<h2><strong>HM-2019 Handmixer<\/strong><\/h2>\n<p><strong>Der Handmixer HM-2019<\/strong> wird ein unsch\u00e4tzbarer Helfer in Ihrer K\u00fcche sein. Mit den zwei mitgelieferten Mixern haben Sie viele M\u00f6glichkeiten, die Mahlzeit zuzubereiten, die Ihnen gerade am besten schmeckt. Ob es nun leckere Waffeln mit Schlagsahne sind, die Sie Ihrer besseren H\u00e4lfte ans Bett servieren, eine vegane Pastasauce, die gesunde Esser zu sch\u00e4tzen wissen, oder vielleicht s\u00fc\u00dfe Pfannkuchen, die im Nu vom Teller verschwinden.<\/p>\n<h2><strong>Zwei Arten von Mixeraufs\u00e4tzen<\/strong><\/h2>\n<p>Zusammen mit dem HM-2019 Handmixer erhalten Sie 2 Arten von Mixeraufs\u00e4tzen:<\/p>\n<ul>\n<li><strong>zum Mixen <\/strong>(Teig, So\u00dfen usw.)<\/li>\n<li><strong>zum Aufschlagen <\/strong>(<strong>Eiwei\u00df <\/strong>, Sahne, usw.)<\/li>\n<\/ul>\n<h2><strong>Die wichtigsten Eigenschaften des Lucznik HM-2019 Mixers<\/strong><\/h2>\n<ul>\n<li><strong>300 W<\/strong> Leistung<\/li>\n<li><strong>5-stufige<\/strong> Geschwindigkeitsregelung<\/li>\n<li><strong>tURBO-Funktion<\/strong> <\/li>\n<li><strong>2 S\u00e4tze verchromter<\/strong> R\u00fchrer &#8211; zum <strong>Schlagen<\/strong> und zum <strong>Mixen<\/strong><\/li>\n<li>ger\u00e4uschpegel von <strong>75 dB<\/strong><\/li>\n<li>gewicht des Mixers <strong>1 kg<\/strong><\/li>\n<\/ul>\n<h2><strong>5 Geschwindigkeitsstufen und TURBO-Funktion<\/strong><\/h2>\n<p>Um den Einsatzzweck des <strong>Handmixers <\/strong>noch besser auf die <strong>jeweilige <\/strong> Aufgabe abstimmen zu k\u00f6nnen, ist er mit einer 5-stufigen Geschwindigkeitsregelung und TURBO-Funktion ausgestattet. Selbst wenn Sie <strong>den Mix <\/strong>er auf h\u00f6chster Stufe und mit eingeschalteter TURBO-Funktion verwenden, liegt er dank seines bequemen Griffs und seines leichten, aber robusten Geh\u00e4uses noch gut in der Hand. Und am Ende Ihrer Arbeit werden Sie das einfache und problemlose Abnehmen des Aufsatzes mit nur einem Knopfdruck (EJECT) zu sch\u00e4tzen wissen, das Ihnen die Verwendung des <strong>Handr\u00fchrers<\/strong> erleichtert.<\/p>\n<h2><strong>Verchromte Teig- und Schneebesenr\u00fchrer<\/strong><\/h2>\n<p>Mit dem HM-2019 Handr\u00fchrger\u00e4t k\u00f6nnen Sie perfekt Sahne und Eiwei\u00df aufschlagen oder einen fluffigen, leichten Teig f\u00fcr ein s\u00fc\u00dfes Dessert oder einen Pfannkuchenteig zubereiten. Noch nie war es so einfach, eine F\u00fcllung oder So\u00dfe zuzubereiten, Eier f\u00fcr ein Omelett zu schlagen, Zutaten f\u00fcr eine Sauce Hollandaise zu mischen oder ein hausgemachtes Dessert zuzubereiten.<\/p>\n<h2><strong>Leiser und leistungsstarker Handmixer<\/strong><\/h2>\n<p>Der kompakte, leicht zu verstauende Helfer unterst\u00fctzt Sie bei Ihrer t\u00e4glichen Arbeit in der K\u00fcche. Der <strong>leise, langlebige und leistungsstarke 300-Watt-Motor<\/strong> sorgt daf\u00fcr, dass das Ger\u00e4t im t\u00e4glichen Gebrauch zuverl\u00e4ssig und komfortabel arbeitet.<\/p>\n<h2><strong>24-monatige Garantie auf den Mixer<\/strong><\/h2>\n<p><strong>Der Handmixer HM-2019<\/strong> wird mit<strong> einer 24 <\/strong>-monatigen Garantie und einer<strong> Anleitung in polnischer Sprache<\/strong> geliefert, mit der Sie sich vor der Verwendung des Ger\u00e4ts vertraut machen sollten.<\/p>\n","protected":false},"excerpt":{"rendered":"<p>Der HM-2019 Handmixer ist ein praktisches, handliches K\u00fcchenger\u00e4t, das Ihnen viel Arbeit in der K\u00fcche abnimmt und es Ihnen erm\u00f6glicht, mit geringem Aufwand unglaublich leckere Gerichte zuzubereiten.<\/p>\n","protected":false},"featured_media":14703,"comment_status":"open","ping_status":"closed","template":"","meta":[],"product_brand":[],"product_cat":[575],"product_tag":[],"class_list":{"0":"post-18332","1":"product","2":"type-product","3":"status-publish","4":"has-post-thumbnail","6":"product_cat-miksery","8":"first","9":"instock","10":"taxable","11":"shipping-taxable","12":"product-type-simple"},"_links":{"self":[{"href":"https:\/\/gltestm.webology.pl\/de\/wp-json\/wp\/v2\/product\/18332","targetHints":{"allow":["GET"]}}],"collection":[{"href":"https:\/\/gltestm.webology.pl\/de\/wp-json\/wp\/v2\/product"}],"about":[{"href":"https:\/\/gltestm.webology.pl\/de\/wp-json\/wp\/v2\/types\/product"}],"replies":[{"embeddable":true,"href":"https:\/\/gltestm.webology.pl\/de\/wp-json\/wp\/v2\/comments?post=18332"}],"version-history":[{"count":0,"href":"https:\/\/gltestm.webology.pl\/de\/wp-json\/wp\/v2\/product\/18332\/revisions"}],"wp:featuredmedia":[{"embeddable":true,"href":"https:\/\/gltestm.webology.pl\/de\/wp-json\/wp\/v2\/media\/14703"}],"wp:attachment":[{"href":"https:\/\/gltestm.webology.pl\/de\/wp-json\/wp\/v2\/media?parent=18332"}],"wp:term":[{"taxonomy":"product_brand","embeddable":true,"href":"https:\/\/gltestm.webology.pl\/de\/wp-json\/wp\/v2\/product_brand?post=18332"},{"taxonomy":"product_cat","embeddable":true,"href":"https:\/\/gltestm.webology.pl\/de\/wp-json\/wp\/v2\/product_cat?post=18332"},{"taxonomy":"product_tag","embeddable":true,"href":"https:\/\/gltestm.webology.pl\/de\/wp-json\/wp\/v2\/product_tag?post=18332"}],"curies":[{"name":"wp","href":"https:\/\/api.w.org\/{rel}","templated":true}]}}