{"id":18324,"date":"2026-03-18T22:38:51","date_gmt":"2026-03-18T21:38:51","guid":{"rendered":"https:\/\/gltestm.webology.pl\/produkt\/kosmetisches-massagegeraet-101-w\/"},"modified":"2026-03-22T21:53:26","modified_gmt":"2026-03-22T20:53:26","slug":"kosmetisches-massagegeraet-101-w","status":"publish","type":"product","link":"https:\/\/gltestm.webology.pl\/de\/produkt\/kosmetisches-massagegeraet-101-w\/","title":{"rendered":"Kosmetisches Massageger\u00e4t 101-W"},"content":{"rendered":"<h2><strong>Kosmetisches Massageger\u00e4t 101-W &#8211; Anwendung<br \/><\/strong><\/h2>\n<p>Das kosmetische Massageger\u00e4t <strong>101-W<\/strong> ist ein Ger\u00e4t, das die Aufnahme von Cremes verbessert und effizienter macht. Das kosmetische <strong>Massageger\u00e4t<\/strong> ist ideal f\u00fcr die Gesichtspflege, einschlie\u00dflich der Augenpartie. Dieses unkonventionelle Ger\u00e4t ist ein unsch\u00e4tzbares Hilfsmittel f\u00fcr die Gesichtsmassage bei der t\u00e4glichen Pflege, das zus\u00e4tzlich die Mikrozirkulation f\u00f6rdert und Schwellungen reduziert.<\/p>\n<p>Das <strong>kosmetische Massageger\u00e4t<\/strong> ist ein ideales Zubeh\u00f6r f\u00fcr die<strong> Anti-Falten-Therapie<\/strong> zu Hause<strong>.<\/strong> Es massiert sanft und transportiert dabei die Pflegecreme in die tieferen Hautschichten, so dass Sie die Creme nicht einklopfen oder einmassieren m\u00fcssen, da das101-W<strong>cosm<\/strong> <strong>eticmassager<\/strong> diese T\u00e4tigkeiten vollst\u00e4ndig ersetzen oder unterst\u00fctzen kann (wenn Sie das Ger\u00e4t als Erg\u00e4nzung zu herk\u00f6mmlichen Methoden betrachten). Dar\u00fcber hinaus \u00fcbt er gleichzeitig eine <strong>ionisierende<\/strong> Wirkung auf die Haut aus. Die Massage wirkt <strong>straffend<\/strong> und durchblutungsf\u00f6rdernd &#8211; und <strong>versorgt<\/strong> so auch die empfindliche Haut um die Augen und im \u00fcbrigen Gesicht <strong>mit Sauerstoff<\/strong>.<\/p>\n<h2><strong>Kosmetisches Massageger\u00e4t 101-W <\/strong>&#8211; <strong>Anwendung<\/strong><\/h2>\n<p><strong>eine 30-sek\u00fcndige<\/strong> Massage der Augenpartie am Morgen und am Abend reicht aus, um nach einiger Zeit einen Unterschied zu bemerken. Tragen Sie eine Schicht einer geeigneten Creme auf die Augenpartie auf. Ohne zu warten, bis die Creme eingezogen ist, setzen Sie den Kopf des Ger\u00e4ts auf die Haut um die Augen. Das <strong>Massageger\u00e4t f\u00fcr die Augenpartie<\/strong> schaltet sich <strong>automatisch<\/strong> ein. Massieren Sie die Haut unter dem Auge und auf dem Augenlid. Wenn Sie den Rest des Gesichts massieren m\u00f6chten, sollten Sie <strong>das Massage <\/strong>ger\u00e4t l\u00e4nger anwenden.<\/p>\n<p>Bei der Verwendung des Ger\u00e4ts ist besondere Vorsicht geboten. Trotz seines <strong>ergonomischen<\/strong> und scharfkantigen Designs kann ein versehentlich zu starker Druck auf das Auge zu Verletzungen f\u00fchren.<\/p>\n<p> Auf das<strong> kosmetische <\/strong>Massageger\u00e4t<strong> 101-W cosm <\/strong>etic wird <strong>eine 24-monatige Garantie<\/strong> gew\u00e4hrt, die vor dem ersten Gebrauch des Ger\u00e4ts gelesen werden sollte.<\/p>\n","protected":false},"excerpt":{"rendered":"<p>Kosmetisches pers\u00f6nliches Massageger\u00e4t, ideal f\u00fcr die Gesichtspflege. Ein innovatives Produkt, das eine professionelle Massage der Augenpartie und des restlichen Gesichts ersetzt! F\u00fcr eine effizientere Absorption von Cremes verwendet, wird es Pflege Ihres<\/p>\n","protected":false},"featured_media":13319,"comment_status":"open","ping_status":"closed","template":"","meta":[],"product_brand":[],"product_cat":[685],"product_tag":[],"class_list":{"0":"post-18324","1":"product","2":"type-product","3":"status-publish","4":"has-post-thumbnail","6":"product_cat-masazery-przeciwzmarszczkowe","8":"first","9":"instock","10":"taxable","11":"shipping-taxable","12":"product-type-simple"},"_links":{"self":[{"href":"https:\/\/gltestm.webology.pl\/de\/wp-json\/wp\/v2\/product\/18324","targetHints":{"allow":["GET"]}}],"collection":[{"href":"https:\/\/gltestm.webology.pl\/de\/wp-json\/wp\/v2\/product"}],"about":[{"href":"https:\/\/gltestm.webology.pl\/de\/wp-json\/wp\/v2\/types\/product"}],"replies":[{"embeddable":true,"href":"https:\/\/gltestm.webology.pl\/de\/wp-json\/wp\/v2\/comments?post=18324"}],"version-history":[{"count":0,"href":"https:\/\/gltestm.webology.pl\/de\/wp-json\/wp\/v2\/product\/18324\/revisions"}],"wp:featuredmedia":[{"embeddable":true,"href":"https:\/\/gltestm.webology.pl\/de\/wp-json\/wp\/v2\/media\/13319"}],"wp:attachment":[{"href":"https:\/\/gltestm.webology.pl\/de\/wp-json\/wp\/v2\/media?parent=18324"}],"wp:term":[{"taxonomy":"product_brand","embeddable":true,"href":"https:\/\/gltestm.webology.pl\/de\/wp-json\/wp\/v2\/product_brand?post=18324"},{"taxonomy":"product_cat","embeddable":true,"href":"https:\/\/gltestm.webology.pl\/de\/wp-json\/wp\/v2\/product_cat?post=18324"},{"taxonomy":"product_tag","embeddable":true,"href":"https:\/\/gltestm.webology.pl\/de\/wp-json\/wp\/v2\/product_tag?post=18324"}],"curies":[{"name":"wp","href":"https:\/\/api.w.org\/{rel}","templated":true}]}}