{"id":18316,"date":"2026-03-18T22:38:50","date_gmt":"2026-03-18T21:38:50","guid":{"rendered":"https:\/\/gltestm.webology.pl\/produkt\/jk-200-c-stabmixer\/"},"modified":"2026-03-22T21:52:09","modified_gmt":"2026-03-22T20:52:09","slug":"jk-200-c-stabmixer","status":"publish","type":"product","link":"https:\/\/gltestm.webology.pl\/de\/produkt\/jk-200-c-stabmixer\/","title":{"rendered":"JK-200 C Stabmixer"},"content":{"rendered":"<h2><strong>JK-200 C Stabmixer<\/strong><\/h2>\n<p><strong>Der Stabmixer <\/strong>ist ein recht einfaches Ger\u00e4t, das eine Vielzahl von Bed\u00fcrfnissen befriedigen kann: von der Herstellung k\u00f6stlicher <strong>Smoothies<\/strong>, \u00fcber  Suppen-Cremes<strong>  bis hin zur Zubereitung<\/strong> <strong>gesunder Pasten<\/strong>, z. B. aus Linsen, die Sie dann auf Ihr Lieblingsbrot geben k\u00f6nnen. Nat\u00fcrlich sind die M\u00f6glichkeiten noch viel gr\u00f6\u00dfer. Es h\u00e4ngt alles von Ihnen und Ihrem kreativen Einfallsreichtum in der K\u00fcche ab. Sie brauchen nicht einmal ein Rezept, um wunderbare und k\u00f6stliche Gerichte zu kreieren. Gem\u00fcse und Fr\u00fcchte nach Ihrem Geschmack gen\u00fcgen, w\u00e4hrend Ihr neuer <strong>Mixer <\/strong>die meiste Arbeit f\u00fcr Sie erledigt.<\/p>\n<h2><strong>Lucznik JK-200 C Stabmixer <\/strong><\/h2>\n<p>Der JK-200<strong>C Stab<\/strong> mixer zeichnet sich durch ein <strong>modernes<\/strong> <strong>Design<\/strong> aus, das ihn von anderen K\u00fcchenger\u00e4ten abhebt, durch ansprechende Farben, einen <strong>leisen Betrieb<\/strong>, der die Haushaltsmitglieder nicht st\u00f6rt, und durch eine einfache Bedienung.<\/p>\n<p><strong>Hauptmerkmale:<\/strong><\/p>\n<ul>\n<li>stabmixer<\/li>\n<li>klinge aus rostfreiem Stahl (INOX)<\/li>\n<li><strong>leicht zu reinigen<\/strong><\/li>\n<li>leistung von <strong>200 W<\/strong><\/li>\n<li>geh\u00e4use aus<strong> langlebigem<\/strong><strong> Kunststoff<\/strong><\/li>\n<\/ul>\n<h2>Gesundheitliche Vorteile<\/h2>\n<p><strong>Der<\/strong> Stabmixer ist ein Muss, wenn Sie sich <strong>gesund ern\u00e4hren<\/strong> wollen. Die nahrhaften und schmackhaften Mahlzeiten, die <strong>Instant <\/strong>Sie mit dem <strong>Stabmixer <\/strong>zubereiten, enthalten gro\u00dfe Mengen an <strong>Vitaminen<\/strong>  und <strong>Mineralien<\/strong>, die sich positiv auf Ihren K\u00f6rper auswirken werden. Dank der auf diese Weise zubereiteten Mahlzeiten <strong>werden Sie \u00fcberfl\u00fcssige<\/strong> <strong>Pfunde<\/strong> <strong>verlieren<\/strong> und <strong>einen ruhigeren und erholsameren Schlaf haben<\/strong>. <\/p>\n<h2><strong>Stabmixer JK-200 C<\/strong><\/h2>\n<p>Der Stabmixer JK-200<strong>C<\/strong> zeichnet sich aus durch <strong>modernes<\/strong> <strong>Design<\/strong>, das ihn von anderen K\u00fcchenaccessoires abhebt, ansprechende Farben, <strong>leisen<\/strong> <strong>Betrieb<\/strong>, der die Haushaltsmitglieder nicht bel\u00e4stigt, und einfache Handhabung. Das leichte Geh\u00e4use mit abnehmbarem Kunststoffaufsatz ist leicht zu reinigen, und seine ergonomische Form sorgt f\u00fcr einen bequemen und sicheren Griff w\u00e4hrend der Arbeit.<\/p>\n<p><span>Die Klingen des <strong>Mixers<\/strong> sind aus Metall, so dass das Ger\u00e4t <\/span>perfekt f\u00fcr die Zubereitung von  Saucen,  Suppen-Cremes, <strong>Smoothies<\/strong>, <strong>Getr\u00e4nken<\/strong> oder <strong>nahrhaften Babymahlzeiten<\/strong> geeignet ist. Sie k\u00f6nnen ihn auch zum Zerkleinern von weichem Obst und Gem\u00fcse sowie <strong>Pasten<\/strong>,  Kr\u00e4utern, <strong>Fleisch<\/strong>, <strong>N\u00fcssen<\/strong>, <strong>K\u00e4se<\/strong>, <strong>hart gekochten Eiern<\/strong> und <strong>Zwiebeln<\/strong> verwenden.<\/p>\n","protected":false},"excerpt":{"rendered":"<p>Der moderne Stabmixer ist mit Metallklingen ausgestattet und hat eine maximale Leistung von 200 Watt. Der P\u00fcrierstab ist sehr n\u00fctzlich bei der Aufrechterhaltung einer gesunden Ern\u00e4hrung. Dank ihm werden Sie sich um Ihre Gesundheit und Sch\u00f6nheit k\u00fcmmern. D<\/p>\n","protected":false},"featured_media":12943,"comment_status":"open","ping_status":"closed","template":"","meta":[],"product_brand":[],"product_cat":[605],"product_tag":[],"class_list":{"0":"post-18316","1":"product","2":"type-product","3":"status-publish","4":"has-post-thumbnail","6":"product_cat-blendery","8":"first","9":"instock","10":"taxable","11":"shipping-taxable","12":"product-type-simple"},"_links":{"self":[{"href":"https:\/\/gltestm.webology.pl\/de\/wp-json\/wp\/v2\/product\/18316","targetHints":{"allow":["GET"]}}],"collection":[{"href":"https:\/\/gltestm.webology.pl\/de\/wp-json\/wp\/v2\/product"}],"about":[{"href":"https:\/\/gltestm.webology.pl\/de\/wp-json\/wp\/v2\/types\/product"}],"replies":[{"embeddable":true,"href":"https:\/\/gltestm.webology.pl\/de\/wp-json\/wp\/v2\/comments?post=18316"}],"version-history":[{"count":0,"href":"https:\/\/gltestm.webology.pl\/de\/wp-json\/wp\/v2\/product\/18316\/revisions"}],"wp:featuredmedia":[{"embeddable":true,"href":"https:\/\/gltestm.webology.pl\/de\/wp-json\/wp\/v2\/media\/12943"}],"wp:attachment":[{"href":"https:\/\/gltestm.webology.pl\/de\/wp-json\/wp\/v2\/media?parent=18316"}],"wp:term":[{"taxonomy":"product_brand","embeddable":true,"href":"https:\/\/gltestm.webology.pl\/de\/wp-json\/wp\/v2\/product_brand?post=18316"},{"taxonomy":"product_cat","embeddable":true,"href":"https:\/\/gltestm.webology.pl\/de\/wp-json\/wp\/v2\/product_cat?post=18316"},{"taxonomy":"product_tag","embeddable":true,"href":"https:\/\/gltestm.webology.pl\/de\/wp-json\/wp\/v2\/product_tag?post=18316"}],"curies":[{"name":"wp","href":"https:\/\/api.w.org\/{rel}","templated":true}]}}